{"id":7803,"date":"2021-03-03T10:02:02","date_gmt":"2021-03-03T10:02:02","guid":{"rendered":"https:\/\/hunghau.vn\/?page_id=7803"},"modified":"2025-11-06T07:05:36","modified_gmt":"2025-11-06T07:05:36","slug":"tuyen-dung","status":"publish","type":"page","link":"https:\/\/hunghau.vn\/vi\/tuyen-dung\/","title":{"rendered":"Tuy\u1ec3n d\u1ee5ng"},"content":{"rendered":"\n\t<section class=\"section\" id=\"section_1018018452\">\n\t\t<div class=\"section-bg fill\" >\n\t\t\t\t\t\t\t\t\t\n\t\t\t\n\n\t\t<\/div>\n\n\t\t\n\n\t\t<div class=\"section-content relative\">\n\t\t\t\n<div class=\"slider-wrapper relative\" id=\"slider-883972410\" >\n    <div class=\"slider slider-nav-circle slider-nav-large slider-nav-light slider-style-normal\"\n        data-flickity-options='{\n            \"cellAlign\": \"center\",\n            \"imagesLoaded\": true,\n            \"lazyLoad\": 1,\n            \"freeScroll\": false,\n            \"wrapAround\": true,\n            \"autoPlay\": 6000,\n            \"pauseAutoPlayOnHover\" : true,\n            \"prevNextButtons\": true,\n            \"contain\" : true,\n            \"adaptiveHeight\" : true,\n            \"dragThreshold\" : 10,\n            \"percentPosition\": true,\n            \"pageDots\": true,\n            \"rightToLeft\": false,\n            \"draggable\": true,\n            \"selectedAttraction\": 0.1,\n            \"parallax\" : 0,\n            \"friction\": 0.6        }'\n        >\n        \n\t<div class=\"img has-hover x md-x lg-x y md-y lg-y\" id=\"image_396033206\">\n\t\t\t\t\t\t\t\t<div class=\"img-inner dark\" >\n\t\t\t<img fetchpriority=\"high\" decoding=\"async\" width=\"1920\" height=\"700\" src=\"https:\/\/hunghau.vn\/wp-content\/uploads\/2024\/07\/tuyen_dung.png\" class=\"attachment-large size-large\" alt=\"\" srcset=\"https:\/\/hunghau.vn\/wp-content\/uploads\/2024\/07\/tuyen_dung.png 1920w, https:\/\/hunghau.vn\/wp-content\/uploads\/2024\/07\/tuyen_dung-768x280.png 768w, https:\/\/hunghau.vn\/wp-content\/uploads\/2024\/07\/tuyen_dung-1536x560.png 1536w\" sizes=\"(max-width: 1920px) 100vw, 1920px\" \/>\t\t\t\t\t\t\n\t\t\t\t\t<\/div>\n\t\t\t\t\t\t\t\t\n<style>\n#image_396033206 {\n  width: 100%;\n}\n<\/style>\n\t<\/div>\n\t\n     <\/div>\n\n     <div class=\"loading-spin dark large centered\"><\/div>\n\n\t<\/div>\n\n\n\t\t<\/div>\n\n\t\t\n<style>\n#section_1018018452 {\n  padding-top: 0px;\n  padding-bottom: 0px;\n}\n<\/style>\n\t<\/section>\n\t\n\n\t<section class=\"section\" id=\"section_1768368435\">\n\t\t<div class=\"section-bg fill\" >\n\t\t\t\t\t\t\t\t\t\n\t\t\t\n\n\t\t<\/div>\n\n\t\t\n\n\t\t<div class=\"section-content relative\">\n\t\t\t\n<div class=\"row row-collapse align-center\"  id=\"row-1303465223\">\n\n\t<div id=\"col-1018779679\" class=\"col medium-4 small-12 large-4\"  >\n\t\t\t\t<div class=\"col-inner text-left\"  >\n\t\t\t\n\t\t\t\n<a href=\"https:\/\/hunghau.vn\/vi\/tuyen-dung\/cong-ty-cp-phat-trien-hung-hau\/\" target=\"_blank\" class=\"button primary is-xxlarge lowercase\" rel=\"noopener\" style=\"border-radius:10px;padding:0px 10px 0px 10px;\">\n\t\t<span>C\u00f4ng ty CP Ph\u00e1t tri\u1ec3n H\u00f9ng H\u1eadu<\/span>\n\t<\/a>\n\n<a href=\"https:\/\/hunghau.vn\/vi\/tuyen-dung\/cong-ty-co-phan-luc-giac\/\" target=\"_blank\" class=\"button secondary is-xxlarge lowercase\" rel=\"noopener\" style=\"border-radius:10px;\">\n\t\t<span>C\u00f4ng ty C\u1ed5 ph\u1ea7n L\u1ee5c gi\u00e1c<\/span>\n\t<\/a>\n\n<a href=\"https:\/\/hunghau.vn\/vi\/tuyen-dung\/cong-ty-cp-xay-dung-phat-trien-mien-tay\/\" target=\"_blank\" class=\"button primary is-xxlarge lowercase\" rel=\"noopener\" style=\"border-radius:10px;padding:0px 0px 0px 0px;\">\n\t\t<span>C\u00f4ng ty CP X\u00e2y d\u1ef1ng Ph\u00e1t tri\u1ec3n Mi\u1ec1n T\u00e2y<\/span>\n\t<\/a>\n\n\t\t<\/div>\n\t\t\t\t\t<\/div>\n\n\t\n\n\t<div id=\"col-993720633\" class=\"col medium-4 small-12 large-4\"  >\n\t\t\t\t<div class=\"col-inner text-left\"  >\n\t\t\t\n\t\t\t\n<a href=\"https:\/\/hunghau.vn\/vi\/tuyen-dung\/cong-ty-cp-nong-nghiep-hung-hau\/\" target=\"_blank\" class=\"button secondary is-xxlarge lowercase\" rel=\"noopener\" style=\"border-radius:10px;padding:0px 0px 0px 0px;\">\n\t\t<span>C\u00f4ng ty CP N\u00f4ng nghi\u1ec7p H\u00f9ng H\u1eadu<\/span>\n\t<\/a>\n\n<a href=\"https:\/\/hunghau.vn\/vi\/tuyen-dung\/he-sinh-thai-giao-duc-dai-hoc-van-hien\/\" target=\"_blank\" class=\"button primary is-xxlarge lowercase\" rel=\"noopener\" style=\"border-radius:10px;padding:0px 10px 0px 10px;\">\n\t\t<span>H\u1ec7 sinh th\u00e1i Gi\u00e1o d\u1ee5c \u0110\u1ea1i h\u1ecdc V\u0103n Hi\u1ebfn<\/span>\n\t<\/a>\n\n<a href=\"https:\/\/hunghau.vn\/vi\/tuyen-dung\/cong-ty-tnhh-hung-hau-viet-nam\/\" target=\"_blank\" class=\"button secondary is-xxlarge lowercase\" rel=\"noopener\" style=\"border-radius:10px;padding:0px 0px 0px 0px;\">\n\t\t<span>C\u00f4ng ty TNHH H\u00f9ng H\u1eadu Vi\u1ec7t Nam<\/span>\n\t<\/a>\n\n<a href=\"https:\/\/hunghau.vn\/vi\/tuyen-dung\/cong-ty-tnhh-xang-dau-hung-hau\/\" target=\"_blank\" class=\"button primary is-xxlarge lowercase\" rel=\"noopener\" style=\"border-radius:10px;padding:0px 10px 0px 10px;\">\n\t\t<span>C\u00f4ng ty TNHH X\u0103ng d\u1ea7u H\u00f9ng H\u1eadu<\/span>\n\t<\/a>\n\n\t\t<\/div>\n\t\t\t\t\t<\/div>\n\n\t\n\n\t<div id=\"col-1800264971\" class=\"col medium-4 small-12 large-4\"  >\n\t\t\t\t<div class=\"col-inner text-left\"  >\n\t\t\t\n\t\t\t\n<a href=\"https:\/\/hunghau.vn\/vi\/tuyen-dung\/cong-ty-cp-thuc-pham-hung-hau\/\" target=\"_blank\" class=\"button primary is-xxlarge lowercase\" rel=\"noopener\" style=\"border-radius:10px;padding:0px 0px 0px 0px;\">\n\t\t<span>C\u00f4ng ty CP Th\u1ef1c ph\u1ea9m H\u00f9ng H\u1eadu<\/span>\n\t<\/a>\n\n<a href=\"https:\/\/hunghau.vn\/vi\/tuyen-dung\/cong-ty-cp-dau-thuc-vat-tan-binh\/\" target=\"_blank\" class=\"button secondary is-xxlarge lowercase\" rel=\"noopener\" style=\"border-radius:10px;\">\n\t\t<span>C\u00f4ng ty CP D\u1ea7u th\u1ef1c v\u1eadt T\u00e2n B\u00ecnh<\/span>\n\t<\/a>\n\n<a href=\"https:\/\/hunghau.vn\/vi\/tuyen-dung\/cong-ty-tnhh-tai-nguyen-vien-dong\/\" target=\"_blank\" class=\"button primary is-xxlarge lowercase\" rel=\"noopener\" style=\"border-radius:10px;\">\n\t\t<span>C\u00f4ng ty TNHH T\u00e0i nguy\u00ean Vi\u1ec5n \u0110\u00f4ng<\/span>\n\t<\/a>\n\n\t\t<\/div>\n\t\t\t\t\t<\/div>\n\n\t\n<\/div>\n\t\t<\/div>\n\n\t\t\n<style>\n#section_1768368435 {\n  padding-top: 30px;\n  padding-bottom: 30px;\n}\n<\/style>\n\t<\/section>\n\t\n\n<div class=\"row\"  id=\"row-157882141\">\n\n\t<div id=\"col-2049609721\" class=\"col small-12 large-12\"  >\n\t\t\t\t<div class=\"col-inner\"  >\n\t\t\t\n\t\t\t\n<div class=\"slider-wrapper relative\" id=\"slider-3819655\" >\n    <div class=\"slider slider-nav-simple slider-nav-large slider-nav-dark slider-nav-outside slider-style-normal slider-show-nav\"\n        data-flickity-options='{\n            \"cellAlign\": \"center\",\n            \"imagesLoaded\": true,\n            \"lazyLoad\": 1,\n            \"freeScroll\": true,\n            \"wrapAround\": true,\n            \"autoPlay\": 6000,\n            \"pauseAutoPlayOnHover\" : true,\n            \"prevNextButtons\": true,\n            \"contain\" : true,\n            \"adaptiveHeight\" : true,\n            \"dragThreshold\" : 10,\n            \"percentPosition\": true,\n            \"pageDots\": false,\n            \"rightToLeft\": false,\n            \"draggable\": true,\n            \"selectedAttraction\": 0.1,\n            \"parallax\" : 0,\n            \"friction\": 0.6        }'\n        >\n        \n<div class=\"ux-logo has-hover align-middle ux_logo inline-block\" style=\"max-width: 100%!important; width: 130px!important\"><div class=\"ux-logo-link block image-zoom\" title=\"\" href=\"\" style=\"padding: 15px;\"><img decoding=\"async\" src=\"https:\/\/hunghau.vn\/wp-content\/uploads\/2022\/02\/logo-HHH-new.png\" title=\"\" alt=\"\" class=\"ux-logo-image block\" style=\"height:100px;\" \/><\/div><\/div>\n<div class=\"ux-logo has-hover align-middle ux_logo inline-block\" style=\"max-width: 100%!important; width: 214.8px!important\"><div class=\"ux-logo-link block image-zoom\" title=\"\" href=\"\" style=\"padding: 15px;\"><img decoding=\"async\" src=\"https:\/\/hunghau.vn\/wp-content\/uploads\/2021\/03\/2021-7.png\" title=\"\" alt=\"\" class=\"ux-logo-image block\" style=\"height:100px;\" \/><\/div><\/div>\n<div class=\"ux-logo has-hover align-middle ux_logo inline-block\" style=\"max-width: 100%!important; width: 214.8px!important\"><div class=\"ux-logo-link block image-zoom\" title=\"\" href=\"\" style=\"padding: 15px;\"><img decoding=\"async\" src=\"https:\/\/hunghau.vn\/wp-content\/uploads\/2021\/03\/2021-4.png\" title=\"\" alt=\"\" class=\"ux-logo-image block\" style=\"height:100px;\" \/><\/div><\/div>\n<div class=\"ux-logo has-hover align-middle ux_logo inline-block\" style=\"max-width: 100%!important; width: 214.8px!important\"><div class=\"ux-logo-link block image-zoom\" title=\"\" href=\"\" style=\"padding: 15px;\"><img decoding=\"async\" src=\"https:\/\/hunghau.vn\/wp-content\/uploads\/2021\/03\/2021-1.png\" title=\"\" alt=\"\" class=\"ux-logo-image block\" style=\"height:100px;\" \/><\/div><\/div>\n<div class=\"ux-logo has-hover align-middle ux_logo inline-block\" style=\"max-width: 100%!important; width: 130px!important\"><div class=\"ux-logo-link block image-zoom\" title=\"\" href=\"\" style=\"padding: 15px;\"><img decoding=\"async\" src=\"https:\/\/hunghau.vn\/wp-content\/uploads\/2024\/03\/Khoi-HHE.png\" title=\"\" alt=\"\" class=\"ux-logo-image block\" style=\"height:100px;\" \/><\/div><\/div>\n<div class=\"ux-logo has-hover align-middle ux_logo inline-block\" style=\"max-width: 100%!important; width: 214.8px!important\"><div class=\"ux-logo-link block image-zoom\" title=\"\" href=\"\" style=\"padding: 15px;\"><img decoding=\"async\" src=\"https:\/\/hunghau.vn\/wp-content\/uploads\/2021\/03\/2021-5.png\" title=\"\" alt=\"\" class=\"ux-logo-image block\" style=\"height:100px;\" \/><\/div><\/div>\n<div class=\"ux-logo has-hover align-middle ux_logo inline-block\" style=\"max-width: 100%!important; width: 214.8px!important\"><div class=\"ux-logo-link block image-zoom\" title=\"\" href=\"\" style=\"padding: 15px;\"><img decoding=\"async\" src=\"https:\/\/hunghau.vn\/wp-content\/uploads\/2021\/03\/2021-8.png\" title=\"\" alt=\"\" class=\"ux-logo-image block\" style=\"height:100px;\" \/><\/div><\/div>\n<div class=\"ux-logo has-hover align-middle ux_logo inline-block\" style=\"max-width: 100%!important; width: 214.8px!important\"><div class=\"ux-logo-link block image-zoom\" title=\"\" href=\"\" style=\"padding: 15px;\"><img decoding=\"async\" src=\"https:\/\/hunghau.vn\/wp-content\/uploads\/2021\/03\/2021-09.png\" title=\"\" alt=\"\" class=\"ux-logo-image block\" style=\"height:100px;\" \/><\/div><\/div>\n<div class=\"ux-logo has-hover align-middle ux_logo inline-block\" style=\"max-width: 100%!important; width: 214.8px!important\"><div class=\"ux-logo-link block image-zoom\" title=\"TEST\" href=\"\" style=\"padding: 15px;\"><img decoding=\"async\" src=\"https:\/\/hunghau.vn\/wp-content\/uploads\/2021\/03\/2021-3.png\" title=\"TEST\" alt=\"TEST\" class=\"ux-logo-image block\" style=\"height:100px;\" \/><\/div><\/div>\n<div class=\"ux-logo has-hover align-middle ux_logo inline-block\" style=\"max-width: 100%!important; width: 214.8px!important\"><div class=\"ux-logo-link block image-zoom\" title=\"\" href=\"\" style=\"padding: 15px;\"><img decoding=\"async\" src=\"https:\/\/hunghau.vn\/wp-content\/uploads\/2021\/03\/2021-2.png\" title=\"\" alt=\"\" class=\"ux-logo-image block\" style=\"height:100px;\" \/><\/div><\/div>\n<div class=\"ux-logo has-hover align-middle ux_logo inline-block\" style=\"max-width: 100%!important; width: 214.8px!important\"><div class=\"ux-logo-link block image-zoom\" title=\"\" href=\"\" style=\"padding: 15px;\"><img decoding=\"async\" src=\"https:\/\/hunghau.vn\/wp-content\/uploads\/2021\/03\/2021-10.png\" title=\"\" alt=\"\" class=\"ux-logo-image block\" style=\"height:100px;\" \/><\/div><\/div>\n     <\/div>\n\n     <div class=\"loading-spin dark large centered\"><\/div>\n\n\t<\/div>\n\n\n\t\t<\/div>\n\t\t\t\t\t<\/div>\n\n\t\n<\/div>\n","protected":false},"excerpt":{"rendered":"","protected":false},"author":1,"featured_media":0,"parent":0,"menu_order":0,"comment_status":"closed","ping_status":"closed","template":"page-blank.php","meta":{"h5ap_radio_sources":[],"footnotes":""},"class_list":["post-7803","page","type-page","status-publish","hentry"],"yoast_head":"<!-- This site is optimized with the Yoast SEO plugin v27.4 - https:\/\/yoast.com\/product\/yoast-seo-wordpress\/ -->\n<title>Tuy\u1ec3n d\u1ee5ng - HungHau Holdings<\/title>\n<meta name=\"robots\" content=\"index, follow, max-snippet:-1, max-image-preview:large, max-video-preview:-1\" \/>\n<link rel=\"canonical\" href=\"https:\/\/hunghau.vn\/vi\/tuyen-dung\/\" \/>\n<meta property=\"og:locale\" content=\"vi_VN\" \/>\n<meta property=\"og:type\" content=\"article\" \/>\n<meta property=\"og:title\" content=\"Tuy\u1ec3n d\u1ee5ng - HungHau Holdings\" \/>\n<meta property=\"og:url\" content=\"https:\/\/hunghau.vn\/vi\/tuyen-dung\/\" \/>\n<meta property=\"og:site_name\" content=\"HungHau Holdings\" \/>\n<meta property=\"article:modified_time\" content=\"2025-11-06T07:05:36+00:00\" \/>\n<meta name=\"twitter:card\" content=\"summary_large_image\" \/>\n<meta name=\"twitter:label1\" content=\"Est. reading time\" \/>\n\t<meta name=\"twitter:data1\" content=\"1 minute\" \/>\n<script type=\"application\/ld+json\" class=\"yoast-schema-graph\">{\"@context\":\"https:\\\/\\\/schema.org\",\"@graph\":[{\"@type\":\"WebPage\",\"@id\":\"https:\\\/\\\/hunghau.vn\\\/vi\\\/tuyen-dung\\\/\",\"url\":\"https:\\\/\\\/hunghau.vn\\\/vi\\\/tuyen-dung\\\/\",\"name\":\"Tuy\u1ec3n d\u1ee5ng - HungHau Holdings\",\"isPartOf\":{\"@id\":\"https:\\\/\\\/hunghau.vn\\\/#website\"},\"datePublished\":\"2021-03-03T10:02:02+00:00\",\"dateModified\":\"2025-11-06T07:05:36+00:00\",\"breadcrumb\":{\"@id\":\"https:\\\/\\\/hunghau.vn\\\/vi\\\/tuyen-dung\\\/#breadcrumb\"},\"inLanguage\":\"vi-VN\",\"potentialAction\":[{\"@type\":\"ReadAction\",\"target\":[\"https:\\\/\\\/hunghau.vn\\\/vi\\\/tuyen-dung\\\/\"]}]},{\"@type\":\"BreadcrumbList\",\"@id\":\"https:\\\/\\\/hunghau.vn\\\/vi\\\/tuyen-dung\\\/#breadcrumb\",\"itemListElement\":[{\"@type\":\"ListItem\",\"position\":1,\"name\":\"Home\",\"item\":\"https:\\\/\\\/hunghau.vn\\\/vi\\\/\"},{\"@type\":\"ListItem\",\"position\":2,\"name\":\"Tuy\u1ec3n d\u1ee5ng\"}]},{\"@type\":\"WebSite\",\"@id\":\"https:\\\/\\\/hunghau.vn\\\/#website\",\"url\":\"https:\\\/\\\/hunghau.vn\\\/\",\"name\":\"HungHau Holdings\",\"description\":\"\u0110\u1ea1i h\u1ecdc V\u0103n Hi\u1ebfn, N\u0103ng l\u01b0\u1ee3ng HungHau, N\u00f4ng nghi\u1ec7p HungHau, Th\u1ef1c ph\u1ea9m HungHau\",\"potentialAction\":[{\"@type\":\"SearchAction\",\"target\":{\"@type\":\"EntryPoint\",\"urlTemplate\":\"https:\\\/\\\/hunghau.vn\\\/?s={search_term_string}\"},\"query-input\":{\"@type\":\"PropertyValueSpecification\",\"valueRequired\":true,\"valueName\":\"search_term_string\"}}],\"inLanguage\":\"vi-VN\"}]}<\/script>\n<!-- \/ Yoast SEO plugin. -->","yoast_head_json":{"title":"Tuy\u1ec3n d\u1ee5ng - HungHau Holdings","robots":{"index":"index","follow":"follow","max-snippet":"max-snippet:-1","max-image-preview":"max-image-preview:large","max-video-preview":"max-video-preview:-1"},"canonical":"https:\/\/hunghau.vn\/vi\/tuyen-dung\/","og_locale":"vi_VN","og_type":"article","og_title":"Tuy\u1ec3n d\u1ee5ng - HungHau Holdings","og_url":"https:\/\/hunghau.vn\/vi\/tuyen-dung\/","og_site_name":"HungHau Holdings","article_modified_time":"2025-11-06T07:05:36+00:00","twitter_card":"summary_large_image","twitter_misc":{"Est. reading time":"1 minute"},"schema":{"@context":"https:\/\/schema.org","@graph":[{"@type":"WebPage","@id":"https:\/\/hunghau.vn\/vi\/tuyen-dung\/","url":"https:\/\/hunghau.vn\/vi\/tuyen-dung\/","name":"Tuy\u1ec3n d\u1ee5ng - HungHau Holdings","isPartOf":{"@id":"https:\/\/hunghau.vn\/#website"},"datePublished":"2021-03-03T10:02:02+00:00","dateModified":"2025-11-06T07:05:36+00:00","breadcrumb":{"@id":"https:\/\/hunghau.vn\/vi\/tuyen-dung\/#breadcrumb"},"inLanguage":"vi-VN","potentialAction":[{"@type":"ReadAction","target":["https:\/\/hunghau.vn\/vi\/tuyen-dung\/"]}]},{"@type":"BreadcrumbList","@id":"https:\/\/hunghau.vn\/vi\/tuyen-dung\/#breadcrumb","itemListElement":[{"@type":"ListItem","position":1,"name":"Home","item":"https:\/\/hunghau.vn\/vi\/"},{"@type":"ListItem","position":2,"name":"Tuy\u1ec3n d\u1ee5ng"}]},{"@type":"WebSite","@id":"https:\/\/hunghau.vn\/#website","url":"https:\/\/hunghau.vn\/","name":"HungHau Holdings","description":"\u0110\u1ea1i h\u1ecdc V\u0103n Hi\u1ebfn, N\u0103ng l\u01b0\u1ee3ng HungHau, N\u00f4ng nghi\u1ec7p HungHau, Th\u1ef1c ph\u1ea9m HungHau","potentialAction":[{"@type":"SearchAction","target":{"@type":"EntryPoint","urlTemplate":"https:\/\/hunghau.vn\/?s={search_term_string}"},"query-input":{"@type":"PropertyValueSpecification","valueRequired":true,"valueName":"search_term_string"}}],"inLanguage":"vi-VN"}]}},"_links":{"self":[{"href":"https:\/\/hunghau.vn\/vi\/wp-json\/wp\/v2\/pages\/7803","targetHints":{"allow":["GET"]}}],"collection":[{"href":"https:\/\/hunghau.vn\/vi\/wp-json\/wp\/v2\/pages"}],"about":[{"href":"https:\/\/hunghau.vn\/vi\/wp-json\/wp\/v2\/types\/page"}],"author":[{"embeddable":true,"href":"https:\/\/hunghau.vn\/vi\/wp-json\/wp\/v2\/users\/1"}],"replies":[{"embeddable":true,"href":"https:\/\/hunghau.vn\/vi\/wp-json\/wp\/v2\/comments?post=7803"}],"version-history":[{"count":14,"href":"https:\/\/hunghau.vn\/vi\/wp-json\/wp\/v2\/pages\/7803\/revisions"}],"predecessor-version":[{"id":10215,"href":"https:\/\/hunghau.vn\/vi\/wp-json\/wp\/v2\/pages\/7803\/revisions\/10215"}],"wp:attachment":[{"href":"https:\/\/hunghau.vn\/vi\/wp-json\/wp\/v2\/media?parent=7803"}],"curies":[{"name":"wp","href":"https:\/\/api.w.org\/{rel}","templated":true}]}}