{"id":6273,"date":"2019-06-19T02:59:04","date_gmt":"2019-06-19T02:59:04","guid":{"rendered":"https:\/\/hunghau.holdings\/?page_id=6273"},"modified":"2026-03-04T07:12:46","modified_gmt":"2026-03-04T07:12:46","slug":"gia-tri-cot-loi","status":"publish","type":"page","link":"https:\/\/hunghau.vn\/vi\/gia-tri-cot-loi\/","title":{"rendered":"Gi\u00e1 tr\u1ecb c\u1ed1t l\u00f5i"},"content":{"rendered":"\n\t<section class=\"section linhvuc dark\" id=\"section_1727154937\">\n\t\t<div class=\"section-bg fill\" >\n\t\t\t<img fetchpriority=\"high\" decoding=\"async\" width=\"1398\" height=\"870\" src=\"https:\/\/hunghau.vn\/wp-content\/uploads\/2018\/01\/background-home.jpg\" class=\"bg attachment- size-\" alt=\"\" \/>\t\t\t\t\t\t\n\t\t\t\n\n\t\t<\/div>\n\n\t\t\n\n\t\t<div class=\"section-content relative\">\n\t\t\t\n<div class=\"row row-large align-middle\"  id=\"row-923705016\">\n\n\t<div id=\"col-1568632017\" class=\"col medium-6 small-12 large-6\"  >\n\t\t\t\t<div class=\"col-inner text-left\"  >\n\t\t\t\n\t\t\t\n<h4 style=\"text-align: left;\"><strong>GI\u00c1 TR\u1eca C\u1ed0T L\u00d5I<\/strong><\/h4>\n<p><strong>HARMONY &#8211; HEART &#8211; HOUSE<\/strong><\/p>\n<p><strong>HARMONY (\u0110\u1ed2NG THU\u1eacN)<br \/><\/strong>HungHau Holdings lu\u00f4n t\u00ecm ki\u1ebfm s\u1ef1 \u0111\u1ed3ng thu\u1eadn t\u1eeb c\u00e1c \u0111\u1ed1i t\u00e1c, c\u1ed5 \u0111\u00f4ng v\u00e0 ng\u01b0\u1eddi lao \u0111\u1ed9ng nh\u1eb1m t\u1ea1o ra v\u00e0 duy tr\u00ec l\u1ee3i \u00edch t\u1ed1t nh\u1ea5t cho c\u00e1c b\u00ean.<\/p>\n<p><strong>HOUSE (NG\u00d4I NH\u00c0 H\u00d9NG H\u1eacU)<br \/><\/strong>HungHau Holdings x\u00e2y d\u1ef1ng m\u1ed9t m\u00f4i tr\u01b0\u1eddng doanh nghi\u1ec7p \u0111\u1ed3ng nh\u1ea5t v\u1edbi h\u00ecnh \u1ea3nh Ng\u00f4i nh\u00e0 chung c\u00e0ng ng\u00e0y c\u00e0ng m\u1edf r\u1ed9ng v\u00e0 ph\u00e1t tri\u1ec3n b\u1ec1n v\u1eefng t\u1ea1o s\u1ef1 g\u1eafn k\u1ebft l\u00e2u d\u00e0i v\u00e0 \u1ed5n \u0111\u1ecbnh trong C\u00f4ng ty.<\/p>\n<p><strong>HEART (TR\u00c1I TIM H\u00d9NG H\u1eacU)<br \/><\/strong>HungHau Holdings \u0111\u1eb7t ch\u1eef \u201cT\u00e2m\u201d l\u00e0m kim ch\u1ec9 nam ho\u1ea1t \u0111\u1ed9ng, th\u00f4ng qua vi\u1ec7c nghi\u00ean c\u1ee9u v\u00e0 t\u1ea1o ra c\u00e1c s\u1ea3n ph\u1ea9m, d\u1ecbch v\u1ee5 uy t\u00edn, c\u00f3 ch\u1ea5t l\u01b0\u1ee3ng c\u0169ng nh\u01b0 kh\u00f4ng ng\u1eebng tham gia c\u00e1c ho\u1ea1t \u0111\u1ed9ng x\u00e3 h\u1ed9i, c\u00e1c ch\u01b0\u01a1ng tr\u00ecnh t\u1eeb thi\u1ec7n nh\u1eb1m chia s\u1ebb tr\u00e1ch nhi\u1ec7m v\u00e0 lan t\u1ecfa t\u00ecnh th\u01b0\u01a1ng v\u1edbi c\u1ed9ng \u0111\u1ed3ng x\u00e3 h\u1ed9i.<\/p>\n\t\t<\/div>\n\t\t\t\t\t<\/div>\n\n\t\n\n\t<div id=\"col-1360331137\" class=\"col medium-6 small-12 large-6\"  >\n\t\t\t\t<div class=\"col-inner\"  >\n\t\t\t\n\t\t\t\n\t<div class=\"img has-hover x md-x lg-x y md-y lg-y\" id=\"image_894381978\">\n\t\t\t\t\t\t\t\t<div class=\"img-inner dark\" >\n\t\t\t<img decoding=\"async\" width=\"1000\" height=\"866\" src=\"https:\/\/hunghau.vn\/wp-content\/uploads\/2026\/03\/HHH-hoavan.png\" class=\"attachment-large size-large\" alt=\"\" srcset=\"https:\/\/hunghau.vn\/wp-content\/uploads\/2026\/03\/HHH-hoavan.png 1000w, https:\/\/hunghau.vn\/wp-content\/uploads\/2026\/03\/HHH-hoavan-768x665.png 768w\" sizes=\"(max-width: 1000px) 100vw, 1000px\" \/>\t\t\t\t\t\t\n\t\t\t\t\t<\/div>\n\t\t\t\t\t\t\t\t\n<style>\n#image_894381978 {\n  width: 100%;\n}\n<\/style>\n\t<\/div>\n\t\n\t\t<\/div>\n\t\t\t\t\t<\/div>\n\n\t\n<\/div>\n\t\t<\/div>\n\n\t\t\n<style>\n#section_1727154937 {\n  padding-top: 30px;\n  padding-bottom: 30px;\n  background-color: rgb(255,255,255);\n}\n<\/style>\n\t<\/section>\n\t\n\n\t<section class=\"section linhvuc\" id=\"section_696185048\">\n\t\t<div class=\"section-bg fill\" >\n\t\t\t\t\t\t\t\t\t\n\t\t\t\n\n\t\t<\/div>\n\n\t\t\n\n\t\t<div class=\"section-content relative\">\n\t\t\t\n<div class=\"row row-large align-middle\"  id=\"row-88543549\">\n\n\t<div id=\"col-1593402654\" class=\"col medium-6 small-12 large-6\"  >\n\t\t\t\t<div class=\"col-inner dark\"  >\n\t\t\t\n\t\t\t\n\t<div class=\"img has-hover x md-x lg-x y md-y lg-y\" id=\"image_1144549010\">\n\t\t\t\t\t\t<div data-animate=\"fadeInLeft\">\t\t<div class=\"img-inner dark\" >\n\t\t\t<img decoding=\"async\" width=\"600\" height=\"400\" src=\"https:\/\/hunghau.vn\/wp-content\/uploads\/2019\/07\/van-hoa-doanh-nghiep.jpg\" class=\"attachment-large size-large\" alt=\"\" \/>\t\t\t\t\t\t\n\t\t\t\t\t<\/div>\n\t\t<\/div>\t\t\t\t\t\t\n<style>\n#image_1144549010 {\n  width: 100%;\n}\n<\/style>\n\t<\/div>\n\t\n\t\t<\/div>\n\t\t\t\t\t<\/div>\n\n\t\n\n\t<div id=\"col-1576688753\" class=\"col medium-6 small-12 large-6\"  >\n\t\t\t\t<div class=\"col-inner text-left\"  >\n\t\t\t\n\t\t\t\n<h4 style=\"text-align: left;\"><strong>V\u0102N H\u00d3A DOANH NGHI\u1ec6P<\/strong><\/h4>\n<p>HungHau\u202fHoldings\u202ft\u1ef1 h\u00e0o x\u00e2y d\u1ef1ng v\u0103n h\u00f3a doanh nghi\u1ec7p mang b\u1ea3n s\u1eafc v\u00e0 c\u00e1 t\u00ednh ri\u00eang. V\u0103n h\u00f3a HungHau\u202fHoldings\u202fmang\u202f\u0111\u1eadm t\u00ednh nh\u00e2n v\u0103n, t\u00ecnh th\u00e2n \u00e1i, tinh th\u1ea7n k\u1ef7 lu\u1eadt;\u202f\u0111\u01b0\u1ee3c x\u00e2y d\u1ef1ng v\u00e0 vun\u202f\u0111\u1eafp b\u1eb1ng tr\u00ed tu\u1ec7 v\u00e0 s\u1ee9c s\u00e1ng t\u1ea1o kh\u00f4ng ng\u1eebng c\u1ee7a t\u1eadp th\u1ec3 l\u00e3nh\u202f\u0111\u1ea1o, c\u00e1n b\u1ed9 nh\u00e2n vi\u00ean.\u202f <\/p>\n<p>V\u0103n h\u00f3a HungHau\u202fHoldings\u202f\u0111\u01b0\u1ee3c c\u00e1c th\u1ebf h\u1ec7 nh\u00e2n vi\u00ean\u202f\u0111\u00f3n nh\u1eadn, g\u00ecn gi\u1eef, x\u00e2y d\u1ef1ng v\u00e0 ph\u00e1t huy qua th\u1eddi gian, coi\u202f\u0111\u00f3\u202fnh\u01b0\u202fm\u1ed9t t\u00e0i s\u1ea3n qu\u00fd b\u00e1u bao g\u1ed3m: TR\u00cd TU\u1ec6, T\u1ef0 TIN, T\u1eacN T\u00c2M,\u202fT\u1eacP\u202fTRUNG,\u202fT\u0102NG T\u1ed0C, T\u1ea4T TH\u1eaeNG!\u202f<\/p>\n\t\t<\/div>\n\t\t\t\t\t<\/div>\n\n\t\n<\/div>\n\t\t<\/div>\n\n\t\t\n<style>\n#section_696185048 {\n  padding-top: 30px;\n  padding-bottom: 30px;\n  background-color: rgb(255,255,255);\n}\n<\/style>\n\t<\/section>\n\t\n\n\t<section class=\"section linhvuc\" id=\"section_999468072\">\n\t\t<div class=\"section-bg fill\" >\n\t\t\t<img fetchpriority=\"high\" decoding=\"async\" width=\"1398\" height=\"870\" src=\"https:\/\/hunghau.vn\/wp-content\/uploads\/2018\/01\/background-home.jpg\" class=\"bg attachment- size-\" alt=\"\" \/>\t\t\t\t\t\t\n\t\t\t\n\n\t\t<\/div>\n\n\t\t\n\n\t\t<div class=\"section-content relative\">\n\t\t\t\n<div class=\"row row-large align-middle\"  id=\"row-1466550624\">\n\n\t<div id=\"col-704899805\" class=\"col medium-6 small-12 large-6\"  >\n\t\t\t\t<div class=\"col-inner\"  >\n\t\t\t\n\t\t\t\n\t<div class=\"img has-hover x md-x lg-x y md-y lg-y\" id=\"image_1833606814\">\n\t\t\t\t\t\t<div data-animate=\"fadeInLeft\">\t\t<div class=\"img-inner dark\" >\n\t\t\t<img loading=\"lazy\" decoding=\"async\" width=\"500\" height=\"500\" src=\"https:\/\/hunghau.vn\/wp-content\/uploads\/2018\/05\/tam-nhin-su-m\u1eb9nh.png\" class=\"attachment-large size-large\" alt=\"\" srcset=\"https:\/\/hunghau.vn\/wp-content\/uploads\/2018\/05\/tam-nhin-su-m\u1eb9nh.png 500w, https:\/\/hunghau.vn\/wp-content\/uploads\/2018\/05\/tam-nhin-su-m\u1eb9nh-150x150.png 150w, https:\/\/hunghau.vn\/wp-content\/uploads\/2018\/05\/tam-nhin-su-m\u1eb9nh-300x300.png 300w\" sizes=\"(max-width: 500px) 100vw, 500px\" \/>\t\t\t\t\t\t\n\t\t\t\t\t<\/div>\n\t\t<\/div>\t\t\t\t\t\t\n<style>\n#image_1833606814 {\n  width: 100%;\n}\n<\/style>\n\t<\/div>\n\t\n\t\t<\/div>\n\t\t\t\t\t<\/div>\n\n\t\n\n\t<div id=\"col-247638456\" class=\"col medium-6 small-12 large-6\"  >\n\t\t\t\t<div class=\"col-inner text-left dark\"  >\n\t\t\t\n\t\t\t\n<h4 style=\"text-align: left;\"><strong>T\u1ea6M NH\u00ccN<\/strong><\/h4>\n<p>HungHau\u00a0Holdings\u00a0ph\u1ea5n\u00a0\u0111\u1ea5u\u00a0tr\u1edf th\u00e0nh\u00a01 trong\u00a0Top\u00a0100 Doanh nghi\u1ec7p h\u00e0ng\u00a0\u0111\u1ea7u khu v\u1ef1c Ch\u00e2u \u00c1 trong l\u0129nh v\u1ef1c\u00a0<strong>N\u00f4ng nghi\u1ec7p,\u00a0N\u0103ng l\u01b0\u1ee3ng,\u00a0C\u00f4ng nghi\u1ec7p v\u00e0\u00a0Gi\u00e1o d\u1ee5c<\/strong>\u00a0d\u1ef1a tr\u00ean s\u1ef1 n\u1ed7 l\u1ef1c h\u1ebft m\u00ecnh c\u1ee7a m\u1ecdi c\u00e1 nh\u00e2n;\u00a0g\u00f3p ph\u1ea7n thay\u00a0\u0111\u1ed5i n\u1ec1n n\u00f4ng nghi\u1ec7p Vi\u1ec7t Nam theo h\u01b0\u1edbng hi\u1ec7n\u00a0\u0111\u1ea1i;\u00a0t\u1ea1o n\u00ean m\u1ed9t th\u01b0\u01a1ng hi\u1ec7u Vi\u1ec7t mang t\u1ea7m v\u00f3c tr\u00ed tu\u1ec7 v\u00e0 th\u1ec3 hi\u1ec7n ni\u1ec1m t\u1ef1 h\u00e0o Vi\u1ec7t Nam tr\u00ean tr\u01b0\u1eddng qu\u1ed1c t\u1ebf.<\/p>\n<h4><strong>S\u1ee8 M\u1ec6NH<\/strong><\/h4>\n<p>Mang l\u1ea1i nh\u1eefng gi\u00e1 tr\u1ecb v\u00e0 s\u1ef1 h\u00e0i l\u00f2ng cao nh\u1ea5t cho kh\u00e1ch h\u00e0ng b\u1eb1ng ch\u1ea5t\u00a0l\u01b0\u1ee3ng\u00a0t\u1ed1t nh\u1ea5t; t\u1ea1o d\u1ef1ng m\u1ed9t m\u00f4i tr\u01b0\u1eddng chuy\u00ean nghi\u1ec7p,\u00a0n\u0103ng\u00a0\u0111\u1ed9ng, s\u00e1ng t\u1ea1o,\u00a0th\u00e2n thi\u1ec7n\u00a0l\u00e0 n\u01a1i h\u1ed9i t\u1ee5 v\u00e0 ph\u00e1t tri\u1ec3n nh\u00e2n t\u00e0i.\u00a0<\/p>\n\t\t<\/div>\n\t\t\t\t\t<\/div>\n\n\t\n<\/div>\n\t\t<\/div>\n\n\t\t\n<style>\n#section_999468072 {\n  padding-top: 30px;\n  padding-bottom: 30px;\n  background-color: rgb(255,255,255);\n}\n<\/style>\n\t<\/section>\n\t\n\n\t<section class=\"section\" id=\"section_1829265129\">\n\t\t<div class=\"section-bg fill\" >\n\t\t\t<img fetchpriority=\"high\" decoding=\"async\" width=\"1398\" height=\"870\" src=\"https:\/\/hunghau.vn\/wp-content\/uploads\/2018\/01\/background-home.jpg\" class=\"bg attachment- size-\" alt=\"\" \/>\t\t\t\t\t\t\n\t\t\t\n\n\t\t<\/div>\n\n\t\t\n\n\t\t<div class=\"section-content relative\">\n\t\t\t\n<div class=\"row align-middle align-center\"  id=\"row-1728601141\">\n\n\t<div id=\"col-786850495\" class=\"col small-12 large-12\"  >\n\t\t\t\t<div class=\"col-inner\"  >\n\t\t\t\n\t\t\t\n<div class='white' style='background:rgba(0,0,0,0); border:solid 0px rgba(0,0,0,0); border-radius:0px; padding:20px 0px 0px 0px;'>\n<div id='slider_4792' class='owl-carousel sa_owl_theme autohide-arrows' data-slider-id='slider_4792' style='visibility:hidden;'>\n<div id='slider_4792_slide01' class='sa_hover_container' style='padding:0% 0%; margin:0px 0%; background-image:url(&quot;https:\/\/hunghau.vn\/wp-content\/uploads\/2018\/02\/Vhu-logo.png&quot;); background-position:center center; background-size:contain; background-repeat:no-repeat; '><div class='sa_hover_buttons' style='top:50%; left:50%; margin-top:-20px; margin-left:-20px;'><a class='sa_slide_link_icon' href='#' target='_self' title='' aria-label=''><\/a><\/div>\n<\/div>\n<div id='slider_4792_slide02' class='sa_hover_container' style='padding:0% 0%; margin:0px 0%; background-image:url(&quot;https:\/\/hunghau.vn\/wp-content\/uploads\/2024\/10\/HEB.png&quot;); background-position:center center; background-size:contain; background-repeat:no-repeat; '><div class='sa_hover_buttons' style='top:50%; left:50%; margin-top:-20px; margin-left:-20px;'><a class='sa_slide_link_icon' href='#' target='_self' title='' aria-label=''><\/a><\/div>\n<\/div>\n<div id='slider_4792_slide03' class='sa_hover_container' style='padding:0% 0%; margin:0px 0%; background-image:url(&quot;https:\/\/hunghau.vn\/wp-content\/uploads\/2018\/02\/Van-Hanh-logo.png&quot;); background-position:center center; background-size:contain; background-repeat:no-repeat; '><\/div>\n<div id='slider_4792_slide04' class='sa_hover_container' style='padding:0% 0%; margin:0px 0%; background-image:url(&quot;https:\/\/hunghau.vn\/wp-content\/uploads\/2018\/05\/Van-Tuong-logo.png&quot;); background-position:center center; background-size:contain; background-repeat:no-repeat; '><\/div>\n<div id='slider_4792_slide05' class='sa_hover_container' style='padding:0% 0%; margin:0px 0%; background-image:url(&quot;https:\/\/hunghau.vn\/wp-content\/uploads\/2024\/10\/HEA.png&quot;); background-position:center center; background-size:contain; background-repeat:no-repeat; '><\/div>\n<div id='slider_4792_slide06' class='sa_hover_container' style='padding:0% 0%; margin:0px 0%; background-image:url(&quot;https:\/\/hunghau.vn\/wp-content\/uploads\/2024\/10\/Logo_HappyFood_2017_Final-1.png&quot;); background-position:center center; background-size:contain; background-repeat:no-repeat; '><\/div>\n<div id='slider_4792_slide07' class='sa_hover_container' style='padding:0% 0%; margin:0px 0%; background-image:url(&quot;https:\/\/hunghau.vn\/wp-content\/uploads\/2018\/01\/HappyNoodle-logo.png&quot;); background-position:center center; background-size:contain; background-repeat:no-repeat; '><\/div>\n<div id='slider_4792_slide08' class='sa_hover_container' style='padding:0% 0%; margin:0px 0%; background-image:url(&quot;https:\/\/hunghau.vn\/wp-content\/uploads\/2018\/01\/Dong-Thap-FC-logo.png&quot;); background-position:center center; background-size:contain; background-repeat:no-repeat; '><\/div>\n<div id='slider_4792_slide09' class='sa_hover_container' style='padding:0% 0%; margin:0px 0%; background-image:url(&quot;https:\/\/hunghau.vn\/wp-content\/uploads\/2018\/05\/logo-HHA.png&quot;); background-position:center center; background-size:contain; background-repeat:no-repeat; '><\/div>\n<div id='slider_4792_slide10' class='sa_hover_container' style='padding:0% 0%; margin:0px 0%; background-image:url(&quot;https:\/\/hunghau.vn\/wp-content\/uploads\/2018\/05\/logo-HHB.png&quot;); background-position:center center; background-size:contain; background-repeat:no-repeat; '><\/div>\n<div id='slider_4792_slide11' class='sa_hover_container' style='padding:0% 0%; margin:0px 0%; background-image:url(&quot;https:\/\/hunghau.vn\/wp-content\/uploads\/2018\/05\/logo-HHC.png&quot;); background-position:center center; background-size:contain; background-repeat:no-repeat; '><\/div>\n<div id='slider_4792_slide12' class='sa_hover_container' style='padding:0% 0%; margin:0px 0%; background-image:url(&quot;https:\/\/hunghau.vn\/wp-content\/uploads\/2018\/05\/logo-HHD.png&quot;); background-position:center center; background-size:contain; background-repeat:no-repeat; '><\/div>\n<div id='slider_4792_slide13' class='sa_hover_container' style='padding:0% 0%; margin:0px 0%; background-image:url(&quot;https:\/\/hunghau.vn\/wp-content\/uploads\/2018\/01\/HEDU-logo.png&quot;); background-position:center center; background-size:contain; background-repeat:no-repeat; '><\/div>\n<div id='slider_4792_slide14' class='sa_hover_container' style='padding:0% 0%; margin:0px 0%; background-image:url(&quot;https:\/\/hunghau.vn\/wp-content\/uploads\/2018\/05\/logo-HHF.png&quot;); background-position:center center; background-size:contain; background-repeat:no-repeat; '><\/div>\n<\/div>\n<\/div>\n<script type='text\/javascript'>\n\tjQuery(document).ready(function() {\n\t\tjQuery('#slider_4792').owlCarousel({\n\t\t\tresponsive:{\n\t\t\t\t0:{ items:1 },\n\t\t\t\t480:{ items:2 },\n\t\t\t\t768:{ items:3 },\n\t\t\t\t980:{ items:8 },\n\t\t\t\t1200:{ items:8 },\n\t\t\t\t1500:{ items:8 }\n\t\t\t},\n\t\t\tautoplay : true,\n\t\t\tautoplayTimeout : 5000,\n\t\t\tautoplayHoverPause : true,\n\t\t\tsmartSpeed : 200,\n\t\t\tfluidSpeed : 200,\n\t\t\tautoplaySpeed : 200,\n\t\t\tnavSpeed : 200,\n\t\t\tdotsSpeed : 200,\n\t\t\tloop : true,\n\t\t\tnav : true,\n\t\t\tnavText : ['Previous','Next'],\n\t\t\tdots : false,\n\t\t\tresponsiveRefreshRate : 200,\n\t\t\tslideBy : 1,\n\t\t\tmergeFit : true,\n\t\t\tautoHeight : false,\n\t\t\tmouseDrag : true,\n\t\t\ttouchDrag : true\n\t\t});\n\t\tjQuery('#slider_4792').css('visibility', 'visible');\n\t\tsa_resize_slider_4792();\n\t\twindow.addEventListener('resize', sa_resize_slider_4792);\n\t\tfunction sa_resize_slider_4792() {\n\t\t\tvar min_height = '60';\n\t\t\tvar win_width = jQuery(window).width();\n\t\t\tvar slider_width = jQuery('#slider_4792').width();\n\t\t\tif (win_width < 480) {\n\t\t\t\tvar slide_width = slider_width \/ 1;\n\t\t\t} else if (win_width < 768) {\n\t\t\t\tvar slide_width = slider_width \/ 2;\n\t\t\t} else if (win_width < 980) {\n\t\t\t\tvar slide_width = slider_width \/ 3;\n\t\t\t} else if (win_width < 1200) {\n\t\t\t\tvar slide_width = slider_width \/ 8;\n\t\t\t} else if (win_width < 1500) {\n\t\t\t\tvar slide_width = slider_width \/ 8;\n\t\t\t} else {\n\t\t\t\tvar slide_width = slider_width \/ 8;\n\t\t\t}\n\t\t\tslide_width = Math.round(slide_width);\n\t\t\tvar slide_height = '0';\n\t\t\tif (min_height == 'aspect43') {\n\t\t\t\tslide_height = (slide_width \/ 4) * 3;\t\t\t\tslide_height = Math.round(slide_height);\n\t\t\t} else if (min_height == 'aspect169') {\n\t\t\t\tslide_height = (slide_width \/ 16) * 9;\t\t\t\tslide_height = Math.round(slide_height);\n\t\t\t} else {\n\t\t\t\tslide_height = (slide_width \/ 100) * min_height;\t\t\t\tslide_height = Math.round(slide_height);\n\t\t\t}\n\t\t\tjQuery('#slider_4792 .owl-item .sa_hover_container').css('min-height', slide_height+'px');\n\t\t}\n\t\tvar owl_goto = jQuery('#slider_4792');\n\t\tjQuery('.slider_4792_goto1').click(function(event){\n\t\t\towl_goto.trigger('to.owl.carousel', 0);\n\t\t});\n\t\tjQuery('.slider_4792_goto2').click(function(event){\n\t\t\towl_goto.trigger('to.owl.carousel', 1);\n\t\t});\n\t\tjQuery('.slider_4792_goto3').click(function(event){\n\t\t\towl_goto.trigger('to.owl.carousel', 2);\n\t\t});\n\t\tjQuery('.slider_4792_goto4').click(function(event){\n\t\t\towl_goto.trigger('to.owl.carousel', 3);\n\t\t});\n\t\tjQuery('.slider_4792_goto5').click(function(event){\n\t\t\towl_goto.trigger('to.owl.carousel', 4);\n\t\t});\n\t\tjQuery('.slider_4792_goto6').click(function(event){\n\t\t\towl_goto.trigger('to.owl.carousel', 5);\n\t\t});\n\t\tjQuery('.slider_4792_goto7').click(function(event){\n\t\t\towl_goto.trigger('to.owl.carousel', 6);\n\t\t});\n\t\tjQuery('.slider_4792_goto8').click(function(event){\n\t\t\towl_goto.trigger('to.owl.carousel', 7);\n\t\t});\n\t\tjQuery('.slider_4792_goto9').click(function(event){\n\t\t\towl_goto.trigger('to.owl.carousel', 8);\n\t\t});\n\t\tjQuery('.slider_4792_goto10').click(function(event){\n\t\t\towl_goto.trigger('to.owl.carousel', 9);\n\t\t});\n\t\tjQuery('.slider_4792_goto11').click(function(event){\n\t\t\towl_goto.trigger('to.owl.carousel', 10);\n\t\t});\n\t\tjQuery('.slider_4792_goto12').click(function(event){\n\t\t\towl_goto.trigger('to.owl.carousel', 11);\n\t\t});\n\t\tjQuery('.slider_4792_goto13').click(function(event){\n\t\t\towl_goto.trigger('to.owl.carousel', 12);\n\t\t});\n\t\tjQuery('.slider_4792_goto14').click(function(event){\n\t\t\towl_goto.trigger('to.owl.carousel', 13);\n\t\t});\n\t\tvar resize_4792 = jQuery('.owl-carousel');\n\t\tresize_4792.on('initialized.owl.carousel', function(e) {\n\t\t\tif (typeof(Event) === 'function') {\n\t\t\t\twindow.dispatchEvent(new Event('resize'));\n\t\t\t} else {\n\t\t\t\tvar evt = window.document.createEvent('UIEvents');\n\t\t\t\tevt.initUIEvent('resize', true, false, window, 0);\n\t\t\t\twindow.dispatchEvent(evt);\n\t\t\t}\n\t\t});\n\t});\n<\/script>\n\n\t\t<\/div>\n\t\t\t\t\t<\/div>\n\n\t\n<\/div>\n\t\t<\/div>\n\n\t\t\n<style>\n#section_1829265129 {\n  padding-top: 30px;\n  padding-bottom: 30px;\n  background-color: rgb(255,255,255);\n}\n<\/style>\n\t<\/section>\n\t\n","protected":false},"excerpt":{"rendered":"","protected":false},"author":1,"featured_media":0,"parent":0,"menu_order":0,"comment_status":"closed","ping_status":"closed","template":"page-transparent-header.php","meta":{"h5ap_radio_sources":[],"footnotes":""},"class_list":["post-6273","page","type-page","status-publish","hentry"],"yoast_head":"<!-- This site is optimized with the Yoast SEO plugin v27.3 - https:\/\/yoast.com\/product\/yoast-seo-wordpress\/ -->\n<title>Gi\u00e1 tr\u1ecb c\u1ed1t l\u00f5i - HungHau Holdings<\/title>\n<meta name=\"robots\" content=\"index, follow, max-snippet:-1, max-image-preview:large, max-video-preview:-1\" \/>\n<link rel=\"canonical\" href=\"https:\/\/hunghau.vn\/vi\/gia-tri-cot-loi\/\" \/>\n<meta property=\"og:locale\" content=\"vi_VN\" \/>\n<meta property=\"og:type\" content=\"article\" \/>\n<meta property=\"og:title\" content=\"Gi\u00e1 tr\u1ecb c\u1ed1t l\u00f5i - HungHau Holdings\" \/>\n<meta property=\"og:url\" content=\"https:\/\/hunghau.vn\/vi\/gia-tri-cot-loi\/\" \/>\n<meta property=\"og:site_name\" content=\"HungHau Holdings\" \/>\n<meta property=\"article:modified_time\" content=\"2026-03-04T07:12:46+00:00\" \/>\n<meta name=\"twitter:card\" content=\"summary_large_image\" \/>\n<meta name=\"twitter:label1\" content=\"Est. reading time\" \/>\n\t<meta name=\"twitter:data1\" content=\"4 minutes\" \/>\n<script type=\"application\/ld+json\" class=\"yoast-schema-graph\">{\"@context\":\"https:\\\/\\\/schema.org\",\"@graph\":[{\"@type\":\"WebPage\",\"@id\":\"https:\\\/\\\/hunghau.vn\\\/vi\\\/gia-tri-cot-loi\\\/\",\"url\":\"https:\\\/\\\/hunghau.vn\\\/vi\\\/gia-tri-cot-loi\\\/\",\"name\":\"Gi\u00e1 tr\u1ecb c\u1ed1t l\u00f5i - HungHau Holdings\",\"isPartOf\":{\"@id\":\"https:\\\/\\\/hunghau.vn\\\/#website\"},\"datePublished\":\"2019-06-19T02:59:04+00:00\",\"dateModified\":\"2026-03-04T07:12:46+00:00\",\"breadcrumb\":{\"@id\":\"https:\\\/\\\/hunghau.vn\\\/vi\\\/gia-tri-cot-loi\\\/#breadcrumb\"},\"inLanguage\":\"vi-VN\",\"potentialAction\":[{\"@type\":\"ReadAction\",\"target\":[\"https:\\\/\\\/hunghau.vn\\\/vi\\\/gia-tri-cot-loi\\\/\"]}]},{\"@type\":\"BreadcrumbList\",\"@id\":\"https:\\\/\\\/hunghau.vn\\\/vi\\\/gia-tri-cot-loi\\\/#breadcrumb\",\"itemListElement\":[{\"@type\":\"ListItem\",\"position\":1,\"name\":\"Home\",\"item\":\"https:\\\/\\\/hunghau.vn\\\/vi\\\/\"},{\"@type\":\"ListItem\",\"position\":2,\"name\":\"Gi\u00e1 tr\u1ecb c\u1ed1t l\u00f5i\"}]},{\"@type\":\"WebSite\",\"@id\":\"https:\\\/\\\/hunghau.vn\\\/#website\",\"url\":\"https:\\\/\\\/hunghau.vn\\\/\",\"name\":\"HungHau Holdings\",\"description\":\"\u0110\u1ea1i h\u1ecdc V\u0103n Hi\u1ebfn, N\u0103ng l\u01b0\u1ee3ng HungHau, N\u00f4ng nghi\u1ec7p HungHau, Th\u1ef1c ph\u1ea9m HungHau\",\"potentialAction\":[{\"@type\":\"SearchAction\",\"target\":{\"@type\":\"EntryPoint\",\"urlTemplate\":\"https:\\\/\\\/hunghau.vn\\\/?s={search_term_string}\"},\"query-input\":{\"@type\":\"PropertyValueSpecification\",\"valueRequired\":true,\"valueName\":\"search_term_string\"}}],\"inLanguage\":\"vi-VN\"}]}<\/script>\n<!-- \/ Yoast SEO plugin. -->","yoast_head_json":{"title":"Gi\u00e1 tr\u1ecb c\u1ed1t l\u00f5i - HungHau Holdings","robots":{"index":"index","follow":"follow","max-snippet":"max-snippet:-1","max-image-preview":"max-image-preview:large","max-video-preview":"max-video-preview:-1"},"canonical":"https:\/\/hunghau.vn\/vi\/gia-tri-cot-loi\/","og_locale":"vi_VN","og_type":"article","og_title":"Gi\u00e1 tr\u1ecb c\u1ed1t l\u00f5i - HungHau Holdings","og_url":"https:\/\/hunghau.vn\/vi\/gia-tri-cot-loi\/","og_site_name":"HungHau Holdings","article_modified_time":"2026-03-04T07:12:46+00:00","twitter_card":"summary_large_image","twitter_misc":{"Est. reading time":"4 minutes"},"schema":{"@context":"https:\/\/schema.org","@graph":[{"@type":"WebPage","@id":"https:\/\/hunghau.vn\/vi\/gia-tri-cot-loi\/","url":"https:\/\/hunghau.vn\/vi\/gia-tri-cot-loi\/","name":"Gi\u00e1 tr\u1ecb c\u1ed1t l\u00f5i - HungHau Holdings","isPartOf":{"@id":"https:\/\/hunghau.vn\/#website"},"datePublished":"2019-06-19T02:59:04+00:00","dateModified":"2026-03-04T07:12:46+00:00","breadcrumb":{"@id":"https:\/\/hunghau.vn\/vi\/gia-tri-cot-loi\/#breadcrumb"},"inLanguage":"vi-VN","potentialAction":[{"@type":"ReadAction","target":["https:\/\/hunghau.vn\/vi\/gia-tri-cot-loi\/"]}]},{"@type":"BreadcrumbList","@id":"https:\/\/hunghau.vn\/vi\/gia-tri-cot-loi\/#breadcrumb","itemListElement":[{"@type":"ListItem","position":1,"name":"Home","item":"https:\/\/hunghau.vn\/vi\/"},{"@type":"ListItem","position":2,"name":"Gi\u00e1 tr\u1ecb c\u1ed1t l\u00f5i"}]},{"@type":"WebSite","@id":"https:\/\/hunghau.vn\/#website","url":"https:\/\/hunghau.vn\/","name":"HungHau Holdings","description":"\u0110\u1ea1i h\u1ecdc V\u0103n Hi\u1ebfn, N\u0103ng l\u01b0\u1ee3ng HungHau, N\u00f4ng nghi\u1ec7p HungHau, Th\u1ef1c ph\u1ea9m HungHau","potentialAction":[{"@type":"SearchAction","target":{"@type":"EntryPoint","urlTemplate":"https:\/\/hunghau.vn\/?s={search_term_string}"},"query-input":{"@type":"PropertyValueSpecification","valueRequired":true,"valueName":"search_term_string"}}],"inLanguage":"vi-VN"}]}},"_links":{"self":[{"href":"https:\/\/hunghau.vn\/vi\/wp-json\/wp\/v2\/pages\/6273","targetHints":{"allow":["GET"]}}],"collection":[{"href":"https:\/\/hunghau.vn\/vi\/wp-json\/wp\/v2\/pages"}],"about":[{"href":"https:\/\/hunghau.vn\/vi\/wp-json\/wp\/v2\/types\/page"}],"author":[{"embeddable":true,"href":"https:\/\/hunghau.vn\/vi\/wp-json\/wp\/v2\/users\/1"}],"replies":[{"embeddable":true,"href":"https:\/\/hunghau.vn\/vi\/wp-json\/wp\/v2\/comments?post=6273"}],"version-history":[{"count":2,"href":"https:\/\/hunghau.vn\/vi\/wp-json\/wp\/v2\/pages\/6273\/revisions"}],"predecessor-version":[{"id":10383,"href":"https:\/\/hunghau.vn\/vi\/wp-json\/wp\/v2\/pages\/6273\/revisions\/10383"}],"wp:attachment":[{"href":"https:\/\/hunghau.vn\/vi\/wp-json\/wp\/v2\/media?parent=6273"}],"curies":[{"name":"wp","href":"https:\/\/api.w.org\/{rel}","templated":true}]}}