{"id":6038,"date":"2019-06-05T08:25:41","date_gmt":"2019-06-05T08:25:41","guid":{"rendered":"https:\/\/hunghau.holdings\/?page_id=6038"},"modified":"2020-11-06T09:48:17","modified_gmt":"2020-11-06T09:48:17","slug":"thuc-pham-hung-hau","status":"publish","type":"page","link":"https:\/\/hunghau.vn\/vi\/thuc-pham-hung-hau\/","title":{"rendered":"Th\u1ef1c ph\u1ea9m H\u00f9ng H\u1eadu"},"content":{"rendered":"\n\n\t<section class=\"section linhvuc\" id=\"section_1299839334\">\n\t\t<div class=\"section-bg fill\" >\n\t\t\t<img fetchpriority=\"high\" decoding=\"async\" width=\"1921\" height=\"1080\" src=\"https:\/\/hunghau.vn\/wp-content\/uploads\/2019\/06\/BG-Cong_myH-02.jpg\" class=\"bg attachment- size-\" alt=\"\" \/>\t\t\t\t\t\t\n\t\t\t\n\n\t\t<\/div>\n\n\t\t\n\n\t\t<div class=\"section-content relative\">\n\t\t\t\n<div class=\"row row-large align-middle\"  id=\"row-689340912\">\n\n\t<div id=\"col-820820994\" class=\"col medium-6 small-12 large-6\"  >\n\t\t\t\t<div class=\"col-inner text-left dark\"  >\n\t\t\t\n\t\t\t\n<h1 style=\"text-align: justify;\"><strong>Th\u1ef1c ph\u1ea9m H\u00f9ng H\u1eadu<\/strong><\/h1>\n<p style=\"text-align: justify;\">V\u1edbi \u0111\u1ed9i ng\u0169 nh\u00e2n s\u1ef1 tr\u00ean 20 n\u0103m kinh nghi\u1ec7m, Kh\u1ed1i Th\u1ef1c ph\u1ea9m tham gia s\u1ea3n xu\u1ea5t, ch\u1ebf bi\u1ebfn v\u00e0 xu\u1ea5t kh\u1ea9u c\u00e1c s\u1ea3n ph\u1ea9m rau v\u00e0 tr\u00e1i c\u00e2y (d\u01b0\u1edbi d\u1ea1ng t\u01b0\u01a1i, \u0111\u00f4ng l\u1ea1nh, s\u1ea5y kh\u00f4, h\u1ea5p, chi\u00ean\u2026), c\u00e1c lo\u1ea1i m\u00ec nui b\u00fan Happy Noodles c\u00f3 gi\u00e1 tr\u1ecb dinh d\u01b0\u1ee1ng cao c\u00f9ng v\u1edbi c\u00e1c lo\u1ea1i b\u00e1nh ng\u1ecdt OCHAO, n\u01b0\u1edbc gi\u1ea3i kh\u00e1t HODZO ph\u1ee5c v\u1ee5 cho h\u00e0ng tri\u1ec7u ng\u01b0\u1eddi ti\u00eau d\u00f9ng trong v\u00e0 ngo\u00e0i n\u01b0\u1edbc. S\u1ea3n ph\u1ea9m \u1ed1ng h\u00fat g\u1ea1o OCHAO c\u1ee7a kh\u1ed1i c\u0169ng \u0111ang \u0111\u01b0\u1ee3c nhi\u1ec1u ng\u01b0\u1eddi ti\u00eau d\u00f9ng quan t\u00e2m v\u00e0 \u1ee7ng h\u1ed9 khi \u0111\u01b0\u1ee3c s\u1ea3n xu\u1ea5t t\u1eeb b\u1ed9t g\u1ea1o, c\u00f3 th\u1ec3 thay th\u1ebf \u1ed1ng h\u00fat nh\u1ef1a, g\u00f3p ph\u1ea7n b\u1ea3o v\u1ec7 m\u00f4i tr\u01b0\u1eddng t\u1ef1 nhi\u00ean kh\u00f4ng ch\u1ec9 \u1edf Vi\u1ec7t Nam m\u00e0 tr\u00ean to\u00e0n th\u1ebf gi\u1edbi.<\/p>\n<a data-animate=\"fadeInLeft\" href=\"https:\/\/foods.hunghau.vn\/\" target=\"_blank\" class=\"button white is-outline\" rel=\"noopener\" style=\"border-radius:99px;\">\n\t\t<span>Chi ti\u1ebft<\/span>\n\t<i class=\"icon-angle-right\" aria-hidden=\"true\"><\/i><\/a>\n\n\t\t<\/div>\n\t\t\t\t\t<\/div>\n\n\t\n\n\t<div id=\"col-26578430\" class=\"col medium-6 small-12 large-6\"  >\n\t\t\t\t<div class=\"col-inner dark\"  >\n\t\t\t\n\t\t\t\n<div class=\"accordion\">\n\t<div id=\"accordion-2470658059\" class=\"accordion-item\">\n\t\t<a id=\"accordion-2470658059-label\" class=\"accordion-title plain active\" href=\"#accordion-item-c\u00f4ng-ty-tnhh-th\u1ef1c-ph\u1ea9m-h\u00f9ng-h\u1eadu\" aria-expanded=\"true\" aria-controls=\"accordion-2470658059-content\">\n\t\t\t<button class=\"toggle\" aria-label=\"Toggle\"><i class=\"icon-angle-down\" aria-hidden=\"true\"><\/i><\/button>\n\t\t\t<span>C\u00f4ng ty TNHH Th\u1ef1c ph\u1ea9m H\u00f9ng H\u1eadu<\/span>\n\t\t<\/a>\n\t\t<div id=\"accordion-2470658059-content\" class=\"accordion-inner\" style=\"display: block;\" aria-labelledby=\"accordion-2470658059-label\">\n\t\t\t\n<div class=\"row row-collapse row-full-width\"  id=\"row-692002379\">\n\n\t<div id=\"col-2104283114\" class=\"col medium-4 small-12 large-4\"  >\n\t\t\t\t<div class=\"col-inner\"  >\n\t\t\t\n\t\t\t\n\t<div class=\"img has-hover x md-x lg-x y md-y lg-y\" id=\"image_2002312460\">\n\t\t\t\t\t\t\t\t<div class=\"img-inner dark\" >\n\t\t\t<img decoding=\"async\" width=\"300\" height=\"300\" src=\"https:\/\/hunghau.vn\/wp-content\/uploads\/2019\/06\/HHF-logo.png\" class=\"attachment-large size-large\" alt=\"\" \/>\t\t\t\t\t\t\n\t\t\t\t\t<\/div>\n\t\t\t\t\t\t\t\t\n<style>\n#image_2002312460 {\n  width: 100%;\n}\n<\/style>\n\t<\/div>\n\t\n\t\t<\/div>\n\t\t\t\t\t<\/div>\n\n\t\n\n\t<div id=\"col-1864621868\" class=\"col medium-8 small-12 large-8\"  >\n\t\t\t\t<div class=\"col-inner text-left\"  >\n\t\t\t\n\t\t\t\n<div class=\"info\"><strong>T\u00ean giao d\u1ecbch:<\/strong> <strong>C\u00f4ng ty TNHH Th\u1ef1c ph\u1ea9m H\u00f9ng H\u1eadu <\/strong><\/div>\n\t\t<\/div>\n\t\t\t\t\t<\/div>\n\n\t\n<\/div>\n\t\t<\/div>\n\t<\/div>\n\t\n\t<div id=\"accordion-3179284552\" class=\"accordion-item\">\n\t\t<a id=\"accordion-3179284552-label\" class=\"accordion-title plain\" href=\"#accordion-item-c\u00f4ng-ty-tnhh-nha-m\u00e2n-(hfn)\" aria-expanded=\"false\" aria-controls=\"accordion-3179284552-content\">\n\t\t\t<button class=\"toggle\" aria-label=\"Toggle\"><i class=\"icon-angle-down\" aria-hidden=\"true\"><\/i><\/button>\n\t\t\t<span>C\u00f4ng ty TNHH Nha M\u00e2n (HFN)<\/span>\n\t\t<\/a>\n\t\t<div id=\"accordion-3179284552-content\" class=\"accordion-inner\" aria-labelledby=\"accordion-3179284552-label\">\n\t\t\t\n<div class=\"row row-collapse row-full-width\"  id=\"row-812583594\">\n\n\t<div id=\"col-1549817411\" class=\"col medium-4 small-12 large-4\"  >\n\t\t\t\t<div class=\"col-inner\"  >\n\t\t\t\n\t\t\t\n\t<div class=\"img has-hover x md-x lg-x y md-y lg-y\" id=\"image_1759918175\">\n\t\t\t\t\t\t\t\t<div class=\"img-inner dark\" >\n\t\t\t<img decoding=\"async\" width=\"300\" height=\"300\" src=\"https:\/\/hunghau.vn\/wp-content\/uploads\/2019\/06\/HHF-logo.png\" class=\"attachment-large size-large\" alt=\"\" \/>\t\t\t\t\t\t\n\t\t\t\t\t<\/div>\n\t\t\t\t\t\t\t\t\n<style>\n#image_1759918175 {\n  width: 100%;\n}\n<\/style>\n\t<\/div>\n\t\n\t\t<\/div>\n\t\t\t\t\t<\/div>\n\n\t\n\n\t<div id=\"col-2023979137\" class=\"col medium-8 small-12 large-8\"  >\n\t\t\t\t<div class=\"col-inner text-left\"  >\n\t\t\t\n\t\t\t\n<div class=\"info\"><strong>T\u00ean giao d\u1ecbch:<\/strong> <strong>NHA MAN CO.,LTD <\/strong><\/div>\n<div><\/div>\n<div class=\"info\"><strong>M\u00e3 s\u1ed1 thu\u1ebf:<\/strong> 1402052930<\/div>\n<div><\/div>\n<div class=\"info\"><strong>\u0110\u1ecba ch\u1ec9:<\/strong> Khu C, Khu C\u00f4ng nghi\u1ec7p Sa \u0110\u00e9c, Ph\u01b0\u1eddng T\u00e2n Quy \u0110\u00f4ng, Th\u1ecb x\u00e3 Sa \u0110\u00e9c, T\u1ec9nh \u0110\u1ed3ng Th\u00e1p<\/div>\n\t\t<\/div>\n\t\t\t\t\t<\/div>\n\n\t\n<\/div>\n\t\t<\/div>\n\t<\/div>\n\t\n\t<div id=\"accordion-1000839427\" class=\"accordion-item\">\n\t\t<a id=\"accordion-1000839427-label\" class=\"accordion-title plain\" href=\"#accordion-item-c\u00f4ng-ty-tnhh-rau-qu\u1ea3-h\u00f9ng-h\u1eadu-(hfv)\" aria-expanded=\"false\" aria-controls=\"accordion-1000839427-content\">\n\t\t\t<button class=\"toggle\" aria-label=\"Toggle\"><i class=\"icon-angle-down\" aria-hidden=\"true\"><\/i><\/button>\n\t\t\t<span>C\u00f4ng ty TNHH Rau Qu\u1ea3 H\u00f9ng H\u1eadu (HFV)<\/span>\n\t\t<\/a>\n\t\t<div id=\"accordion-1000839427-content\" class=\"accordion-inner\" aria-labelledby=\"accordion-1000839427-label\">\n\t\t\t\n<div class=\"row row-collapse row-full-width\"  id=\"row-661836560\">\n\n\t<div id=\"col-1165725675\" class=\"col medium-4 small-12 large-4\"  >\n\t\t\t\t<div class=\"col-inner\"  >\n\t\t\t\n\t\t\t\n\t<div class=\"img has-hover x md-x lg-x y md-y lg-y\" id=\"image_696982596\">\n\t\t\t\t\t\t\t\t<div class=\"img-inner dark\" >\n\t\t\t<img decoding=\"async\" width=\"300\" height=\"300\" src=\"https:\/\/hunghau.vn\/wp-content\/uploads\/2019\/06\/rau-cu-qua.png\" class=\"attachment-large size-large\" alt=\"\" \/>\t\t\t\t\t\t\n\t\t\t\t\t<\/div>\n\t\t\t\t\t\t\t\t\n<style>\n#image_696982596 {\n  width: 100%;\n}\n<\/style>\n\t<\/div>\n\t\n\t\t<\/div>\n\t\t\t\t\t<\/div>\n\n\t\n\n\t<div id=\"col-2138273024\" class=\"col medium-8 small-12 large-8\"  >\n\t\t\t\t<div class=\"col-inner text-left\"  >\n\t\t\t\n\t\t\t\n<div class=\"info\">\n<p><strong>T\u00ean giao d\u1ecbch: HUNG HAU VEGETABLE CO., LTD<\/strong><\/p>\n<p><strong>M\u00e3 s\u1ed1 thu\u1ebf:<\/strong> 1402052923<\/p>\n<p><strong>\u0110\u1ecba ch\u1ec9:<\/strong> S\u1ed1 45D\/TB, qu\u1ed1c l\u1ed9 54, \u1ea5p T\u00e2n B\u00ecnh, X\u00e3 T\u00e2n Th\u00e0nh, Huy\u1ec7n Lai Vung, T\u1ec9nh \u0110\u1ed3ng Th\u00e1p.<\/p>\n<\/div>\n\t\t<\/div>\n\t\t\t\t\t<\/div>\n\n\t\n<\/div>\n\t\t<\/div>\n\t<\/div>\n\t\n<\/div>\n\t\t<\/div>\n\t\t\t\t\t<\/div>\n\n\t\n<\/div>\n\t\t<\/div>\n\n\t\t\n<style>\n#section_1299839334 {\n  padding-top: 60px;\n  padding-bottom: 60px;\n  background-color: rgb(255,255,255);\n}\n<\/style>\n\t<\/section>\n\t\n","protected":false},"excerpt":{"rendered":"","protected":false},"author":1,"featured_media":0,"parent":0,"menu_order":0,"comment_status":"closed","ping_status":"closed","template":"page-transparent-header.php","meta":{"h5ap_radio_sources":[],"footnotes":""},"class_list":["post-6038","page","type-page","status-publish","hentry"],"yoast_head":"<!-- This site is optimized with the Yoast SEO plugin v27.2 - https:\/\/yoast.com\/product\/yoast-seo-wordpress\/ -->\n<title>Th\u1ef1c ph\u1ea9m H\u00f9ng H\u1eadu - HungHau Holdings<\/title>\n<meta name=\"robots\" content=\"index, follow, max-snippet:-1, max-image-preview:large, max-video-preview:-1\" \/>\n<link rel=\"canonical\" href=\"https:\/\/hunghau.vn\/vi\/thuc-pham-hung-hau\/\" \/>\n<meta property=\"og:locale\" content=\"vi_VN\" \/>\n<meta property=\"og:type\" content=\"article\" \/>\n<meta property=\"og:title\" content=\"Th\u1ef1c ph\u1ea9m H\u00f9ng H\u1eadu - HungHau Holdings\" \/>\n<meta property=\"og:url\" content=\"https:\/\/hunghau.vn\/vi\/thuc-pham-hung-hau\/\" \/>\n<meta property=\"og:site_name\" content=\"HungHau Holdings\" \/>\n<meta property=\"article:modified_time\" content=\"2020-11-06T09:48:17+00:00\" \/>\n<meta name=\"twitter:card\" content=\"summary_large_image\" \/>\n<meta name=\"twitter:label1\" content=\"Est. reading time\" \/>\n\t<meta name=\"twitter:data1\" content=\"3 minutes\" \/>\n<script type=\"application\/ld+json\" class=\"yoast-schema-graph\">{\"@context\":\"https:\/\/schema.org\",\"@graph\":[{\"@type\":\"WebPage\",\"@id\":\"https:\/\/hunghau.vn\/vi\/thuc-pham-hung-hau\/\",\"url\":\"https:\/\/hunghau.vn\/vi\/thuc-pham-hung-hau\/\",\"name\":\"Th\u1ef1c ph\u1ea9m H\u00f9ng H\u1eadu - HungHau Holdings\",\"isPartOf\":{\"@id\":\"https:\/\/hunghau.vn\/#website\"},\"datePublished\":\"2019-06-05T08:25:41+00:00\",\"dateModified\":\"2020-11-06T09:48:17+00:00\",\"breadcrumb\":{\"@id\":\"https:\/\/hunghau.vn\/vi\/thuc-pham-hung-hau\/#breadcrumb\"},\"inLanguage\":\"vi-VN\",\"potentialAction\":[{\"@type\":\"ReadAction\",\"target\":[\"https:\/\/hunghau.vn\/vi\/thuc-pham-hung-hau\/\"]}]},{\"@type\":\"BreadcrumbList\",\"@id\":\"https:\/\/hunghau.vn\/vi\/thuc-pham-hung-hau\/#breadcrumb\",\"itemListElement\":[{\"@type\":\"ListItem\",\"position\":1,\"name\":\"Home\",\"item\":\"https:\/\/hunghau.vn\/vi\/\"},{\"@type\":\"ListItem\",\"position\":2,\"name\":\"Th\u1ef1c ph\u1ea9m H\u00f9ng H\u1eadu\"}]},{\"@type\":\"WebSite\",\"@id\":\"https:\/\/hunghau.vn\/#website\",\"url\":\"https:\/\/hunghau.vn\/\",\"name\":\"HungHau Holdings\",\"description\":\"\u0110\u1ea1i h\u1ecdc V\u0103n Hi\u1ebfn, N\u0103ng l\u01b0\u1ee3ng HungHau, N\u00f4ng nghi\u1ec7p HungHau, Th\u1ef1c ph\u1ea9m HungHau\",\"potentialAction\":[{\"@type\":\"SearchAction\",\"target\":{\"@type\":\"EntryPoint\",\"urlTemplate\":\"https:\/\/hunghau.vn\/?s={search_term_string}\"},\"query-input\":{\"@type\":\"PropertyValueSpecification\",\"valueRequired\":true,\"valueName\":\"search_term_string\"}}],\"inLanguage\":\"vi-VN\"}]}<\/script>\n<!-- \/ Yoast SEO plugin. -->","yoast_head_json":{"title":"Th\u1ef1c ph\u1ea9m H\u00f9ng H\u1eadu - HungHau Holdings","robots":{"index":"index","follow":"follow","max-snippet":"max-snippet:-1","max-image-preview":"max-image-preview:large","max-video-preview":"max-video-preview:-1"},"canonical":"https:\/\/hunghau.vn\/vi\/thuc-pham-hung-hau\/","og_locale":"vi_VN","og_type":"article","og_title":"Th\u1ef1c ph\u1ea9m H\u00f9ng H\u1eadu - HungHau Holdings","og_url":"https:\/\/hunghau.vn\/vi\/thuc-pham-hung-hau\/","og_site_name":"HungHau Holdings","article_modified_time":"2020-11-06T09:48:17+00:00","twitter_card":"summary_large_image","twitter_misc":{"Est. reading time":"3 minutes"},"schema":{"@context":"https:\/\/schema.org","@graph":[{"@type":"WebPage","@id":"https:\/\/hunghau.vn\/vi\/thuc-pham-hung-hau\/","url":"https:\/\/hunghau.vn\/vi\/thuc-pham-hung-hau\/","name":"Th\u1ef1c ph\u1ea9m H\u00f9ng H\u1eadu - HungHau Holdings","isPartOf":{"@id":"https:\/\/hunghau.vn\/#website"},"datePublished":"2019-06-05T08:25:41+00:00","dateModified":"2020-11-06T09:48:17+00:00","breadcrumb":{"@id":"https:\/\/hunghau.vn\/vi\/thuc-pham-hung-hau\/#breadcrumb"},"inLanguage":"vi-VN","potentialAction":[{"@type":"ReadAction","target":["https:\/\/hunghau.vn\/vi\/thuc-pham-hung-hau\/"]}]},{"@type":"BreadcrumbList","@id":"https:\/\/hunghau.vn\/vi\/thuc-pham-hung-hau\/#breadcrumb","itemListElement":[{"@type":"ListItem","position":1,"name":"Home","item":"https:\/\/hunghau.vn\/vi\/"},{"@type":"ListItem","position":2,"name":"Th\u1ef1c ph\u1ea9m H\u00f9ng H\u1eadu"}]},{"@type":"WebSite","@id":"https:\/\/hunghau.vn\/#website","url":"https:\/\/hunghau.vn\/","name":"HungHau Holdings","description":"\u0110\u1ea1i h\u1ecdc V\u0103n Hi\u1ebfn, N\u0103ng l\u01b0\u1ee3ng HungHau, N\u00f4ng nghi\u1ec7p HungHau, Th\u1ef1c ph\u1ea9m HungHau","potentialAction":[{"@type":"SearchAction","target":{"@type":"EntryPoint","urlTemplate":"https:\/\/hunghau.vn\/?s={search_term_string}"},"query-input":{"@type":"PropertyValueSpecification","valueRequired":true,"valueName":"search_term_string"}}],"inLanguage":"vi-VN"}]}},"_links":{"self":[{"href":"https:\/\/hunghau.vn\/vi\/wp-json\/wp\/v2\/pages\/6038","targetHints":{"allow":["GET"]}}],"collection":[{"href":"https:\/\/hunghau.vn\/vi\/wp-json\/wp\/v2\/pages"}],"about":[{"href":"https:\/\/hunghau.vn\/vi\/wp-json\/wp\/v2\/types\/page"}],"author":[{"embeddable":true,"href":"https:\/\/hunghau.vn\/vi\/wp-json\/wp\/v2\/users\/1"}],"replies":[{"embeddable":true,"href":"https:\/\/hunghau.vn\/vi\/wp-json\/wp\/v2\/comments?post=6038"}],"version-history":[{"count":1,"href":"https:\/\/hunghau.vn\/vi\/wp-json\/wp\/v2\/pages\/6038\/revisions"}],"predecessor-version":[{"id":7636,"href":"https:\/\/hunghau.vn\/vi\/wp-json\/wp\/v2\/pages\/6038\/revisions\/7636"}],"wp:attachment":[{"href":"https:\/\/hunghau.vn\/vi\/wp-json\/wp\/v2\/media?parent=6038"}],"curies":[{"name":"wp","href":"https:\/\/api.w.org\/{rel}","templated":true}]}}