{"id":6034,"date":"2019-06-05T08:24:47","date_gmt":"2019-06-05T08:24:47","guid":{"rendered":"https:\/\/hunghau.holdings\/?page_id=6034"},"modified":"2025-04-10T09:06:46","modified_gmt":"2025-04-10T09:06:46","slug":"nong-nghiep-hung-hau","status":"publish","type":"page","link":"https:\/\/hunghau.vn\/vi\/nong-nghiep-hung-hau\/","title":{"rendered":"N\u00f4ng nghi\u1ec7p H\u00f9ng H\u1eadu"},"content":{"rendered":"\n\n\t<section class=\"section linhvuc dark\" id=\"section_892264882\">\n\t\t<div class=\"section-bg fill\" >\n\t\t\t<img fetchpriority=\"high\" decoding=\"async\" width=\"1920\" height=\"1080\" src=\"https:\/\/hunghau.vn\/wp-content\/uploads\/2019\/06\/BG-Cong_myH-01.jpg\" class=\"bg attachment- size-\" alt=\"\" \/>\t\t\t\t\t\t\n\t\t\t\n\n\t\t<\/div>\n\n\t\t\n\n\t\t<div class=\"section-content relative\">\n\t\t\t\n<div class=\"row row-large align-middle\"  id=\"row-1015505620\">\n\n\t<div id=\"col-423899046\" class=\"col medium-6 small-12 large-6\"  >\n\t\t\t\t<div class=\"col-inner text-left dark\"  >\n\t\t\t\n\t\t\t\n<h1 style=\"text-align: justify;\"><strong>N\u00f4ng nghi\u1ec7p H\u00f9ng H\u1eadu<\/strong><\/h1>\n<p>C\u00e1c s\u1ea3n ph\u1ea9m c\u1ee7a Kh\u1ed1i N\u00f4ng nghi\u1ec7p H\u00f9ng H\u1eadu v\u1edbi h\u01a1n 250 m\u1eb7t h\u00e0ng \u0111\u00e3 c\u00f3 m\u1eb7t t\u1ea1i 25 qu\u1ed1c gia tr\u00ean th\u1ebf gi\u1edbi, trong \u0111\u00f3 c\u00f3 c\u00e1c th\u1ecb tr\u01b0\u1eddng kh\u00f3 t\u00ednh nh\u01b0 Hoa K\u1ef3, Nh\u1eadt B\u1ea3n, Ch\u00e2u \u00c2u. \u1ede th\u1ecb tr\u01b0\u1eddng n\u1ed9i \u0111\u1ecba, c\u00e1c s\u1ea3n ph\u1ea9m HappyFood, HappyNoodles v\u1edbi ti\u00eau ch\u00ed cung c\u1ea5p<\/p>\n<p>nh\u1eefng m\u00f3n \u0103n \u0111\u1ea7y dinh d\u01b0\u1ee1ng nh\u01b0ng ti\u1ec7n l\u1ee3i, ti\u1ebft ki\u1ec7m th\u1eddi gian ch\u1ebf bi\u1ebfn, ph\u1ee5c v\u1ee5 t\u1ed1t nh\u1ea5t cho nhi\u1ec1u ng\u01b0\u1eddi ti\u00eau d\u00f9ng v\u00e0 c\u00e1c gia \u0111\u00ecnh Vi\u1ec7t Nam.<\/p>\n<div class=\"info\">Fanpage: <a href=\"https:\/\/facebook.com\/HungHauHoldings\">facebook.com\/HungHauHoldings<\/a><br \/>Hotline: +84 28 3974 1135<br \/>Website: <a href=\"https:\/\/agri.hunghau.vn\">www.agri.hunghau.vn<\/a><\/div>\n<a data-animate=\"fadeInLeft\" href=\"http:\/\/agri.hunghau.vn\/en\/\" target=\"_blank\" class=\"button white is-outline\" rel=\"noopener\" style=\"border-radius:99px;\">\n\t\t<span>Chi ti\u1ebft<\/span>\n\t<i class=\"icon-angle-right\" aria-hidden=\"true\"><\/i><\/a>\n\n\t\t<\/div>\n\t\t\t\t\t<\/div>\n\n\t\n\n<\/div>\n\t\t<\/div>\n\n\t\t\n<style>\n#section_892264882 {\n  padding-top: 30px;\n  padding-bottom: 30px;\n  background-color: rgb(255,255,255);\n}\n<\/style>\n\t<\/section>\n\t\n","protected":false},"excerpt":{"rendered":"","protected":false},"author":1,"featured_media":0,"parent":0,"menu_order":0,"comment_status":"closed","ping_status":"closed","template":"page-transparent-header.php","meta":{"h5ap_radio_sources":[],"footnotes":""},"class_list":["post-6034","page","type-page","status-publish","hentry"],"yoast_head":"<!-- This site is optimized with the Yoast SEO plugin v27.4 - https:\/\/yoast.com\/product\/yoast-seo-wordpress\/ -->\n<title>N\u00f4ng nghi\u1ec7p H\u00f9ng H\u1eadu - HungHau Holdings<\/title>\n<meta name=\"robots\" content=\"index, follow, max-snippet:-1, max-image-preview:large, max-video-preview:-1\" \/>\n<link rel=\"canonical\" href=\"https:\/\/hunghau.vn\/vi\/nong-nghiep-hung-hau\/\" \/>\n<meta property=\"og:locale\" content=\"vi_VN\" \/>\n<meta property=\"og:type\" content=\"article\" \/>\n<meta property=\"og:title\" content=\"N\u00f4ng nghi\u1ec7p H\u00f9ng H\u1eadu - HungHau Holdings\" \/>\n<meta property=\"og:url\" content=\"https:\/\/hunghau.vn\/vi\/nong-nghiep-hung-hau\/\" \/>\n<meta property=\"og:site_name\" content=\"HungHau Holdings\" \/>\n<meta property=\"article:modified_time\" content=\"2025-04-10T09:06:46+00:00\" \/>\n<meta name=\"twitter:card\" content=\"summary_large_image\" \/>\n<meta name=\"twitter:label1\" content=\"Est. reading time\" \/>\n\t<meta name=\"twitter:data1\" content=\"2 minutes\" \/>\n<script type=\"application\/ld+json\" class=\"yoast-schema-graph\">{\"@context\":\"https:\\\/\\\/schema.org\",\"@graph\":[{\"@type\":\"WebPage\",\"@id\":\"https:\\\/\\\/hunghau.vn\\\/vi\\\/nong-nghiep-hung-hau\\\/\",\"url\":\"https:\\\/\\\/hunghau.vn\\\/vi\\\/nong-nghiep-hung-hau\\\/\",\"name\":\"N\u00f4ng nghi\u1ec7p H\u00f9ng H\u1eadu - HungHau Holdings\",\"isPartOf\":{\"@id\":\"https:\\\/\\\/hunghau.vn\\\/#website\"},\"datePublished\":\"2019-06-05T08:24:47+00:00\",\"dateModified\":\"2025-04-10T09:06:46+00:00\",\"breadcrumb\":{\"@id\":\"https:\\\/\\\/hunghau.vn\\\/vi\\\/nong-nghiep-hung-hau\\\/#breadcrumb\"},\"inLanguage\":\"vi-VN\",\"potentialAction\":[{\"@type\":\"ReadAction\",\"target\":[\"https:\\\/\\\/hunghau.vn\\\/vi\\\/nong-nghiep-hung-hau\\\/\"]}]},{\"@type\":\"BreadcrumbList\",\"@id\":\"https:\\\/\\\/hunghau.vn\\\/vi\\\/nong-nghiep-hung-hau\\\/#breadcrumb\",\"itemListElement\":[{\"@type\":\"ListItem\",\"position\":1,\"name\":\"Home\",\"item\":\"https:\\\/\\\/hunghau.vn\\\/vi\\\/\"},{\"@type\":\"ListItem\",\"position\":2,\"name\":\"N\u00f4ng nghi\u1ec7p H\u00f9ng H\u1eadu\"}]},{\"@type\":\"WebSite\",\"@id\":\"https:\\\/\\\/hunghau.vn\\\/#website\",\"url\":\"https:\\\/\\\/hunghau.vn\\\/\",\"name\":\"HungHau Holdings\",\"description\":\"\u0110\u1ea1i h\u1ecdc V\u0103n Hi\u1ebfn, N\u0103ng l\u01b0\u1ee3ng HungHau, N\u00f4ng nghi\u1ec7p HungHau, Th\u1ef1c ph\u1ea9m HungHau\",\"potentialAction\":[{\"@type\":\"SearchAction\",\"target\":{\"@type\":\"EntryPoint\",\"urlTemplate\":\"https:\\\/\\\/hunghau.vn\\\/?s={search_term_string}\"},\"query-input\":{\"@type\":\"PropertyValueSpecification\",\"valueRequired\":true,\"valueName\":\"search_term_string\"}}],\"inLanguage\":\"vi-VN\"}]}<\/script>\n<!-- \/ Yoast SEO plugin. -->","yoast_head_json":{"title":"N\u00f4ng nghi\u1ec7p H\u00f9ng H\u1eadu - HungHau Holdings","robots":{"index":"index","follow":"follow","max-snippet":"max-snippet:-1","max-image-preview":"max-image-preview:large","max-video-preview":"max-video-preview:-1"},"canonical":"https:\/\/hunghau.vn\/vi\/nong-nghiep-hung-hau\/","og_locale":"vi_VN","og_type":"article","og_title":"N\u00f4ng nghi\u1ec7p H\u00f9ng H\u1eadu - HungHau Holdings","og_url":"https:\/\/hunghau.vn\/vi\/nong-nghiep-hung-hau\/","og_site_name":"HungHau Holdings","article_modified_time":"2025-04-10T09:06:46+00:00","twitter_card":"summary_large_image","twitter_misc":{"Est. reading time":"2 minutes"},"schema":{"@context":"https:\/\/schema.org","@graph":[{"@type":"WebPage","@id":"https:\/\/hunghau.vn\/vi\/nong-nghiep-hung-hau\/","url":"https:\/\/hunghau.vn\/vi\/nong-nghiep-hung-hau\/","name":"N\u00f4ng nghi\u1ec7p H\u00f9ng H\u1eadu - HungHau Holdings","isPartOf":{"@id":"https:\/\/hunghau.vn\/#website"},"datePublished":"2019-06-05T08:24:47+00:00","dateModified":"2025-04-10T09:06:46+00:00","breadcrumb":{"@id":"https:\/\/hunghau.vn\/vi\/nong-nghiep-hung-hau\/#breadcrumb"},"inLanguage":"vi-VN","potentialAction":[{"@type":"ReadAction","target":["https:\/\/hunghau.vn\/vi\/nong-nghiep-hung-hau\/"]}]},{"@type":"BreadcrumbList","@id":"https:\/\/hunghau.vn\/vi\/nong-nghiep-hung-hau\/#breadcrumb","itemListElement":[{"@type":"ListItem","position":1,"name":"Home","item":"https:\/\/hunghau.vn\/vi\/"},{"@type":"ListItem","position":2,"name":"N\u00f4ng nghi\u1ec7p H\u00f9ng H\u1eadu"}]},{"@type":"WebSite","@id":"https:\/\/hunghau.vn\/#website","url":"https:\/\/hunghau.vn\/","name":"HungHau Holdings","description":"\u0110\u1ea1i h\u1ecdc V\u0103n Hi\u1ebfn, N\u0103ng l\u01b0\u1ee3ng HungHau, N\u00f4ng nghi\u1ec7p HungHau, Th\u1ef1c ph\u1ea9m HungHau","potentialAction":[{"@type":"SearchAction","target":{"@type":"EntryPoint","urlTemplate":"https:\/\/hunghau.vn\/?s={search_term_string}"},"query-input":{"@type":"PropertyValueSpecification","valueRequired":true,"valueName":"search_term_string"}}],"inLanguage":"vi-VN"}]}},"_links":{"self":[{"href":"https:\/\/hunghau.vn\/vi\/wp-json\/wp\/v2\/pages\/6034","targetHints":{"allow":["GET"]}}],"collection":[{"href":"https:\/\/hunghau.vn\/vi\/wp-json\/wp\/v2\/pages"}],"about":[{"href":"https:\/\/hunghau.vn\/vi\/wp-json\/wp\/v2\/types\/page"}],"author":[{"embeddable":true,"href":"https:\/\/hunghau.vn\/vi\/wp-json\/wp\/v2\/users\/1"}],"replies":[{"embeddable":true,"href":"https:\/\/hunghau.vn\/vi\/wp-json\/wp\/v2\/comments?post=6034"}],"version-history":[{"count":4,"href":"https:\/\/hunghau.vn\/vi\/wp-json\/wp\/v2\/pages\/6034\/revisions"}],"predecessor-version":[{"id":9945,"href":"https:\/\/hunghau.vn\/vi\/wp-json\/wp\/v2\/pages\/6034\/revisions\/9945"}],"wp:attachment":[{"href":"https:\/\/hunghau.vn\/vi\/wp-json\/wp\/v2\/media?parent=6034"}],"curies":[{"name":"wp","href":"https:\/\/api.w.org\/{rel}","templated":true}]}}