{"id":6032,"date":"2019-06-05T08:24:19","date_gmt":"2019-06-05T08:24:19","guid":{"rendered":"https:\/\/hunghau.holdings\/?page_id=6032"},"modified":"2020-10-14T04:56:14","modified_gmt":"2020-10-14T04:56:14","slug":"giao-duc-hung-hau","status":"publish","type":"page","link":"https:\/\/hunghau.vn\/vi\/giao-duc-hung-hau\/","title":{"rendered":"Gi\u00e1o d\u1ee5c H\u00f9ng H\u1eadu"},"content":{"rendered":"\n\n\t<section class=\"section linhvuc\" id=\"section_1830807611\">\n\t\t<div class=\"section-bg fill\" >\n\t\t\t<img fetchpriority=\"high\" decoding=\"async\" width=\"1921\" height=\"1081\" src=\"https:\/\/hunghau.vn\/wp-content\/uploads\/2019\/06\/BG-Cong_myH-08.jpg\" class=\"bg attachment- size-\" alt=\"\" \/>\t\t\t\t\t\t\n\t\t\t\n\n\t\t<\/div>\n\n\t\t\n\n\t\t<div class=\"section-content relative\">\n\t\t\t\n<div class=\"row row-large align-middle\"  id=\"row-1267936963\">\n\n\t<div id=\"col-990095206\" class=\"col medium-6 small-12 large-6\"  >\n\t\t\t\t<div class=\"col-inner text-left dark\"  >\n\t\t\t\n\t\t\t\n<h1 style=\"text-align: left;\"><strong>Gi\u00e1o d\u1ee5c H\u00f9ng H\u1eadu<\/strong><\/h1>\n<p style=\"text-align: justify;\">V\u1edbi m\u1ee5c ti\u00eau h\u01b0\u1edbng t\u1edbi s\u1ef1 ph\u00e1t tri\u1ec3n nhanh ch\u00f3ng v\u00e0 b\u1ec1n v\u1eefng, v\u1edbi k\u1ef3 v\u1ecdng g\u00f3p ph\u1ea7n cung c\u1ea5p m\u1ed9t ngu\u1ed3n nh\u00e2n l\u1ef1c \u0111\u01b0\u1ee3c \u0111\u00e0o t\u1ea1o ch\u1ea5t l\u01b0\u1ee3ng, \u0111\u00e1p \u1ee9ng nhu c\u1ea7u c\u1ee7a x\u00e3 h\u1ed9i c\u0169ng nh\u01b0 g\u00ecn gi\u1eef, ph\u00e1t huy nh\u1eefng truy\u1ec1n th\u1ed1ng v\u00e0 v\u0103n h\u00f3a t\u1ed1t \u0111\u1eb9p c\u1ee7a Vi\u1ec7t Nam, HungHau Holdings \u0111\u00e3 \u0111\u1ea7u t\u01b0 v\u00e0 ph\u00e1t tri\u1ec3n H\u1ec7 th\u1ed1ng Gi\u00e1o d\u1ee5c HEDU \u0111\u00e0o t\u1ea1o t\u1eeb M\u1ea7m non \u0111\u1ebfn Ti\u1ebfn s\u0129 theo t\u00e1m thang b\u1eadc \u0111\u00e0o t\u1ea1o ng\u00e0nh ngh\u1ec1 c\u1ee7a Vi\u1ec7t Nam bao g\u1ed3m c\u00e1c tr\u01b0\u1eddng M\u1eabu gi\u00e1o, Ph\u1ed5 th\u00f4ng, Trung c\u1ea5p, Cao \u0111\u1eb3ng v\u00e0 \u0110\u1ea1i h\u1ecdc.<\/p>\n<a data-animate=\"fadeInLeft\" href=\"#\" class=\"button white is-outline\" style=\"border-radius:99px;\">\n\t\t<span>Chi ti\u1ebft<\/span>\n\t<i class=\"icon-angle-right\" aria-hidden=\"true\"><\/i><\/a>\n\n\t\t<\/div>\n\t\t\t\t\t<\/div>\n\n\t\n\n\t<div id=\"col-1918088106\" class=\"col medium-6 small-12 large-6\"  >\n\t\t\t\t<div class=\"col-inner dark\"  >\n\t\t\t\n\t\t\t\n<div class=\"accordion\">\n\t<div id=\"accordion-3285043555\" class=\"accordion-item\">\n\t\t<a id=\"accordion-3285043555-label\" class=\"accordion-title plain active\" href=\"#accordion-item-tr\u01b0\u1eddng-\u0110\u1ea1i-h\u1ecdc-v\u0103n-hi\u1ebfn-(vhu)\" aria-expanded=\"true\" aria-controls=\"accordion-3285043555-content\">\n\t\t\t<button class=\"toggle\" aria-label=\"Toggle\"><i class=\"icon-angle-down\" aria-hidden=\"true\"><\/i><\/button>\n\t\t\t<span>Tr\u01b0\u1eddng \u0110\u1ea1i h\u1ecdc V\u0103n Hi\u1ebfn (VHU)<\/span>\n\t\t<\/a>\n\t\t<div id=\"accordion-3285043555-content\" class=\"accordion-inner\" style=\"display: block;\" aria-labelledby=\"accordion-3285043555-label\">\n\t\t\t\n<div class=\"row row-collapse row-full-width\"  id=\"row-1485562789\">\n\n\t<div id=\"col-1534185758\" class=\"col medium-4 small-12 large-4\"  >\n\t\t\t\t<div class=\"col-inner\"  >\n\t\t\t\n\t\t\t\n\t<div class=\"img has-hover x md-x lg-x y md-y lg-y\" id=\"image_1822856205\">\n\t\t\t\t\t\t\t\t<div class=\"img-inner dark\" >\n\t\t\t<img decoding=\"async\" width=\"301\" height=\"301\" src=\"https:\/\/hunghau.vn\/wp-content\/uploads\/2019\/06\/vhu-v03.png\" class=\"attachment-large size-large\" alt=\"\" \/>\t\t\t\t\t\t\n\t\t\t\t\t<\/div>\n\t\t\t\t\t\t\t\t\n<style>\n#image_1822856205 {\n  width: 70%;\n}\n<\/style>\n\t<\/div>\n\t\n\t\t<\/div>\n\t\t\t\t\t<\/div>\n\n\t\n\n\t<div id=\"col-2076041097\" class=\"col medium-8 small-12 large-8\"  >\n\t\t\t\t<div class=\"col-inner text-left\"  >\n\t\t\t\n\t\t\t\n<div class=\"info\"><strong>Fanpage:<\/strong> <a href=\"https:\/\/facebook.com\/vhu.edu.vn\">facebook.com\/vhu.edu.vn<\/a><br \/><strong>Hotline:<\/strong>18001568<br \/><strong>Website:<\/strong> <a href=\"https:\/\/vhu.edu.vn\">www.vhu.edu.vn<\/a><\/div>\n\t\t<\/div>\n\t\t\t\t\t<\/div>\n\n\t\n<\/div>\n\t\t<\/div>\n\t<\/div>\n\t\n\t<div id=\"accordion-1502209835\" class=\"accordion-item\">\n\t\t<a id=\"accordion-1502209835-label\" class=\"accordion-title plain\" href=\"#accordion-item-tr\u01b0\u1eddng-cao-\u0111\u1eb3ng-b\u00ecnh-minh-s\u00e0i-g\u00f2n\" aria-expanded=\"false\" aria-controls=\"accordion-1502209835-content\">\n\t\t\t<button class=\"toggle\" aria-label=\"Toggle\"><i class=\"icon-angle-down\" aria-hidden=\"true\"><\/i><\/button>\n\t\t\t<span>Tr\u01b0\u1eddng Cao \u0111\u1eb3ng B\u00ecnh Minh S\u00e0i G\u00f2n<\/span>\n\t\t<\/a>\n\t\t<div id=\"accordion-1502209835-content\" class=\"accordion-inner\" aria-labelledby=\"accordion-1502209835-label\">\n\t\t\t\n<div class=\"row row-collapse row-full-width\"  id=\"row-1744603005\">\n\n\t<div id=\"col-1720676524\" class=\"col medium-4 small-12 large-4\"  >\n\t\t\t\t<div class=\"col-inner\"  >\n\t\t\t\n\t\t\t\n\t<div class=\"img has-hover x md-x lg-x y md-y lg-y\" id=\"image_2084486483\">\n\t\t\t\t\t\t\t\t<div class=\"img-inner dark\" >\n\t\t\t<img decoding=\"async\" width=\"600\" height=\"600\" src=\"https:\/\/hunghau.vn\/wp-content\/uploads\/2020\/07\/AURORA-LOGO-1.png\" class=\"attachment-large size-large\" alt=\"\" \/>\t\t\t\t\t\t\n\t\t\t\t\t<\/div>\n\t\t\t\t\t\t\t\t\n<style>\n#image_2084486483 {\n  width: 70%;\n}\n<\/style>\n\t<\/div>\n\t\n\t\t<\/div>\n\t\t\t\t\t<\/div>\n\n\t\n\n\t<div id=\"col-390988129\" class=\"col medium-8 small-12 large-8\"  >\n\t\t\t\t<div class=\"col-inner text-left\"  >\n\t\t\t\n\t\t\t\n<div class=\"info\"><strong>Fanpage:<\/strong> <a href=\"https:\/\/www.facebook.com\/aurora.edu.vn\/\" target=\"_blank\" rel=\"noopener noreferrer\">facebook.com\/aurora.edu.vn\/<\/a><br \/><strong>Hotline: <\/strong><a href=\"tel:0283588 8831\">028 3588 8831<\/a><br \/><strong>Website:<\/strong> <a href=\"https:\/\/aurora.edu.vn\" target=\"_blank\" rel=\"noopener noreferrer\">www.aurora.edu.vn<\/a><\/div>\n\t\t<\/div>\n\t\t\t\t\t<\/div>\n\n\t\n<\/div>\n\t\t<\/div>\n\t<\/div>\n\t\n\t<div id=\"accordion-2221092167\" class=\"accordion-item\">\n\t\t<a id=\"accordion-2221092167-label\" class=\"accordion-title plain\" href=\"#accordion-item-tr\u01b0\u1eddng-cao-\u0111\u1eb3ng-\u00c2u-l\u1ea1c-hu\u1ebf-(hea)\" aria-expanded=\"false\" aria-controls=\"accordion-2221092167-content\">\n\t\t\t<button class=\"toggle\" aria-label=\"Toggle\"><i class=\"icon-angle-down\" aria-hidden=\"true\"><\/i><\/button>\n\t\t\t<span>Tr\u01b0\u1eddng Cao \u0111\u1eb3ng \u00c2u L\u1ea1c Hu\u1ebf (HEA)<\/span>\n\t\t<\/a>\n\t\t<div id=\"accordion-2221092167-content\" class=\"accordion-inner\" aria-labelledby=\"accordion-2221092167-label\">\n\t\t\t\n<div class=\"row row-collapse row-full-width\"  id=\"row-1756693814\">\n\n\t<div id=\"col-1629958685\" class=\"col medium-4 small-12 large-4\"  >\n\t\t\t\t<div class=\"col-inner\"  >\n\t\t\t\n\t\t\t\n\t<div class=\"img has-hover x md-x lg-x y md-y lg-y\" id=\"image_2004273461\">\n\t\t\t\t\t\t\t\t<div class=\"img-inner dark\" >\n\t\t\t<img loading=\"lazy\" decoding=\"async\" width=\"500\" height=\"318\" src=\"https:\/\/hunghau.vn\/wp-content\/uploads\/2020\/10\/caodangaulac.png\" class=\"attachment-large size-large\" alt=\"\" \/>\t\t\t\t\t\t\n\t\t\t\t\t<\/div>\n\t\t\t\t\t\t\t\t\n<style>\n#image_2004273461 {\n  width: 80%;\n}\n<\/style>\n\t<\/div>\n\t\n\t\t<\/div>\n\t\t\t\t\t<\/div>\n\n\t\n\n\t<div id=\"col-1768274020\" class=\"col medium-8 small-12 large-8\"  >\n\t\t\t\t<div class=\"col-inner text-left\"  >\n\t\t\t\n\t\t\t\n<div class=\"info\"><strong>Fanpage:<\/strong> <a href=\"https:\/\/facebook.com\/aulachue\" target=\"_blank\" rel=\"noopener noreferrer\">facebook.com\/aulachue<\/a><br \/><strong>Hotline:<\/strong> <a href=\"tel:0979880333\">0979 880 333<\/a><br \/><strong>Website:<\/strong> <a href=\"https:\/\/aulachue.edu.vn\" target=\"_blank\" rel=\"noopener noreferrer\">www.aulachue.edu.vn<\/a><\/div>\n\t\t<\/div>\n\t\t\t\t\t<\/div>\n\n\t\n<\/div>\n\t\t<\/div>\n\t<\/div>\n\t\n\t<div id=\"accordion-2495851388\" class=\"accordion-item\">\n\t\t<a id=\"accordion-2495851388-label\" class=\"accordion-title plain\" href=\"#accordion-item-tr\u01b0\u1eddng-trung-c\u1ea5p-v\u1ea1n-t\u01b0\u1eddng-(het)\" aria-expanded=\"false\" aria-controls=\"accordion-2495851388-content\">\n\t\t\t<button class=\"toggle\" aria-label=\"Toggle\"><i class=\"icon-angle-down\" aria-hidden=\"true\"><\/i><\/button>\n\t\t\t<span>Tr\u01b0\u1eddng Trung c\u1ea5p V\u1ea1n T\u01b0\u1eddng (HET)<\/span>\n\t\t<\/a>\n\t\t<div id=\"accordion-2495851388-content\" class=\"accordion-inner\" aria-labelledby=\"accordion-2495851388-label\">\n\t\t\t\n<div class=\"row row-collapse row-full-width\"  id=\"row-1139025153\">\n\n\t<div id=\"col-1482211653\" class=\"col medium-4 small-12 large-4\"  >\n\t\t\t\t<div class=\"col-inner\"  >\n\t\t\t\n\t\t\t\n\t<div class=\"img has-hover x md-x lg-x y md-y lg-y\" id=\"image_330279243\">\n\t\t\t\t\t\t\t\t<div class=\"img-inner dark\" >\n\t\t\t<img loading=\"lazy\" decoding=\"async\" width=\"301\" height=\"301\" src=\"https:\/\/hunghau.vn\/wp-content\/uploads\/2019\/06\/het-v03.png\" class=\"attachment-large size-large\" alt=\"\" \/>\t\t\t\t\t\t\n\t\t\t\t\t<\/div>\n\t\t\t\t\t\t\t\t\n<style>\n#image_330279243 {\n  width: 70%;\n}\n<\/style>\n\t<\/div>\n\t\n\t\t<\/div>\n\t\t\t\t\t<\/div>\n\n\t\n\n\t<div id=\"col-617000311\" class=\"col medium-8 small-12 large-8\"  >\n\t\t\t\t<div class=\"col-inner text-left\"  >\n\t\t\t\n\t\t\t\n<div class=\"info\" style=\"text-align: justify;\"><strong>Fanpage:<\/strong> <a href=\"https:\/\/facebook.com\/vts.edu.vn\" target=\"_blank\" rel=\"noopener noreferrer\">facebook.com\/vts.edu.vn<\/a><br \/><strong>Hotline:<\/strong> <a href=\"tel:0964380333\">0964 380 333<\/a><br \/><strong>Website:<\/strong> <a href=\"https:\/\/vt.edu.vn\" target=\"_blank\" rel=\"noopener noreferrer\">www.vt.edu.vn<\/a><\/div>\n\t\t<\/div>\n\t\t\t\t\t<\/div>\n\n\t\n<\/div>\n\t\t<\/div>\n\t<\/div>\n\t\n\t<div id=\"accordion-2772502382\" class=\"accordion-item\">\n\t\t<a id=\"accordion-2772502382-label\" class=\"accordion-title plain\" href=\"#accordion-item-tr\u01b0\u1eddng-trung-c\u1ea5p-y-d\u01b0\u1ee3c-v\u1ea1n-h\u1ea1nh-(heh)\" aria-expanded=\"false\" aria-controls=\"accordion-2772502382-content\">\n\t\t\t<button class=\"toggle\" aria-label=\"Toggle\"><i class=\"icon-angle-down\" aria-hidden=\"true\"><\/i><\/button>\n\t\t\t<span>Tr\u01b0\u1eddng Trung c\u1ea5p Y D\u01b0\u1ee3c V\u1ea1n H\u1ea1nh (HEH)<\/span>\n\t\t<\/a>\n\t\t<div id=\"accordion-2772502382-content\" class=\"accordion-inner\" aria-labelledby=\"accordion-2772502382-label\">\n\t\t\t\n<div class=\"row row-collapse row-full-width\"  id=\"row-1883396881\">\n\n\t<div id=\"col-2052955073\" class=\"col medium-4 small-12 large-4\"  >\n\t\t\t\t<div class=\"col-inner\"  >\n\t\t\t\n\t\t\t\n\t<div class=\"img has-hover x md-x lg-x y md-y lg-y\" id=\"image_614845932\">\n\t\t\t\t\t\t\t\t<div class=\"img-inner dark\" >\n\t\t\t<img loading=\"lazy\" decoding=\"async\" width=\"301\" height=\"301\" src=\"https:\/\/hunghau.vn\/wp-content\/uploads\/2019\/06\/heh-v03.png\" class=\"attachment-large size-large\" alt=\"\" \/>\t\t\t\t\t\t\n\t\t\t\t\t<\/div>\n\t\t\t\t\t\t\t\t\n<style>\n#image_614845932 {\n  width: 70%;\n}\n<\/style>\n\t<\/div>\n\t\n\t\t<\/div>\n\t\t\t\t\t<\/div>\n\n\t\n\n\t<div id=\"col-1212121779\" class=\"col medium-8 small-12 large-8\"  >\n\t\t\t\t<div class=\"col-inner text-left\"  >\n\t\t\t\n\t\t\t\n<div class=\"info\"><strong>Fanpage:<\/strong> <a href=\"https:\/\/facebook.com\/yduocvanhanh\" target=\"_blank\" rel=\"noopener noreferrer\">facebook.com\/yduocvanhanh<\/a><br \/><strong>Hotline:<\/strong> <a href=\"tel:0969390333\">0969 390 333<\/a><br \/><strong>Website:<\/strong> <a href=\"https:\/\/vhs.edu.vn\" target=\"_blank\" rel=\"noopener noreferrer\">www.vhs.edu.vn<\/a><\/div>\n\t\t<\/div>\n\t\t\t\t\t<\/div>\n\n\t\n<\/div>\n\t\t<\/div>\n\t<\/div>\n\t\n\t<div id=\"accordion-3196804868\" class=\"accordion-item\">\n\t\t<a id=\"accordion-3196804868-label\" class=\"accordion-title plain\" href=\"#accordion-item-tr\u01b0\u1eddng-ti\u1ec3u-h\u1ecdc-viet-elite-school-(ves)\" aria-expanded=\"false\" aria-controls=\"accordion-3196804868-content\">\n\t\t\t<button class=\"toggle\" aria-label=\"Toggle\"><i class=\"icon-angle-down\" aria-hidden=\"true\"><\/i><\/button>\n\t\t\t<span>Tr\u01b0\u1eddng Ti\u1ec3u h\u1ecdc Viet Elite School (VES)<\/span>\n\t\t<\/a>\n\t\t<div id=\"accordion-3196804868-content\" class=\"accordion-inner\" aria-labelledby=\"accordion-3196804868-label\">\n\t\t\t\n<div class=\"row row-collapse row-full-width\"  id=\"row-2104440187\">\n\n\t<div id=\"col-585144934\" class=\"col medium-4 small-12 large-4\"  >\n\t\t\t\t<div class=\"col-inner\"  >\n\t\t\t\n\t\t\t\n\t<div class=\"img has-hover x md-x lg-x y md-y lg-y\" id=\"image_1404078764\">\n\t\t\t\t\t\t\t\t<div class=\"img-inner dark\" >\n\t\t\t<img loading=\"lazy\" decoding=\"async\" width=\"450\" height=\"338\" src=\"https:\/\/hunghau.vn\/wp-content\/uploads\/2018\/01\/HEDU-logo.png\" class=\"attachment-large size-large\" alt=\"\" srcset=\"https:\/\/hunghau.vn\/wp-content\/uploads\/2018\/01\/HEDU-logo.png 450w, https:\/\/hunghau.vn\/wp-content\/uploads\/2018\/01\/HEDU-logo-300x225.png 300w\" sizes=\"(max-width: 450px) 100vw, 450px\" \/>\t\t\t\t\t\t\n\t\t\t\t\t<\/div>\n\t\t\t\t\t\t\t\t\n<style>\n#image_1404078764 {\n  width: 80%;\n}\n<\/style>\n\t<\/div>\n\t\n\t\t<\/div>\n\t\t\t\t\t<\/div>\n\n\t\n\n\t<div id=\"col-566162031\" class=\"col medium-8 small-12 large-8\"  >\n\t\t\t\t<div class=\"col-inner text-left\"  >\n\t\t\t\n\t\t\t\n<div class=\"info\">\u0110\u1ecba ch\u1ec9: 146 An D\u01b0\u01a1ng V\u01b0\u01a1ng, Ph\u01b0\u1eddng An C\u1ef1u, Th\u00e0nh ph\u1ed1 Hu\u1ebf, Th\u1eeba Thi\u00ean Hu\u1ebf.<\/div>\n\t\t<\/div>\n\t\t\t\t\t<\/div>\n\n\t\n<\/div>\n\t\t<\/div>\n\t<\/div>\n\t\n\t<div id=\"accordion-2030704736\" class=\"accordion-item\">\n\t\t<a id=\"accordion-2030704736-label\" class=\"accordion-title plain\" href=\"#accordion-item-tr\u01b0\u1eddng-m\u1ea7m-non-\u00c2u-l\u1ea1c\" aria-expanded=\"false\" aria-controls=\"accordion-2030704736-content\">\n\t\t\t<button class=\"toggle\" aria-label=\"Toggle\"><i class=\"icon-angle-down\" aria-hidden=\"true\"><\/i><\/button>\n\t\t\t<span>Tr\u01b0\u1eddng M\u1ea7m non \u00c2u L\u1ea1c<\/span>\n\t\t<\/a>\n\t\t<div id=\"accordion-2030704736-content\" class=\"accordion-inner\" aria-labelledby=\"accordion-2030704736-label\">\n\t\t\t\n<div class=\"row row-collapse row-full-width\"  id=\"row-1101690860\">\n\n\t<div id=\"col-1498417906\" class=\"col medium-4 small-12 large-4\"  >\n\t\t\t\t<div class=\"col-inner\"  >\n\t\t\t\n\t\t\t\n\t<div class=\"img has-hover x md-x lg-x y md-y lg-y\" id=\"image_1598428742\">\n\t\t\t\t\t\t\t\t<div class=\"img-inner dark\" >\n\t\t\t<img loading=\"lazy\" decoding=\"async\" width=\"500\" height=\"504\" src=\"https:\/\/hunghau.vn\/wp-content\/uploads\/2019\/06\/logo-mam-non-au-lac.png\" class=\"attachment-large size-large\" alt=\"\" \/>\t\t\t\t\t\t\n\t\t\t\t\t<\/div>\n\t\t\t\t\t\t\t\t\n<style>\n#image_1598428742 {\n  width: 70%;\n}\n<\/style>\n\t<\/div>\n\t\n\t\t<\/div>\n\t\t\t\t\t<\/div>\n\n\t\n\n\t<div id=\"col-1737426923\" class=\"col medium-8 small-12 large-8\"  >\n\t\t\t\t<div class=\"col-inner text-left\"  >\n\t\t\t\n\t\t\t\n<div class=\"info\">\u0110\u1ecba ch\u1ec9: 150 An D\u01b0\u01a1ng V\u01b0\u01a1ng, Ph\u01b0\u1eddng An C\u1ef1u, Th\u00e0nh ph\u1ed1 Hu\u1ebf, Th\u1eeba Thi\u00ean Hu\u1ebf.<br \/>\nFanpage: <a href=\"https:\/\/www.facebook.com\/mamnonaulachue\/\" target=\"_blank\" rel=\"noopener noreferrer\">facebook.com\/mamnonaulachue<\/a><br \/>\nWebsite: <a href=\"http:\/\/mamnonaulac.edu.vn\/\" target=\"_blank\" rel=\"noopener noreferrer\">www.mamnonaulac.edu.vn<\/a><\/div>\n\t\t<\/div>\n\t\t\t\t\t<\/div>\n\n\t\n<\/div>\n\t\t<\/div>\n\t<\/div>\n\t\n<\/div>\n\t\t<\/div>\n\t\t\t\t\t<\/div>\n\n\t\n<\/div>\n\t\t<\/div>\n\n\t\t\n<style>\n#section_1830807611 {\n  padding-top: 60px;\n  padding-bottom: 60px;\n  background-color: rgb(255,255,255);\n}\n<\/style>\n\t<\/section>\n\t\n","protected":false},"excerpt":{"rendered":"","protected":false},"author":1,"featured_media":0,"parent":0,"menu_order":0,"comment_status":"closed","ping_status":"closed","template":"page-transparent-header.php","meta":{"h5ap_radio_sources":[],"footnotes":""},"class_list":["post-6032","page","type-page","status-publish","hentry"],"yoast_head":"<!-- This site is optimized with the Yoast SEO plugin v27.4 - https:\/\/yoast.com\/product\/yoast-seo-wordpress\/ -->\n<title>Gi\u00e1o d\u1ee5c H\u00f9ng H\u1eadu - HungHau Holdings<\/title>\n<meta name=\"robots\" content=\"index, follow, max-snippet:-1, max-image-preview:large, max-video-preview:-1\" \/>\n<link rel=\"canonical\" href=\"https:\/\/hunghau.vn\/hunghau-education\/\" \/>\n<meta property=\"og:locale\" content=\"vi_VN\" \/>\n<meta property=\"og:type\" content=\"article\" \/>\n<meta property=\"og:title\" content=\"Gi\u00e1o d\u1ee5c H\u00f9ng H\u1eadu - HungHau Holdings\" \/>\n<meta property=\"og:url\" content=\"https:\/\/hunghau.vn\/hunghau-education\/\" \/>\n<meta property=\"og:site_name\" content=\"HungHau Holdings\" \/>\n<meta property=\"article:modified_time\" content=\"2020-10-14T04:56:14+00:00\" \/>\n<meta name=\"twitter:card\" content=\"summary_large_image\" \/>\n<meta name=\"twitter:label1\" content=\"Est. reading time\" \/>\n\t<meta name=\"twitter:data1\" content=\"3 minutes\" \/>\n<script type=\"application\/ld+json\" class=\"yoast-schema-graph\">{\"@context\":\"https:\\\/\\\/schema.org\",\"@graph\":[{\"@type\":\"WebPage\",\"@id\":\"https:\\\/\\\/hunghau.vn\\\/hunghau-education\\\/\",\"url\":\"https:\\\/\\\/hunghau.vn\\\/hunghau-education\\\/\",\"name\":\"Gi\u00e1o d\u1ee5c H\u00f9ng H\u1eadu - HungHau Holdings\",\"isPartOf\":{\"@id\":\"https:\\\/\\\/hunghau.vn\\\/#website\"},\"datePublished\":\"2019-06-05T08:24:19+00:00\",\"dateModified\":\"2020-10-14T04:56:14+00:00\",\"breadcrumb\":{\"@id\":\"https:\\\/\\\/hunghau.vn\\\/hunghau-education\\\/#breadcrumb\"},\"inLanguage\":\"vi-VN\",\"potentialAction\":[{\"@type\":\"ReadAction\",\"target\":[\"https:\\\/\\\/hunghau.vn\\\/hunghau-education\\\/\"]}]},{\"@type\":\"BreadcrumbList\",\"@id\":\"https:\\\/\\\/hunghau.vn\\\/hunghau-education\\\/#breadcrumb\",\"itemListElement\":[{\"@type\":\"ListItem\",\"position\":1,\"name\":\"Home\",\"item\":\"https:\\\/\\\/hunghau.vn\\\/vi\\\/\"},{\"@type\":\"ListItem\",\"position\":2,\"name\":\"Gi\u00e1o d\u1ee5c H\u00f9ng H\u1eadu\"}]},{\"@type\":\"WebSite\",\"@id\":\"https:\\\/\\\/hunghau.vn\\\/#website\",\"url\":\"https:\\\/\\\/hunghau.vn\\\/\",\"name\":\"HungHau Holdings\",\"description\":\"\u0110\u1ea1i h\u1ecdc V\u0103n Hi\u1ebfn, N\u0103ng l\u01b0\u1ee3ng HungHau, N\u00f4ng nghi\u1ec7p HungHau, Th\u1ef1c ph\u1ea9m HungHau\",\"potentialAction\":[{\"@type\":\"SearchAction\",\"target\":{\"@type\":\"EntryPoint\",\"urlTemplate\":\"https:\\\/\\\/hunghau.vn\\\/?s={search_term_string}\"},\"query-input\":{\"@type\":\"PropertyValueSpecification\",\"valueRequired\":true,\"valueName\":\"search_term_string\"}}],\"inLanguage\":\"vi-VN\"}]}<\/script>\n<!-- \/ Yoast SEO plugin. -->","yoast_head_json":{"title":"Gi\u00e1o d\u1ee5c H\u00f9ng H\u1eadu - HungHau Holdings","robots":{"index":"index","follow":"follow","max-snippet":"max-snippet:-1","max-image-preview":"max-image-preview:large","max-video-preview":"max-video-preview:-1"},"canonical":"https:\/\/hunghau.vn\/hunghau-education\/","og_locale":"vi_VN","og_type":"article","og_title":"Gi\u00e1o d\u1ee5c H\u00f9ng H\u1eadu - HungHau Holdings","og_url":"https:\/\/hunghau.vn\/hunghau-education\/","og_site_name":"HungHau Holdings","article_modified_time":"2020-10-14T04:56:14+00:00","twitter_card":"summary_large_image","twitter_misc":{"Est. reading time":"3 minutes"},"schema":{"@context":"https:\/\/schema.org","@graph":[{"@type":"WebPage","@id":"https:\/\/hunghau.vn\/hunghau-education\/","url":"https:\/\/hunghau.vn\/hunghau-education\/","name":"Gi\u00e1o d\u1ee5c H\u00f9ng H\u1eadu - HungHau Holdings","isPartOf":{"@id":"https:\/\/hunghau.vn\/#website"},"datePublished":"2019-06-05T08:24:19+00:00","dateModified":"2020-10-14T04:56:14+00:00","breadcrumb":{"@id":"https:\/\/hunghau.vn\/hunghau-education\/#breadcrumb"},"inLanguage":"vi-VN","potentialAction":[{"@type":"ReadAction","target":["https:\/\/hunghau.vn\/hunghau-education\/"]}]},{"@type":"BreadcrumbList","@id":"https:\/\/hunghau.vn\/hunghau-education\/#breadcrumb","itemListElement":[{"@type":"ListItem","position":1,"name":"Home","item":"https:\/\/hunghau.vn\/vi\/"},{"@type":"ListItem","position":2,"name":"Gi\u00e1o d\u1ee5c H\u00f9ng H\u1eadu"}]},{"@type":"WebSite","@id":"https:\/\/hunghau.vn\/#website","url":"https:\/\/hunghau.vn\/","name":"HungHau Holdings","description":"\u0110\u1ea1i h\u1ecdc V\u0103n Hi\u1ebfn, N\u0103ng l\u01b0\u1ee3ng HungHau, N\u00f4ng nghi\u1ec7p HungHau, Th\u1ef1c ph\u1ea9m HungHau","potentialAction":[{"@type":"SearchAction","target":{"@type":"EntryPoint","urlTemplate":"https:\/\/hunghau.vn\/?s={search_term_string}"},"query-input":{"@type":"PropertyValueSpecification","valueRequired":true,"valueName":"search_term_string"}}],"inLanguage":"vi-VN"}]}},"_links":{"self":[{"href":"https:\/\/hunghau.vn\/vi\/wp-json\/wp\/v2\/pages\/6032","targetHints":{"allow":["GET"]}}],"collection":[{"href":"https:\/\/hunghau.vn\/vi\/wp-json\/wp\/v2\/pages"}],"about":[{"href":"https:\/\/hunghau.vn\/vi\/wp-json\/wp\/v2\/types\/page"}],"author":[{"embeddable":true,"href":"https:\/\/hunghau.vn\/vi\/wp-json\/wp\/v2\/users\/1"}],"replies":[{"embeddable":true,"href":"https:\/\/hunghau.vn\/vi\/wp-json\/wp\/v2\/comments?post=6032"}],"version-history":[{"count":1,"href":"https:\/\/hunghau.vn\/vi\/wp-json\/wp\/v2\/pages\/6032\/revisions"}],"predecessor-version":[{"id":7599,"href":"https:\/\/hunghau.vn\/vi\/wp-json\/wp\/v2\/pages\/6032\/revisions\/7599"}],"wp:attachment":[{"href":"https:\/\/hunghau.vn\/vi\/wp-json\/wp\/v2\/media?parent=6032"}],"curies":[{"name":"wp","href":"https:\/\/api.w.org\/{rel}","templated":true}]}}