{"id":6001,"date":"2019-06-05T03:12:55","date_gmt":"2019-06-05T03:12:55","guid":{"rendered":"https:\/\/hunghau.vn\/?page_id=6001"},"modified":"2025-02-13T08:48:25","modified_gmt":"2025-02-13T08:48:25","slug":"ba-pham-thi-minh-nguyet-gddh","status":"publish","type":"page","link":"https:\/\/hunghau.vn\/vi\/ba-pham-thi-minh-nguyet-gddh\/","title":{"rendered":"B\u00e0 Ph\u1ea1m Th\u1ecb Minh Nguy\u1ec7t &#8211; G\u0110\u0110H"},"content":{"rendered":"    <div class=\"box has-hover has-hover box-vertical box-text-middle\" >\n\n                  <div class=\"box-image \" style=\"width:25%;\">\n           <div class=\"box-image-inner image-cover\" style=\"border-radius:100%;padding-top:100%;\">\n              <img fetchpriority=\"high\" decoding=\"async\" width=\"800\" height=\"800\" src=\"https:\/\/hunghau.vn\/wp-content\/uploads\/2024\/09\/chi-Nguyet.png\" class=\"attachment- size-\" alt=\"\" srcset=\"https:\/\/hunghau.vn\/wp-content\/uploads\/2024\/09\/chi-Nguyet.png 800w, https:\/\/hunghau.vn\/wp-content\/uploads\/2024\/09\/chi-Nguyet-768x768.png 768w\" sizes=\"(max-width: 800px) 100vw, 800px\" \/>                         <\/div>\n          <\/div>\n         \n          <div class=\"box-text text-left\" >\n                <div class=\"box-text-inner\">\n                  <h4 class=\"uppercase\">\n                    <span class=\"person-name\">B\u00e0 Ph\u1ea1m Th\u1ecb Minh Nguy\u1ec7t<\/span><br\/>\n                    <span class=\"person-title is-small thin-font op-7\">\n                      Th\u00e0nh vi\u00ean H\u1ed9i \u0111\u1ed3ng qu\u1ea3n tr\u1ecb                    <\/span>\n                  <\/h4>\n\t\t\t\t\t\n<p style=\"text-align: justify;\">B\u00e0 Ph\u1ea1m Th\u1ecb Minh Nguy\u1ec7t b\u1eaft \u0111\u1ea7u g\u1eafn b\u00f3 c\u00f9ng HungHau Holdings t\u1eeb n\u0103m 2013 \u0111\u1ebfn nay. Trong su\u1ed1t th\u1eddi gian c\u00f4ng t\u00e1c t\u1ea1i HungHau, B\u00e0 Ph\u1ea1m Th\u1ecb Minh Nguy\u1ec7t \u0111\u00e3 t\u00edch c\u1ef1c c\u1ed1ng hi\u1ebfn v\u00e0 \u0111\u01b0\u1ee3c \u0111\u1ea3m nhi\u1ec7m c\u00e1c ch\u1ee9c v\u1ee5:<\/p>\n<ul style=\"text-align: justify;\">\n<li><span data-teams=\"true\">Ch\u00e1nh V\u0103n ph\u00f2ng Ban Gi\u00e1m \u0111\u1ed1c \u0110i\u1ec1u h\u00e0nh, C\u00f4ng ty CP Ph\u00e1t tri\u1ec3n H\u00f9ng H\u1eadu<\/span><\/li>\n<li><span data-teams=\"true\">Ph\u00f3 Hi\u1ec7u tr\u01b0\u1edfng, Tr\u01b0\u1eddng \u0110\u1ea1i h\u1ecdc V\u0103n Hi\u1ebfn<\/span><\/li>\n<li><span data-teams=\"true\">Ph\u00f3 T\u1ed5ng Gi\u00e1m \u0111\u1ed1c, C\u00f4ng ty CP Gi\u00e1o d\u1ee5c H\u00f9ng H\u1eadu<\/span><\/li>\n<li><span data-teams=\"true\">Gi\u00e1m \u0111\u1ed1c \u0111i\u1ec1u h\u00e0nh, C\u00f4ng ty CP Ph\u00e1t tri\u1ec3n H\u00f9ng H\u1eadu<\/span><\/li>\n<li><span data-teams=\"true\">Th\u00e0nh vi\u00ean H\u0110QT, C\u00f4ng ty CP Ph\u00e1t Tri\u1ec3n H\u00f9ng H\u1eadu<\/span><\/li>\n<li><span data-teams=\"true\">Ph\u00f3 Ch\u1ee7 t\u1ecbch \u0110i\u1ec1u h\u00e0nh, Tr\u01b0\u1eddng \u0110\u1ea1i h\u1ecdc V\u0103n Hi\u1ebfn<\/span><\/li>\n<\/ul>\n                <\/div>\n          <\/div>\n    <\/div>\n\n\t\n    \n","protected":false},"excerpt":{"rendered":"","protected":false},"author":1,"featured_media":0,"parent":0,"menu_order":0,"comment_status":"closed","ping_status":"closed","template":"page-right-sidebar.php","meta":{"h5ap_radio_sources":[],"footnotes":""},"class_list":["post-6001","page","type-page","status-publish","hentry"],"yoast_head":"<!-- This site is optimized with the Yoast SEO plugin v27.4 - https:\/\/yoast.com\/product\/yoast-seo-wordpress\/ -->\n<title>B\u00e0 Ph\u1ea1m Th\u1ecb Minh Nguy\u1ec7t - G\u0110\u0110H - HungHau Holdings<\/title>\n<meta name=\"robots\" content=\"index, follow, max-snippet:-1, max-image-preview:large, max-video-preview:-1\" \/>\n<link rel=\"canonical\" href=\"https:\/\/hunghau.vn\/vi\/ba-pham-thi-minh-nguyet-gddh\/\" \/>\n<meta property=\"og:locale\" content=\"vi_VN\" \/>\n<meta property=\"og:type\" content=\"article\" \/>\n<meta property=\"og:title\" content=\"B\u00e0 Ph\u1ea1m Th\u1ecb Minh Nguy\u1ec7t - G\u0110\u0110H - HungHau Holdings\" \/>\n<meta property=\"og:url\" content=\"https:\/\/hunghau.vn\/vi\/ba-pham-thi-minh-nguyet-gddh\/\" \/>\n<meta property=\"og:site_name\" content=\"HungHau Holdings\" \/>\n<meta property=\"article:modified_time\" content=\"2025-02-13T08:48:25+00:00\" \/>\n<meta name=\"twitter:card\" content=\"summary_large_image\" \/>\n<meta name=\"twitter:label1\" content=\"Est. reading time\" \/>\n\t<meta name=\"twitter:data1\" content=\"1 minute\" \/>\n<script type=\"application\/ld+json\" class=\"yoast-schema-graph\">{\"@context\":\"https:\\\/\\\/schema.org\",\"@graph\":[{\"@type\":\"WebPage\",\"@id\":\"https:\\\/\\\/hunghau.vn\\\/vi\\\/ba-pham-thi-minh-nguyet-gddh\\\/\",\"url\":\"https:\\\/\\\/hunghau.vn\\\/vi\\\/ba-pham-thi-minh-nguyet-gddh\\\/\",\"name\":\"B\u00e0 Ph\u1ea1m Th\u1ecb Minh Nguy\u1ec7t - G\u0110\u0110H - HungHau Holdings\",\"isPartOf\":{\"@id\":\"https:\\\/\\\/hunghau.vn\\\/#website\"},\"datePublished\":\"2019-06-05T03:12:55+00:00\",\"dateModified\":\"2025-02-13T08:48:25+00:00\",\"breadcrumb\":{\"@id\":\"https:\\\/\\\/hunghau.vn\\\/vi\\\/ba-pham-thi-minh-nguyet-gddh\\\/#breadcrumb\"},\"inLanguage\":\"vi-VN\",\"potentialAction\":[{\"@type\":\"ReadAction\",\"target\":[\"https:\\\/\\\/hunghau.vn\\\/vi\\\/ba-pham-thi-minh-nguyet-gddh\\\/\"]}]},{\"@type\":\"BreadcrumbList\",\"@id\":\"https:\\\/\\\/hunghau.vn\\\/vi\\\/ba-pham-thi-minh-nguyet-gddh\\\/#breadcrumb\",\"itemListElement\":[{\"@type\":\"ListItem\",\"position\":1,\"name\":\"Home\",\"item\":\"https:\\\/\\\/hunghau.vn\\\/vi\\\/\"},{\"@type\":\"ListItem\",\"position\":2,\"name\":\"B\u00e0 Ph\u1ea1m Th\u1ecb Minh Nguy\u1ec7t &#8211; G\u0110\u0110H\"}]},{\"@type\":\"WebSite\",\"@id\":\"https:\\\/\\\/hunghau.vn\\\/#website\",\"url\":\"https:\\\/\\\/hunghau.vn\\\/\",\"name\":\"HungHau Holdings\",\"description\":\"\u0110\u1ea1i h\u1ecdc V\u0103n Hi\u1ebfn, N\u0103ng l\u01b0\u1ee3ng HungHau, N\u00f4ng nghi\u1ec7p HungHau, Th\u1ef1c ph\u1ea9m HungHau\",\"potentialAction\":[{\"@type\":\"SearchAction\",\"target\":{\"@type\":\"EntryPoint\",\"urlTemplate\":\"https:\\\/\\\/hunghau.vn\\\/?s={search_term_string}\"},\"query-input\":{\"@type\":\"PropertyValueSpecification\",\"valueRequired\":true,\"valueName\":\"search_term_string\"}}],\"inLanguage\":\"vi-VN\"}]}<\/script>\n<!-- \/ Yoast SEO plugin. -->","yoast_head_json":{"title":"B\u00e0 Ph\u1ea1m Th\u1ecb Minh Nguy\u1ec7t - G\u0110\u0110H - HungHau Holdings","robots":{"index":"index","follow":"follow","max-snippet":"max-snippet:-1","max-image-preview":"max-image-preview:large","max-video-preview":"max-video-preview:-1"},"canonical":"https:\/\/hunghau.vn\/vi\/ba-pham-thi-minh-nguyet-gddh\/","og_locale":"vi_VN","og_type":"article","og_title":"B\u00e0 Ph\u1ea1m Th\u1ecb Minh Nguy\u1ec7t - G\u0110\u0110H - HungHau Holdings","og_url":"https:\/\/hunghau.vn\/vi\/ba-pham-thi-minh-nguyet-gddh\/","og_site_name":"HungHau Holdings","article_modified_time":"2025-02-13T08:48:25+00:00","twitter_card":"summary_large_image","twitter_misc":{"Est. reading time":"1 minute"},"schema":{"@context":"https:\/\/schema.org","@graph":[{"@type":"WebPage","@id":"https:\/\/hunghau.vn\/vi\/ba-pham-thi-minh-nguyet-gddh\/","url":"https:\/\/hunghau.vn\/vi\/ba-pham-thi-minh-nguyet-gddh\/","name":"B\u00e0 Ph\u1ea1m Th\u1ecb Minh Nguy\u1ec7t - G\u0110\u0110H - HungHau Holdings","isPartOf":{"@id":"https:\/\/hunghau.vn\/#website"},"datePublished":"2019-06-05T03:12:55+00:00","dateModified":"2025-02-13T08:48:25+00:00","breadcrumb":{"@id":"https:\/\/hunghau.vn\/vi\/ba-pham-thi-minh-nguyet-gddh\/#breadcrumb"},"inLanguage":"vi-VN","potentialAction":[{"@type":"ReadAction","target":["https:\/\/hunghau.vn\/vi\/ba-pham-thi-minh-nguyet-gddh\/"]}]},{"@type":"BreadcrumbList","@id":"https:\/\/hunghau.vn\/vi\/ba-pham-thi-minh-nguyet-gddh\/#breadcrumb","itemListElement":[{"@type":"ListItem","position":1,"name":"Home","item":"https:\/\/hunghau.vn\/vi\/"},{"@type":"ListItem","position":2,"name":"B\u00e0 Ph\u1ea1m Th\u1ecb Minh Nguy\u1ec7t &#8211; G\u0110\u0110H"}]},{"@type":"WebSite","@id":"https:\/\/hunghau.vn\/#website","url":"https:\/\/hunghau.vn\/","name":"HungHau Holdings","description":"\u0110\u1ea1i h\u1ecdc V\u0103n Hi\u1ebfn, N\u0103ng l\u01b0\u1ee3ng HungHau, N\u00f4ng nghi\u1ec7p HungHau, Th\u1ef1c ph\u1ea9m HungHau","potentialAction":[{"@type":"SearchAction","target":{"@type":"EntryPoint","urlTemplate":"https:\/\/hunghau.vn\/?s={search_term_string}"},"query-input":{"@type":"PropertyValueSpecification","valueRequired":true,"valueName":"search_term_string"}}],"inLanguage":"vi-VN"}]}},"_links":{"self":[{"href":"https:\/\/hunghau.vn\/vi\/wp-json\/wp\/v2\/pages\/6001","targetHints":{"allow":["GET"]}}],"collection":[{"href":"https:\/\/hunghau.vn\/vi\/wp-json\/wp\/v2\/pages"}],"about":[{"href":"https:\/\/hunghau.vn\/vi\/wp-json\/wp\/v2\/types\/page"}],"author":[{"embeddable":true,"href":"https:\/\/hunghau.vn\/vi\/wp-json\/wp\/v2\/users\/1"}],"replies":[{"embeddable":true,"href":"https:\/\/hunghau.vn\/vi\/wp-json\/wp\/v2\/comments?post=6001"}],"version-history":[{"count":3,"href":"https:\/\/hunghau.vn\/vi\/wp-json\/wp\/v2\/pages\/6001\/revisions"}],"predecessor-version":[{"id":9908,"href":"https:\/\/hunghau.vn\/vi\/wp-json\/wp\/v2\/pages\/6001\/revisions\/9908"}],"wp:attachment":[{"href":"https:\/\/hunghau.vn\/vi\/wp-json\/wp\/v2\/media?parent=6001"}],"curies":[{"name":"wp","href":"https:\/\/api.w.org\/{rel}","templated":true}]}}