{"id":4937,"date":"2018-05-12T08:16:58","date_gmt":"2018-05-12T08:16:58","guid":{"rendered":"http:\/\/hunghau.vn\/demo\/?page_id=4937"},"modified":"2026-02-24T08:15:57","modified_gmt":"2026-02-24T08:15:57","slug":"gioi-thieu","status":"publish","type":"page","link":"https:\/\/hunghau.vn\/vi\/gioi-thieu\/","title":{"rendered":"Gi\u1edbi thi\u1ec7u"},"content":{"rendered":"\n\t\t<div class=\"tabbed-content\">\n\t\t\t\n\t\t\t<ul class=\"nav nav-line nav-vertical nav-uppercase nav-size-normal nav-left\" role=\"tablist\"><li id=\"tab-gi\u1edbi-thi\u1ec7u-chung\" class=\"tab active has-icon\" role=\"presentation\"><a href=\"#tab_gi\u1edbi-thi\u1ec7u-chung\" role=\"tab\" aria-selected=\"true\" aria-controls=\"tab_gi\u1edbi-thi\u1ec7u-chung\"><span>Gi\u1edbi thi\u1ec7u chung<\/span><\/a><\/li>\n<li id=\"tab-h\u1ed9i-\u0111\u1ed3ng-qu\u1ea3n-tr\u1ecb\" class=\"tab has-icon\" role=\"presentation\"><a href=\"#tab_h\u1ed9i-\u0111\u1ed3ng-qu\u1ea3n-tr\u1ecb\" tabindex=\"-1\" role=\"tab\" aria-selected=\"false\" aria-controls=\"tab_h\u1ed9i-\u0111\u1ed3ng-qu\u1ea3n-tr\u1ecb\"><span>H\u1ed9i \u0111\u1ed3ng Qu\u1ea3n tr\u1ecb<\/span><\/a><\/li>\n<li id=\"tab-ban-gi\u00e1m-\u0111\u1ed1c-\u0110i\u1ec1u-h\u00e0nh\" class=\"tab has-icon\" role=\"presentation\"><a href=\"#tab_ban-gi\u00e1m-\u0111\u1ed1c-\u0110i\u1ec1u-h\u00e0nh\" tabindex=\"-1\" role=\"tab\" aria-selected=\"false\" aria-controls=\"tab_ban-gi\u00e1m-\u0111\u1ed1c-\u0110i\u1ec1u-h\u00e0nh\"><span>Ban Gi\u00e1m \u0111\u1ed1c \u0110i\u1ec1u h\u00e0nh<\/span><\/a><\/li><\/ul><div class=\"tab-panels\"><div id=\"tab_gi\u1edbi-thi\u1ec7u-chung\" class=\"panel active entry-content\" role=\"tabpanel\" aria-labelledby=\"tab-gi\u1edbi-thi\u1ec7u-chung\">\n<h2 style=\"text-align: justify;\">C\u00d4NG TY C\u1ed4 PH\u1ea6N PH\u00c1T TRI\u1ec2N H\u00d9NG H\u1eacU<\/h2>\n<p>C\u00f4ng ty C\u1ed5 ph\u1ea7n Ph\u00e1t tri\u1ec3n H\u00f9ng H\u1eadu (vi\u1ebft t\u1eaft l\u00e0 \u201cHungHau Holdings\u201d) \u0111\u01b0\u1ee3c th\u00e0nh l\u1eadp v\u00e0o n\u0103m 2010, ho\u1ea1t \u0111\u1ed9ng ban \u0111\u1ea7u t\u1eadp trung \u1edf l\u0129nh v\u1ef1c N\u00f4ng nghi\u1ec7p, Gi\u00e1o d\u1ee5c v\u00e0 N\u0103ng l\u01b0\u1ee3ng.<\/p>\n<p>V\u1edbi t\u1ea7m nh\u00ecn d\u00e0i h\u1ea1n v\u00e0 quan \u0111i\u1ec3m ph\u00e1t tri\u1ec3n b\u1ec1n v\u1eefng, hi\u1ec7n nay, HungHau Holdings t\u1eadp trung ph\u00e1t tri\u1ec3n v\u00e0o 06 l\u0129nh v\u1ef1c chi\u1ebfn l\u01b0\u1ee3c bao g\u1ed3m:<\/p>\n<ul>\n<li>N\u00f4ng nghi\u1ec7p (HHA)<\/li>\n<li>C\u00f4ng nghi\u1ec7p (HHB)<\/li>\n<li>C\u00f4ng ngh\u1ec7 (HHC)<\/li>\n<li>N\u0103ng l\u01b0\u1ee3ng (HHD)<\/li>\n<li>Gi\u00e1o d\u1ee5c (HHE)<\/li>\n<li>Th\u1ef1c ph\u1ea9m (HHF)<\/li>\n<\/ul>\n<p>HungHau Holdings kh\u00f4ng ng\u1eebng n\u1ed7 l\u1ef1c t\u1ea1o ra nh\u1eefng s\u1ea3n ph\u1ea9m, d\u1ecbch v\u1ee5 h\u01b0\u1edbng \u0111\u1ebfn s\u1ef1 ho\u00e0n h\u1ea3o d\u00e0nh ri\u00eang cho kh\u00e1ch h\u00e0ng, \u0111\u1ed1i t\u00e1c c\u1ee7a m\u00ecnh. Cho d\u00f9 \u1edf l\u0129nh v\u1ef1c n\u00e0o, HungHau Holdings c\u0169ng th\u1ec3 hi\u1ec7n t\u00ednh chuy\u00ean nghi\u1ec7p, s\u00e1ng t\u1ea1o nh\u1eb1m x\u00e2y d\u1ef1ng th\u01b0\u01a1ng hi\u1ec7u mang b\u1ea3n s\u1eafc Vi\u1ec7t v\u00e0 t\u00f4n vinh c\u00e1c gi\u00e1 tr\u1ecb Vi\u1ec7t.<\/p>\n<h2>CHI\u1ebeN L\u01af\u1ee2C PH\u00c1T TRI\u1ec2N<\/h2>\n<p>V\u1edbi l\u00f2ng nhi\u1ec7t huy\u1ebft v\u00e0 n\u1ed7 l\u1ef1c kh\u00f4ng ng\u1eebng chinh ph\u1ee5c \u0111\u1ec9nh cao m\u1edbi c\u1ee7a Ban l\u00e3nh \u0111\u1ea1o c\u00f9ng to\u00e0n th\u1ec3 c\u00e1n b\u1ed9 &#8211; nh\u00e2n vi\u00ean th\u1ec3 hi\u1ec7n qua slogan \u201cTrust your choices\u201d, HungHau Holdings quy\u1ebft t\u00e2m theo \u0111u\u1ed5i c\u00e1c gi\u00e1 tr\u1ecb c\u1ed1t l\u00f5i v\u00e0 ho\u1ea1t \u0111\u1ed9ng trong c\u00e1c l\u0129nh v\u1ef1c tr\u1ecdng t\u00e2m c\u1ee7a m\u00ecnh, \u0111\u00f3 l\u00e0:<\/p>\n<ul>\n<li>N\u00f4ng nghi\u1ec7p l\u00e0 l\u0129nh v\u1ef1c n\u1ec1n t\u1ea3ng;<\/li>\n<li>Gi\u00e1o d\u1ee5c t\u1ea1o s\u1ef1 \u1ed5n \u0111\u1ecbnh v\u00e0 ph\u00e1t tri\u1ec3n b\u1ec1n v\u1eefng;<\/li>\n<li>N\u0103ng l\u01b0\u1ee3ng nh\u1eb1m gia t\u0103ng t\u00edch l\u0169y v\u00e0 t\u1ea1o \u0111\u00e0 ph\u00e1t tri\u1ec3n trong t\u01b0\u01a1ng lai<\/li>\n<\/ul>\n<h2>NH\u1eacN DI\u1ec6N TH\u01af\u01a0NG HI\u1ec6U<\/h2>\n<p><strong><a href=\"https:\/\/hunghau.vn\/wp-content\/uploads\/2026\/02\/logo-HHH-2026.png\"><img fetchpriority=\"high\" decoding=\"async\" class=\"aligncenter wp-image-10366 size-full\" src=\"https:\/\/hunghau.vn\/wp-content\/uploads\/2026\/02\/logo-HHH-2026.png\" alt=\"\" width=\"410\" height=\"303\" \/><\/a><\/strong><\/p>\n<p><strong>\u00dd ngh\u0129a Logo<\/strong><\/p>\n<p>Logo HungHau Holdings l\u00e0 h\u00ecnh \u1ea3nh c\u1ee7a 2 ch\u1eef \u201cH\u201d \u0111an ch\u1eb7t v\u00e0o nhau t\u01b0\u1ee3ng tr\u01b0ng cho s\u1ef1 \u0111o\u00e0n k\u1ebft, g\u1eafn b\u00f3 ch\u1eb7t ch\u1ebd c\u1ee7a ng\u01b0\u1eddi H\u00f9ng H\u1eadu, th\u1ec3 hi\u1ec7n s\u1ef1 tin t\u01b0\u1edfng l\u1eabn nhau, c\u00f9ng nhau ph\u00e1t tri\u1ec3n b\u1ec1n v\u1eefng.<\/p>\n<hr \/>\n<p><strong>\u00dd ngh\u0129a m\u00e0u ch\u1ee7 \u0111\u1ea1o<\/strong><\/p>\n<ul>\n<li>M\u00e0u xanh d\u01b0\u01a1ng l\u00e0 bi\u1ec3u t\u01b0\u1ee3ng c\u1ee7a \u0111\u1ea1i d\u01b0\u01a1ng bao la, th\u1ec3 hi\u1ec7n t\u1ea7m nh\u00ecn mu\u1ed1n v\u01b0\u01a1n ra bi\u1ec3n l\u1edbn, l\u00e0 ni\u1ec1m hy v\u1ecdng v\u00e0o t\u01b0\u01a1ng lai t\u01b0\u01a1i s\u00e1ng.<\/li>\n<li>M\u00e0u xanh l\u00e1 l\u00e0 bi\u1ec3u t\u01b0\u1ee3ng c\u1ee7a s\u1ee9c s\u1ed1ng, th\u1ec3 hi\u1ec7n cu\u1ed9c s\u1ed1ng t\u01b0\u01a1i \u0111\u1eb9p c\u1ee7a ng\u01b0\u1eddi H\u00f9ng H\u1eadu. M\u00e0u xanh l\u00e1 c\u0169ng l\u00e0 bi\u1ec3u t\u01b0\u1ee3ng c\u1ee7a ng\u00e0nh n\u00f4ng nghi\u1ec7p l\u00e0 l\u0129nh v\u1ef1c ho\u1ea1t \u0111\u1ed9ng c\u1ed1t l\u00f5i c\u1ee7a HungHau Holdings<\/li>\n<\/ul>\n<hr \/>\n<p><strong>Slogan: Trust your choices<\/strong><\/p>\n<p>L\u00e0 gi\u00e1 tr\u1ecb m\u00e0 HungHau Holdings mu\u1ed1n h\u01b0\u1edbng \u0111\u1ebfn trong t\u01b0\u01a1ng lai, \u0111\u00f3 l\u00e0 s\u1ef1 tin c\u1eady v\u00e0 ki\u00ean \u0111\u1ecbnh, t\u00ednh chuy\u00ean nghi\u1ec7p, s\u1ef1 c\u1edfi m\u1edf v\u00e0 tinh th\u1ea7n th\u1eb3ng ti\u1ebfn, h\u01b0\u1edbng \u0111\u1ebfn s\u1ef1 ph\u00e1t tri\u1ec3n b\u1ec1n v\u1eefng.<\/p>\n<hr \/>\n<p><strong>Line m\u00e0u bi\u1ec3u t\u01b0\u1ee3ng<\/strong><\/p>\n<p>Xanh d\u01b0\u01a1ng v\u00e0 xanh l\u00e1 c\u00e2y l\u00e0 hai m\u00e0u s\u1eafc ch\u1ee7 \u0111\u1ea1o c\u1ee7a HungHau Holdings, g\u00f3p ph\u1ea7n t\u1ea1o n\u00ean m\u00e0u s\u1eafc nh\u1eadn di\u1ec7n c\u1ee7a th\u01b0\u01a1ng hi\u1ec7u. C\u00f9ng v\u1edbi bi\u1ec3u t\u01b0\u1ee3ng ch\u1eef \u201cH\u201d c\u00e1ch \u0111i\u1ec7u, line m\u00e0u theo t\u1ef7 l\u1ec7 3-7 tr\u1edf th\u00e0nh c\u1ed1t l\u00f5i trong h\u1ec7 th\u1ed1ng d\u1ea5u hi\u1ec7u \u0111\u1eb7c tr\u01b0ng c\u1ee7a HungHau.<\/p>\n<p>T\u1ec9 l\u1ec7 3-7 c\u0169ng \u0111\u01b0\u1ee3c th\u1ec3 hi\u1ec7n xuy\u00ean su\u1ed1t trong chi\u1ebfn l\u01b0\u1ee3c qu\u1ea3n l\u00fd v\u00e0 ph\u00e1t tri\u1ec3n c\u1ee7a HungHau Holdings, c\u1ee5 th\u1ec3 b\u00ean c\u1ea1nh ch\u0103m lo \u0111\u1eddi s\u1ed1ng ng\u01b0\u1eddi lao \u0111\u1ed9ng, HungHau Holdings d\u00e0nh 70% l\u1ee3i nhu\u1eadn c\u1ee7a m\u00ecnh \u0111\u1ec3 t\u00e1i \u0111\u1ea7u t\u01b0 c\u00f4ng ty, g\u00f3p ph\u1ea7n t\u1ea1o n\u00ean s\u1ef1 ph\u00e1t tri\u1ec3n \u1ed5n \u0111\u1ecbnh v\u00e0 b\u1ec1n v\u1eefng.<\/p>\n<\/div>\n<div id=\"tab_h\u1ed9i-\u0111\u1ed3ng-qu\u1ea3n-tr\u1ecb\" class=\"panel entry-content\" role=\"tabpanel\" aria-labelledby=\"tab-h\u1ed9i-\u0111\u1ed3ng-qu\u1ea3n-tr\u1ecb\">\n<div class=\"row\"  id=\"row-1330212864\">\n\n\t<div id=\"col-342292086\" class=\"col small-12 large-12\"  >\n\t\t\t\t<div class=\"col-inner text-center\"  >\n\t\t\t\n\t\t\t\n\t<div class=\"img has-hover x md-x lg-x y md-y lg-y\" id=\"image_556999961\">\n\t\t<a class=\"\" href=\"\/vi\/ong-tran-van-hau-chu-tich-hdqt\/\" target=\"_blank\" rel=\"noopener\" >\t\t\t\t\t\t<div class=\"img-inner dark\" >\n\t\t\t<img decoding=\"async\" width=\"800\" height=\"800\" src=\"https:\/\/hunghau.vn\/wp-content\/uploads\/2024\/10\/Chu-tich-1.png\" class=\"attachment-large size-large\" alt=\"\" srcset=\"https:\/\/hunghau.vn\/wp-content\/uploads\/2024\/10\/Chu-tich-1.png 800w, https:\/\/hunghau.vn\/wp-content\/uploads\/2024\/10\/Chu-tich-1-768x768.png 768w\" sizes=\"(max-width: 800px) 100vw, 800px\" \/>\t\t\t\t\t\t\n\t\t\t\t\t<\/div>\n\t\t\t\t\t\t<\/a>\t\t\n<style>\n#image_556999961 {\n  width: 33%;\n}\n<\/style>\n\t<\/div>\n\t\n\t\t<\/div>\n\t\t\t\t\t<\/div>\n\n\t\n<\/div>\n<div class=\"row row-collapse align-center\"  id=\"row-1964090581\">\n\n\t<div id=\"col-1282345707\" class=\"col small-12 large-12\"  >\n\t\t\t\t<div class=\"col-inner text-center\"  >\n\t\t\t\n\t\t\t\n\t<div class=\"img has-hover x md-x lg-x y md-y lg-y\" id=\"image_946291521\">\n\t\t<a class=\"\" href=\"\/vi\/ong-tran-thanh-huong-gddh\/\" target=\"_blank\" rel=\"noopener\" >\t\t\t\t\t\t<div class=\"img-inner dark\" >\n\t\t\t<img decoding=\"async\" width=\"800\" height=\"800\" src=\"https:\/\/hunghau.vn\/wp-content\/uploads\/2024\/10\/Anh-Huong-1.png\" class=\"attachment-large size-large\" alt=\"\" srcset=\"https:\/\/hunghau.vn\/wp-content\/uploads\/2024\/10\/Anh-Huong-1.png 800w, https:\/\/hunghau.vn\/wp-content\/uploads\/2024\/10\/Anh-Huong-1-768x768.png 768w\" sizes=\"(max-width: 800px) 100vw, 800px\" \/>\t\t\t\t\t\t\n\t\t\t\t\t<\/div>\n\t\t\t\t\t\t<\/a>\t\t\n<style>\n#image_946291521 {\n  width: 33%;\n}\n<\/style>\n\t<\/div>\n\t\n\t\t<\/div>\n\t\t\t\t\t<\/div>\n\n\t\n<\/div>\n<div class=\"row\"  id=\"row-225668775\">\n\n\t<div id=\"col-1262935579\" class=\"col medium-3 small-12 large-3\"  >\n\t\t\t\t<div class=\"col-inner\"  >\n\t\t\t\n\t\t\t\n\t<div class=\"img has-hover x md-x lg-x y md-y lg-y\" id=\"image_1665728814\">\n\t\t\t\t\t\t\t\t<div class=\"img-inner dark\" >\n\t\t\t<img loading=\"lazy\" decoding=\"async\" width=\"800\" height=\"800\" src=\"https:\/\/hunghau.vn\/wp-content\/uploads\/2024\/09\/anh-Khang-1.png\" class=\"attachment-large size-large\" alt=\"\" srcset=\"https:\/\/hunghau.vn\/wp-content\/uploads\/2024\/09\/anh-Khang-1.png 800w, https:\/\/hunghau.vn\/wp-content\/uploads\/2024\/09\/anh-Khang-1-768x768.png 768w\" sizes=\"(max-width: 800px) 100vw, 800px\" \/>\t\t\t\t\t\t\n\t\t\t\t\t<\/div>\n\t\t\t\t\t\t\t\t\n<style>\n#image_1665728814 {\n  width: 100%;\n}\n<\/style>\n\t<\/div>\n\t\n\t\t<\/div>\n\t\t\t\t\t<\/div>\n\n\t\n\n\t<div id=\"col-1575826069\" class=\"col medium-3 small-12 large-3\"  >\n\t\t\t\t<div class=\"col-inner\"  >\n\t\t\t\n\t\t\t\n\t<div class=\"img has-hover x md-x lg-x y md-y lg-y\" id=\"image_335500818\">\n\t\t<a class=\"\" href=\"https:\/\/hunghau.vn\/vi\/ba-huynh-thanh-thanh-vien-hdqt\/\" target=\"_blank\" rel=\"noopener\" >\t\t\t\t\t\t<div class=\"img-inner dark\" >\n\t\t\t<img loading=\"lazy\" decoding=\"async\" width=\"800\" height=\"800\" src=\"https:\/\/hunghau.vn\/wp-content\/uploads\/2024\/10\/chi-Thanh-1.png\" class=\"attachment-large size-large\" alt=\"\" srcset=\"https:\/\/hunghau.vn\/wp-content\/uploads\/2024\/10\/chi-Thanh-1.png 800w, https:\/\/hunghau.vn\/wp-content\/uploads\/2024\/10\/chi-Thanh-1-768x768.png 768w\" sizes=\"(max-width: 800px) 100vw, 800px\" \/>\t\t\t\t\t\t\n\t\t\t\t\t<\/div>\n\t\t\t\t\t\t<\/a>\t\t\n<style>\n#image_335500818 {\n  width: 100%;\n}\n<\/style>\n\t<\/div>\n\t\n<\/div>\n<div><\/div>\n<div>\n\t\t<\/div>\n\t\t\t\t\t<\/div>\n\n\t\n\n\t<div id=\"col-1151232610\" class=\"col medium-3 small-12 large-3\"  >\n\t\t\t\t<div class=\"col-inner\"  >\n\t\t\t\n\t\t\t\n\t<div class=\"img has-hover x md-x lg-x y md-y lg-y\" id=\"image_1164199497\">\n\t\t<a class=\"\" href=\"https:\/\/hunghau.vn\/vi\/ong-vu-quang-chinh-giam-doc-dieu-hanh\/\" target=\"_blank\" rel=\"noopener\" >\t\t\t\t\t\t<div class=\"img-inner dark\" >\n\t\t\t<img loading=\"lazy\" decoding=\"async\" width=\"800\" height=\"800\" src=\"https:\/\/hunghau.vn\/wp-content\/uploads\/2025\/06\/anh-Chinh-1.png\" class=\"attachment-large size-large\" alt=\"\" srcset=\"https:\/\/hunghau.vn\/wp-content\/uploads\/2025\/06\/anh-Chinh-1.png 800w, https:\/\/hunghau.vn\/wp-content\/uploads\/2025\/06\/anh-Chinh-1-768x768.png 768w\" sizes=\"(max-width: 800px) 100vw, 800px\" \/>\t\t\t\t\t\t\n\t\t\t\t\t<\/div>\n\t\t\t\t\t\t<\/a>\t\t\n<style>\n#image_1164199497 {\n  width: 100%;\n}\n<\/style>\n\t<\/div>\n\t\n\t\t<\/div>\n\t\t\t\t\t<\/div>\n\n\t\n\n\t<div id=\"col-1885773469\" class=\"col medium-3 small-12 large-3\"  >\n\t\t\t\t<div class=\"col-inner\"  >\n\t\t\t\n\t\t\t\n\t<div class=\"img has-hover x md-x lg-x y md-y lg-y\" id=\"image_96055696\">\n\t\t<a class=\"\" href=\"https:\/\/hunghau.vn\/vi\/ba-pham-thi-minh-nguyet-gddh\/\" >\t\t\t\t\t\t<div class=\"img-inner dark\" >\n\t\t\t<img loading=\"lazy\" decoding=\"async\" width=\"800\" height=\"800\" src=\"https:\/\/hunghau.vn\/wp-content\/uploads\/2025\/06\/chi-Nguyet.png\" class=\"attachment-large size-large\" alt=\"\" srcset=\"https:\/\/hunghau.vn\/wp-content\/uploads\/2025\/06\/chi-Nguyet.png 800w, https:\/\/hunghau.vn\/wp-content\/uploads\/2025\/06\/chi-Nguyet-768x768.png 768w\" sizes=\"(max-width: 800px) 100vw, 800px\" \/>\t\t\t\t\t\t\n\t\t\t\t\t<\/div>\n\t\t\t\t\t\t<\/a>\t\t\n<style>\n#image_96055696 {\n  width: 100%;\n}\n<\/style>\n\t<\/div>\n\t\n\t\t<\/div>\n\t\t\t\t\t<\/div>\n\n\t\n<\/div>\n<\/div>\n<div id=\"tab_ban-gi\u00e1m-\u0111\u1ed1c-\u0110i\u1ec1u-h\u00e0nh\" class=\"panel entry-content\" role=\"tabpanel\" aria-labelledby=\"tab-ban-gi\u00e1m-\u0111\u1ed1c-\u0110i\u1ec1u-h\u00e0nh\">\n<div class=\"row align-center\"  id=\"row-1100976615\">\n\n\t<div id=\"col-1245450251\" class=\"col medium-5 small-12 large-5\"  >\n\t\t\t\t<div class=\"col-inner text-center\"  >\n\t\t\t\n\t\t\t\n\t<div class=\"img has-hover x md-x lg-x y md-y lg-y\" id=\"image_1338440585\">\n\t\t\t\t\t\t\t\t<div class=\"img-inner dark\" >\n\t\t\t<img loading=\"lazy\" decoding=\"async\" width=\"800\" height=\"800\" src=\"https:\/\/hunghau.vn\/wp-content\/uploads\/2024\/09\/anh-Khang.png\" class=\"attachment-large size-large\" alt=\"\" srcset=\"https:\/\/hunghau.vn\/wp-content\/uploads\/2024\/09\/anh-Khang.png 800w, https:\/\/hunghau.vn\/wp-content\/uploads\/2024\/09\/anh-Khang-768x768.png 768w\" sizes=\"(max-width: 800px) 100vw, 800px\" \/>\t\t\t\t\t\t\n\t\t\t\t\t<\/div>\n\t\t\t\t\t\t\t\t\n<style>\n#image_1338440585 {\n  width: 80%;\n}\n<\/style>\n\t<\/div>\n\t\n\t\t<\/div>\n\t\t\t\t\t<\/div>\n\n\t\n\n<\/div>\n<div class=\"row row-collapse align-center\"  id=\"row-1843711833\">\n\n\t<div id=\"col-45891493\" class=\"col medium-3 small-12 large-3\"  >\n\t\t\t\t<div class=\"col-inner\"  >\n\t\t\t\n\t\t\t\n\t<div class=\"img has-hover x md-x lg-x y md-y lg-y\" id=\"image_1123322746\">\n\t\t\t\t\t\t\t\t<div class=\"img-inner dark\" >\n\t\t\t<img loading=\"lazy\" decoding=\"async\" width=\"1000\" height=\"1000\" src=\"https:\/\/hunghau.vn\/wp-content\/uploads\/2025\/06\/Thay-Duc.png\" class=\"attachment-large size-large\" alt=\"\" srcset=\"https:\/\/hunghau.vn\/wp-content\/uploads\/2025\/06\/Thay-Duc.png 1000w, https:\/\/hunghau.vn\/wp-content\/uploads\/2025\/06\/Thay-Duc-768x768.png 768w\" sizes=\"(max-width: 1000px) 100vw, 1000px\" \/>\t\t\t\t\t\t\n\t\t\t\t\t<\/div>\n\t\t\t\t\t\t\t\t\n<style>\n#image_1123322746 {\n  width: 100%;\n}\n<\/style>\n\t<\/div>\n\t\n\t\t<\/div>\n\t\t\t\t\t<\/div>\n\n\t\n\n\t<div id=\"col-1729883074\" class=\"col medium-3 small-12 large-3\"  >\n\t\t\t\t<div class=\"col-inner\"  >\n\t\t\t\n\t\t\t\n\t<div class=\"img has-hover x md-x lg-x y md-y lg-y\" id=\"image_774768098\">\n\t\t\t\t\t\t\t\t<div class=\"img-inner dark\" >\n\t\t\t<img loading=\"lazy\" decoding=\"async\" width=\"800\" height=\"800\" src=\"https:\/\/hunghau.vn\/wp-content\/uploads\/2024\/10\/thay-Dung.png\" class=\"attachment-large size-large\" alt=\"\" srcset=\"https:\/\/hunghau.vn\/wp-content\/uploads\/2024\/10\/thay-Dung.png 800w, https:\/\/hunghau.vn\/wp-content\/uploads\/2024\/10\/thay-Dung-768x768.png 768w\" sizes=\"(max-width: 800px) 100vw, 800px\" \/>\t\t\t\t\t\t\n\t\t\t\t\t<\/div>\n\t\t\t\t\t\t\t\t\n<style>\n#image_774768098 {\n  width: 100%;\n}\n<\/style>\n\t<\/div>\n\t\n\t\t<\/div>\n\t\t\t\t\t<\/div>\n\n\t\n\n\t<div id=\"col-67402050\" class=\"col medium-3 small-12 large-3\"  >\n\t\t\t\t<div class=\"col-inner text-center\"  >\n\t\t\t\n\t\t\t\n\t<div class=\"img has-hover x md-x lg-x y md-y lg-y\" id=\"image_1133987858\">\n\t\t\t\t\t\t\t\t<div class=\"img-inner dark\" >\n\t\t\t<img loading=\"lazy\" decoding=\"async\" width=\"800\" height=\"800\" src=\"https:\/\/hunghau.vn\/wp-content\/uploads\/2026\/01\/anh-Vinh.png\" class=\"attachment-large size-large\" alt=\"\" srcset=\"https:\/\/hunghau.vn\/wp-content\/uploads\/2026\/01\/anh-Vinh.png 800w, https:\/\/hunghau.vn\/wp-content\/uploads\/2026\/01\/anh-Vinh-768x768.png 768w\" sizes=\"(max-width: 800px) 100vw, 800px\" \/>\t\t\t\t\t\t\n\t\t\t\t\t<\/div>\n\t\t\t\t\t\t\t\t\n<style>\n#image_1133987858 {\n  width: 100%;\n}\n<\/style>\n\t<\/div>\n\t\n\t\t<\/div>\n\t\t\t\t\t<\/div>\n\n\t\n\n\t<div id=\"col-2073657291\" class=\"col medium-3 small-12 large-3\"  >\n\t\t\t\t<div class=\"col-inner text-center\"  >\n\t\t\t\n\t\t\t\n\t<div class=\"img has-hover x md-x lg-x y md-y lg-y\" id=\"image_1457897672\">\n\t\t\t\t\t\t\t\t<div class=\"img-inner dark\" >\n\t\t\t<img loading=\"lazy\" decoding=\"async\" width=\"800\" height=\"800\" src=\"https:\/\/hunghau.vn\/wp-content\/uploads\/2026\/01\/chi-Nhu.png\" class=\"attachment-large size-large\" alt=\"\" srcset=\"https:\/\/hunghau.vn\/wp-content\/uploads\/2026\/01\/chi-Nhu.png 800w, https:\/\/hunghau.vn\/wp-content\/uploads\/2026\/01\/chi-Nhu-768x768.png 768w\" sizes=\"(max-width: 800px) 100vw, 800px\" \/>\t\t\t\t\t\t\n\t\t\t\t\t<\/div>\n\t\t\t\t\t\t\t\t\n<style>\n#image_1457897672 {\n  width: 100%;\n}\n<\/style>\n\t<\/div>\n\t\n\t\t<\/div>\n\t\t\t\t\t<\/div>\n\n\t\n<\/div>\n<\/div><\/div><\/div>\n","protected":false},"excerpt":{"rendered":"","protected":false},"author":1,"featured_media":0,"parent":0,"menu_order":0,"comment_status":"closed","ping_status":"closed","template":"","meta":{"h5ap_radio_sources":[],"footnotes":""},"class_list":["post-4937","page","type-page","status-publish","hentry"],"yoast_head":"<!-- This site is optimized with the Yoast SEO plugin v27.4 - https:\/\/yoast.com\/product\/yoast-seo-wordpress\/ -->\n<title>Gi\u1edbi thi\u1ec7u - HungHau Holdings<\/title>\n<meta name=\"robots\" content=\"index, follow, max-snippet:-1, max-image-preview:large, max-video-preview:-1\" \/>\n<link rel=\"canonical\" href=\"https:\/\/hunghau.vn\/vi\/gioi-thieu\/\" \/>\n<meta property=\"og:locale\" content=\"vi_VN\" \/>\n<meta property=\"og:type\" content=\"article\" \/>\n<meta property=\"og:title\" content=\"Gi\u1edbi thi\u1ec7u - HungHau Holdings\" \/>\n<meta property=\"og:url\" content=\"https:\/\/hunghau.vn\/vi\/gioi-thieu\/\" \/>\n<meta property=\"og:site_name\" content=\"HungHau Holdings\" \/>\n<meta property=\"article:modified_time\" content=\"2026-02-24T08:15:57+00:00\" \/>\n<meta property=\"og:image\" content=\"https:\/\/hunghau.vn\/wp-content\/uploads\/2026\/02\/logo-HHH-2026.png\" \/>\n<meta name=\"twitter:card\" content=\"summary_large_image\" \/>\n<meta name=\"twitter:label1\" content=\"Est. reading time\" \/>\n\t<meta name=\"twitter:data1\" content=\"4 minutes\" \/>\n<script type=\"application\/ld+json\" class=\"yoast-schema-graph\">{\"@context\":\"https:\\\/\\\/schema.org\",\"@graph\":[{\"@type\":\"WebPage\",\"@id\":\"https:\\\/\\\/hunghau.vn\\\/vi\\\/gioi-thieu\\\/\",\"url\":\"https:\\\/\\\/hunghau.vn\\\/vi\\\/gioi-thieu\\\/\",\"name\":\"Gi\u1edbi thi\u1ec7u - HungHau Holdings\",\"isPartOf\":{\"@id\":\"https:\\\/\\\/hunghau.vn\\\/#website\"},\"primaryImageOfPage\":{\"@id\":\"https:\\\/\\\/hunghau.vn\\\/vi\\\/gioi-thieu\\\/#primaryimage\"},\"image\":{\"@id\":\"https:\\\/\\\/hunghau.vn\\\/vi\\\/gioi-thieu\\\/#primaryimage\"},\"thumbnailUrl\":\"https:\\\/\\\/hunghau.vn\\\/wp-content\\\/uploads\\\/2026\\\/02\\\/logo-HHH-2026.png\",\"datePublished\":\"2018-05-12T08:16:58+00:00\",\"dateModified\":\"2026-02-24T08:15:57+00:00\",\"breadcrumb\":{\"@id\":\"https:\\\/\\\/hunghau.vn\\\/vi\\\/gioi-thieu\\\/#breadcrumb\"},\"inLanguage\":\"vi-VN\",\"potentialAction\":[{\"@type\":\"ReadAction\",\"target\":[\"https:\\\/\\\/hunghau.vn\\\/vi\\\/gioi-thieu\\\/\"]}]},{\"@type\":\"ImageObject\",\"inLanguage\":\"vi-VN\",\"@id\":\"https:\\\/\\\/hunghau.vn\\\/vi\\\/gioi-thieu\\\/#primaryimage\",\"url\":\"https:\\\/\\\/hunghau.vn\\\/wp-content\\\/uploads\\\/2026\\\/02\\\/logo-HHH-2026.png\",\"contentUrl\":\"https:\\\/\\\/hunghau.vn\\\/wp-content\\\/uploads\\\/2026\\\/02\\\/logo-HHH-2026.png\"},{\"@type\":\"BreadcrumbList\",\"@id\":\"https:\\\/\\\/hunghau.vn\\\/vi\\\/gioi-thieu\\\/#breadcrumb\",\"itemListElement\":[{\"@type\":\"ListItem\",\"position\":1,\"name\":\"Home\",\"item\":\"https:\\\/\\\/hunghau.vn\\\/vi\\\/\"},{\"@type\":\"ListItem\",\"position\":2,\"name\":\"Gi\u1edbi thi\u1ec7u\"}]},{\"@type\":\"WebSite\",\"@id\":\"https:\\\/\\\/hunghau.vn\\\/#website\",\"url\":\"https:\\\/\\\/hunghau.vn\\\/\",\"name\":\"HungHau Holdings\",\"description\":\"\u0110\u1ea1i h\u1ecdc V\u0103n Hi\u1ebfn, N\u0103ng l\u01b0\u1ee3ng HungHau, N\u00f4ng nghi\u1ec7p HungHau, Th\u1ef1c ph\u1ea9m HungHau\",\"potentialAction\":[{\"@type\":\"SearchAction\",\"target\":{\"@type\":\"EntryPoint\",\"urlTemplate\":\"https:\\\/\\\/hunghau.vn\\\/?s={search_term_string}\"},\"query-input\":{\"@type\":\"PropertyValueSpecification\",\"valueRequired\":true,\"valueName\":\"search_term_string\"}}],\"inLanguage\":\"vi-VN\"}]}<\/script>\n<!-- \/ Yoast SEO plugin. -->","yoast_head_json":{"title":"Gi\u1edbi thi\u1ec7u - HungHau Holdings","robots":{"index":"index","follow":"follow","max-snippet":"max-snippet:-1","max-image-preview":"max-image-preview:large","max-video-preview":"max-video-preview:-1"},"canonical":"https:\/\/hunghau.vn\/vi\/gioi-thieu\/","og_locale":"vi_VN","og_type":"article","og_title":"Gi\u1edbi thi\u1ec7u - HungHau Holdings","og_url":"https:\/\/hunghau.vn\/vi\/gioi-thieu\/","og_site_name":"HungHau Holdings","article_modified_time":"2026-02-24T08:15:57+00:00","og_image":[{"url":"https:\/\/hunghau.vn\/wp-content\/uploads\/2026\/02\/logo-HHH-2026.png","type":"","width":"","height":""}],"twitter_card":"summary_large_image","twitter_misc":{"Est. reading time":"4 minutes"},"schema":{"@context":"https:\/\/schema.org","@graph":[{"@type":"WebPage","@id":"https:\/\/hunghau.vn\/vi\/gioi-thieu\/","url":"https:\/\/hunghau.vn\/vi\/gioi-thieu\/","name":"Gi\u1edbi thi\u1ec7u - HungHau Holdings","isPartOf":{"@id":"https:\/\/hunghau.vn\/#website"},"primaryImageOfPage":{"@id":"https:\/\/hunghau.vn\/vi\/gioi-thieu\/#primaryimage"},"image":{"@id":"https:\/\/hunghau.vn\/vi\/gioi-thieu\/#primaryimage"},"thumbnailUrl":"https:\/\/hunghau.vn\/wp-content\/uploads\/2026\/02\/logo-HHH-2026.png","datePublished":"2018-05-12T08:16:58+00:00","dateModified":"2026-02-24T08:15:57+00:00","breadcrumb":{"@id":"https:\/\/hunghau.vn\/vi\/gioi-thieu\/#breadcrumb"},"inLanguage":"vi-VN","potentialAction":[{"@type":"ReadAction","target":["https:\/\/hunghau.vn\/vi\/gioi-thieu\/"]}]},{"@type":"ImageObject","inLanguage":"vi-VN","@id":"https:\/\/hunghau.vn\/vi\/gioi-thieu\/#primaryimage","url":"https:\/\/hunghau.vn\/wp-content\/uploads\/2026\/02\/logo-HHH-2026.png","contentUrl":"https:\/\/hunghau.vn\/wp-content\/uploads\/2026\/02\/logo-HHH-2026.png"},{"@type":"BreadcrumbList","@id":"https:\/\/hunghau.vn\/vi\/gioi-thieu\/#breadcrumb","itemListElement":[{"@type":"ListItem","position":1,"name":"Home","item":"https:\/\/hunghau.vn\/vi\/"},{"@type":"ListItem","position":2,"name":"Gi\u1edbi thi\u1ec7u"}]},{"@type":"WebSite","@id":"https:\/\/hunghau.vn\/#website","url":"https:\/\/hunghau.vn\/","name":"HungHau Holdings","description":"\u0110\u1ea1i h\u1ecdc V\u0103n Hi\u1ebfn, N\u0103ng l\u01b0\u1ee3ng HungHau, N\u00f4ng nghi\u1ec7p HungHau, Th\u1ef1c ph\u1ea9m HungHau","potentialAction":[{"@type":"SearchAction","target":{"@type":"EntryPoint","urlTemplate":"https:\/\/hunghau.vn\/?s={search_term_string}"},"query-input":{"@type":"PropertyValueSpecification","valueRequired":true,"valueName":"search_term_string"}}],"inLanguage":"vi-VN"}]}},"_links":{"self":[{"href":"https:\/\/hunghau.vn\/vi\/wp-json\/wp\/v2\/pages\/4937","targetHints":{"allow":["GET"]}}],"collection":[{"href":"https:\/\/hunghau.vn\/vi\/wp-json\/wp\/v2\/pages"}],"about":[{"href":"https:\/\/hunghau.vn\/vi\/wp-json\/wp\/v2\/types\/page"}],"author":[{"embeddable":true,"href":"https:\/\/hunghau.vn\/vi\/wp-json\/wp\/v2\/users\/1"}],"replies":[{"embeddable":true,"href":"https:\/\/hunghau.vn\/vi\/wp-json\/wp\/v2\/comments?post=4937"}],"version-history":[{"count":32,"href":"https:\/\/hunghau.vn\/vi\/wp-json\/wp\/v2\/pages\/4937\/revisions"}],"predecessor-version":[{"id":10368,"href":"https:\/\/hunghau.vn\/vi\/wp-json\/wp\/v2\/pages\/4937\/revisions\/10368"}],"wp:attachment":[{"href":"https:\/\/hunghau.vn\/vi\/wp-json\/wp\/v2\/media?parent=4937"}],"curies":[{"name":"wp","href":"https:\/\/api.w.org\/{rel}","templated":true}]}}