{"id":4514,"date":"2018-02-03T09:24:16","date_gmt":"2018-02-03T02:24:16","guid":{"rendered":"http:\/\/hunghau.vn\/demo\/?page_id=4514"},"modified":"2023-02-07T04:45:44","modified_gmt":"2023-02-07T04:45:44","slug":"ong-tu-thanh-phung-gddh-thuong-truc","status":"publish","type":"page","link":"https:\/\/hunghau.vn\/vi\/ong-tu-thanh-phung-gddh-thuong-truc\/","title":{"rendered":"\u00d4ng T\u1eeb Thanh Ph\u1ee5ng, G\u0110\u0110H th\u01b0\u1eddng tr\u1ef1c"},"content":{"rendered":"    <div class=\"box has-hover has-hover box-vertical box-text-middle\" >\n\n                  <div class=\"box-image \" style=\"width:25%;\">\n           <div class=\"box-image-inner image-cover\" style=\"border-radius:100%;padding-top:100%;\">\n              <img fetchpriority=\"high\" decoding=\"async\" width=\"600\" height=\"450\" src=\"https:\/\/hunghau.vn\/wp-content\/uploads\/2023\/02\/TuThanhPhung_PCT.png\" class=\"attachment- size-\" alt=\"\" \/>                         <\/div>\n          <\/div>\n         \n          <div class=\"box-text text-left\" >\n                <div class=\"box-text-inner\">\n                  <h4 class=\"uppercase\">\n                    <span class=\"person-name\">\u00d4ng T\u1eeb Thanh Ph\u1ee5ng<\/span><br\/>\n                    <span class=\"person-title is-small thin-font op-7\">\n                      Gi\u00e1m \u0111\u1ed1c \u0111i\u1ec1u h\u00e0nh th\u01b0\u1eddng tr\u1ef1c                    <\/span>\n                  <\/h4>\n\t\t\t\t\t\n<p style=\"text-align: justify;\">Trong qu\u00e1 tr\u00ecnh c\u00f4ng t\u00e1c t\u1ea1i HungHau Holdings, \u00f4ng T\u1eeb Thanh Ph\u1ee5ng nh\u1eadn \u0111\u01b0\u1ee3c s\u1ef1 y\u00eau qu\u00fd c\u1ee7a nh\u00e2n vi\u00ean v\u00e0 s\u1ef1 t\u00edn nhi\u1ec7m c\u1ee7a c\u00e1c c\u1ea5p.<\/p>\n<p style=\"text-align: justify;\">\u00d4ng hi\u1ec7n \u0111ang gi\u1eef ch\u1ee9c v\u1ee5:<\/p>\n<ul style=\"text-align: justify;\">\n<li>Th\u00e0nh vi\u00ean H\u0110QT HungHau Holdings<\/li>\n<li>Gi\u00e1m \u0111\u1ed1c \u0110i\u1ec1u h\u00e0nh Th\u01b0\u1eddng tr\u1ef1c HungHau Holdings.<\/li>\n<li>Th\u00e0nh vi\u00ean H\u0110QT C\u00f4ng ty CP N\u00f4ng nghi\u1ec7p H\u00f9ng H\u1eadu<\/li>\n<li>Th\u00e0nh vi\u00ean H\u0110QT tr\u01b0\u1eddng \u0110H V\u0103n Hi\u1ebfn.<\/li>\n<\/ul>\n<p style=\"text-align: justify;\">\u00d4ng T\u1eeb Thanh Ph\u1ee5ng t\u1ed1t nghi\u1ec7p Th\u1ea1c s\u1ef9 T\u00e0i ch\u00ednh K\u1ebf to\u00e1n.<\/p>\n                <\/div>\n          <\/div>\n    <\/div>\n\n\t\n    \n","protected":false},"excerpt":{"rendered":"","protected":false},"author":1,"featured_media":0,"parent":0,"menu_order":0,"comment_status":"closed","ping_status":"closed","template":"page-right-sidebar.php","meta":{"h5ap_radio_sources":[],"footnotes":""},"class_list":["post-4514","page","type-page","status-publish","hentry"],"yoast_head":"<!-- This site is optimized with the Yoast SEO plugin v27.3 - https:\/\/yoast.com\/product\/yoast-seo-wordpress\/ -->\n<title>\u00d4ng T\u1eeb Thanh Ph\u1ee5ng, G\u0110\u0110H th\u01b0\u1eddng tr\u1ef1c - HungHau Holdings<\/title>\n<meta name=\"robots\" content=\"index, follow, max-snippet:-1, max-image-preview:large, max-video-preview:-1\" \/>\n<link rel=\"canonical\" href=\"https:\/\/hunghau.vn\/mr-tu-thanh-phung-permanent-general-director\/\" \/>\n<meta property=\"og:locale\" content=\"vi_VN\" \/>\n<meta property=\"og:type\" content=\"article\" \/>\n<meta property=\"og:title\" content=\"\u00d4ng T\u1eeb Thanh Ph\u1ee5ng, G\u0110\u0110H th\u01b0\u1eddng tr\u1ef1c - HungHau Holdings\" \/>\n<meta property=\"og:url\" content=\"https:\/\/hunghau.vn\/mr-tu-thanh-phung-permanent-general-director\/\" \/>\n<meta property=\"og:site_name\" content=\"HungHau Holdings\" \/>\n<meta property=\"article:modified_time\" content=\"2023-02-07T04:45:44+00:00\" \/>\n<meta name=\"twitter:card\" content=\"summary_large_image\" \/>\n<meta name=\"twitter:label1\" content=\"Est. reading time\" \/>\n\t<meta name=\"twitter:data1\" content=\"1 minute\" \/>\n<script type=\"application\/ld+json\" class=\"yoast-schema-graph\">{\"@context\":\"https:\\\/\\\/schema.org\",\"@graph\":[{\"@type\":\"WebPage\",\"@id\":\"https:\\\/\\\/hunghau.vn\\\/mr-tu-thanh-phung-permanent-general-director\\\/\",\"url\":\"https:\\\/\\\/hunghau.vn\\\/mr-tu-thanh-phung-permanent-general-director\\\/\",\"name\":\"\u00d4ng T\u1eeb Thanh Ph\u1ee5ng, G\u0110\u0110H th\u01b0\u1eddng tr\u1ef1c - HungHau Holdings\",\"isPartOf\":{\"@id\":\"https:\\\/\\\/hunghau.vn\\\/#website\"},\"datePublished\":\"2018-02-03T02:24:16+00:00\",\"dateModified\":\"2023-02-07T04:45:44+00:00\",\"breadcrumb\":{\"@id\":\"https:\\\/\\\/hunghau.vn\\\/mr-tu-thanh-phung-permanent-general-director\\\/#breadcrumb\"},\"inLanguage\":\"vi-VN\",\"potentialAction\":[{\"@type\":\"ReadAction\",\"target\":[\"https:\\\/\\\/hunghau.vn\\\/mr-tu-thanh-phung-permanent-general-director\\\/\"]}]},{\"@type\":\"BreadcrumbList\",\"@id\":\"https:\\\/\\\/hunghau.vn\\\/mr-tu-thanh-phung-permanent-general-director\\\/#breadcrumb\",\"itemListElement\":[{\"@type\":\"ListItem\",\"position\":1,\"name\":\"Home\",\"item\":\"https:\\\/\\\/hunghau.vn\\\/vi\\\/\"},{\"@type\":\"ListItem\",\"position\":2,\"name\":\"\u00d4ng T\u1eeb Thanh Ph\u1ee5ng, G\u0110\u0110H th\u01b0\u1eddng tr\u1ef1c\"}]},{\"@type\":\"WebSite\",\"@id\":\"https:\\\/\\\/hunghau.vn\\\/#website\",\"url\":\"https:\\\/\\\/hunghau.vn\\\/\",\"name\":\"HungHau Holdings\",\"description\":\"\u0110\u1ea1i h\u1ecdc V\u0103n Hi\u1ebfn, N\u0103ng l\u01b0\u1ee3ng HungHau, N\u00f4ng nghi\u1ec7p HungHau, Th\u1ef1c ph\u1ea9m HungHau\",\"potentialAction\":[{\"@type\":\"SearchAction\",\"target\":{\"@type\":\"EntryPoint\",\"urlTemplate\":\"https:\\\/\\\/hunghau.vn\\\/?s={search_term_string}\"},\"query-input\":{\"@type\":\"PropertyValueSpecification\",\"valueRequired\":true,\"valueName\":\"search_term_string\"}}],\"inLanguage\":\"vi-VN\"}]}<\/script>\n<!-- \/ Yoast SEO plugin. -->","yoast_head_json":{"title":"\u00d4ng T\u1eeb Thanh Ph\u1ee5ng, G\u0110\u0110H th\u01b0\u1eddng tr\u1ef1c - HungHau Holdings","robots":{"index":"index","follow":"follow","max-snippet":"max-snippet:-1","max-image-preview":"max-image-preview:large","max-video-preview":"max-video-preview:-1"},"canonical":"https:\/\/hunghau.vn\/mr-tu-thanh-phung-permanent-general-director\/","og_locale":"vi_VN","og_type":"article","og_title":"\u00d4ng T\u1eeb Thanh Ph\u1ee5ng, G\u0110\u0110H th\u01b0\u1eddng tr\u1ef1c - HungHau Holdings","og_url":"https:\/\/hunghau.vn\/mr-tu-thanh-phung-permanent-general-director\/","og_site_name":"HungHau Holdings","article_modified_time":"2023-02-07T04:45:44+00:00","twitter_card":"summary_large_image","twitter_misc":{"Est. reading time":"1 minute"},"schema":{"@context":"https:\/\/schema.org","@graph":[{"@type":"WebPage","@id":"https:\/\/hunghau.vn\/mr-tu-thanh-phung-permanent-general-director\/","url":"https:\/\/hunghau.vn\/mr-tu-thanh-phung-permanent-general-director\/","name":"\u00d4ng T\u1eeb Thanh Ph\u1ee5ng, G\u0110\u0110H th\u01b0\u1eddng tr\u1ef1c - HungHau Holdings","isPartOf":{"@id":"https:\/\/hunghau.vn\/#website"},"datePublished":"2018-02-03T02:24:16+00:00","dateModified":"2023-02-07T04:45:44+00:00","breadcrumb":{"@id":"https:\/\/hunghau.vn\/mr-tu-thanh-phung-permanent-general-director\/#breadcrumb"},"inLanguage":"vi-VN","potentialAction":[{"@type":"ReadAction","target":["https:\/\/hunghau.vn\/mr-tu-thanh-phung-permanent-general-director\/"]}]},{"@type":"BreadcrumbList","@id":"https:\/\/hunghau.vn\/mr-tu-thanh-phung-permanent-general-director\/#breadcrumb","itemListElement":[{"@type":"ListItem","position":1,"name":"Home","item":"https:\/\/hunghau.vn\/vi\/"},{"@type":"ListItem","position":2,"name":"\u00d4ng T\u1eeb Thanh Ph\u1ee5ng, G\u0110\u0110H th\u01b0\u1eddng tr\u1ef1c"}]},{"@type":"WebSite","@id":"https:\/\/hunghau.vn\/#website","url":"https:\/\/hunghau.vn\/","name":"HungHau Holdings","description":"\u0110\u1ea1i h\u1ecdc V\u0103n Hi\u1ebfn, N\u0103ng l\u01b0\u1ee3ng HungHau, N\u00f4ng nghi\u1ec7p HungHau, Th\u1ef1c ph\u1ea9m HungHau","potentialAction":[{"@type":"SearchAction","target":{"@type":"EntryPoint","urlTemplate":"https:\/\/hunghau.vn\/?s={search_term_string}"},"query-input":{"@type":"PropertyValueSpecification","valueRequired":true,"valueName":"search_term_string"}}],"inLanguage":"vi-VN"}]}},"_links":{"self":[{"href":"https:\/\/hunghau.vn\/vi\/wp-json\/wp\/v2\/pages\/4514","targetHints":{"allow":["GET"]}}],"collection":[{"href":"https:\/\/hunghau.vn\/vi\/wp-json\/wp\/v2\/pages"}],"about":[{"href":"https:\/\/hunghau.vn\/vi\/wp-json\/wp\/v2\/types\/page"}],"author":[{"embeddable":true,"href":"https:\/\/hunghau.vn\/vi\/wp-json\/wp\/v2\/users\/1"}],"replies":[{"embeddable":true,"href":"https:\/\/hunghau.vn\/vi\/wp-json\/wp\/v2\/comments?post=4514"}],"version-history":[{"count":1,"href":"https:\/\/hunghau.vn\/vi\/wp-json\/wp\/v2\/pages\/4514\/revisions"}],"predecessor-version":[{"id":9082,"href":"https:\/\/hunghau.vn\/vi\/wp-json\/wp\/v2\/pages\/4514\/revisions\/9082"}],"wp:attachment":[{"href":"https:\/\/hunghau.vn\/vi\/wp-json\/wp\/v2\/media?parent=4514"}],"curies":[{"name":"wp","href":"https:\/\/api.w.org\/{rel}","templated":true}]}}