{"id":4499,"date":"2018-02-03T09:14:53","date_gmt":"2018-02-03T02:14:53","guid":{"rendered":"http:\/\/hunghau.vn\/demo\/?page_id=4499"},"modified":"2023-02-07T04:03:49","modified_gmt":"2023-02-07T04:03:49","slug":"ba-nguyen-thi-thanh-tam-pho-ct-hdqt","status":"publish","type":"page","link":"https:\/\/hunghau.vn\/vi\/ba-nguyen-thi-thanh-tam-pho-ct-hdqt\/","title":{"rendered":"B\u00e0 Nguy\u1ec5n Th\u1ecb Thanh T\u00e2m, Ph\u00f3 CT H\u0110QT"},"content":{"rendered":"    <div class=\"box has-hover has-hover box-vertical box-text-middle\" >\n\n                  <div class=\"box-image \" style=\"width:25%;\">\n           <div class=\"box-image-inner image-cover\" style=\"border-radius:100%;padding-top:100%;\">\n              <img fetchpriority=\"high\" decoding=\"async\" width=\"600\" height=\"450\" src=\"https:\/\/hunghau.vn\/wp-content\/uploads\/2023\/02\/NguyenThiThanhTam_PCT.png\" class=\"attachment- size-\" alt=\"\" \/>                         <\/div>\n          <\/div>\n         \n          <div class=\"box-text text-left\" >\n                <div class=\"box-text-inner\">\n                  <h4 class=\"uppercase\">\n                    <span class=\"person-name\">B\u00e0 Nguy\u1ec5n Th\u1ecb Thanh T\u00e2m<\/span><br\/>\n                    <span class=\"person-title is-small thin-font op-7\">\n                      Ph\u00f3 Ch\u1ee7 t\u1ecbch H\u1ed9i \u0111\u1ed3ng qu\u1ea3n tr\u1ecb                    <\/span>\n                  <\/h4>\n\t\t\t\t\t\n<p style=\"text-align: justify;\">B\u00e0 Nguy\u1ec5n Th\u1ecb Thanh T\u00e2m l\u00e0 m\u1ed9t trong nh\u1eefng c\u1ed9ng s\u1ef1 \u0111\u1ea7u ti\u00ean c\u00f9ng v\u1edbi Nh\u00e0 s\u00e1ng l\u1eadp, x\u00e2y d\u1ef1ng v\u00e0 ph\u00e1t tri\u1ec3n HungHau Holdings. B\u00e0 lu\u00f4n lu\u00f4n t\u00edch c\u1ef1c c\u1ed1ng hi\u1ebfn v\u00e0 g\u00f3p ph\u1ea7n quan tr\u1ecdng x\u00e2y d\u1ef1ng Ng\u01b0\u1eddi H\u00f9ng H\u1eadu l\u1edbn m\u1ea1nh.<\/p>\n<p style=\"text-align: justify;\">B\u00e0 Nguy\u1ec5n Th\u1ecb Thanh T\u00e2m hi\u1ec7n \u0111ang gi\u1eef ch\u1ee9c v\u1ee5:<\/p>\n<ul style=\"text-align: justify;\">\n<li>Ph\u00f3 Ch\u1ee7 t\u1ecbch H\u0110QT HungHau Holdings<\/li>\n<li>Th\u00e0nh vi\u00ean H\u0110QT C\u00f4ng ty CP N\u00f4ng nghi\u1ec7p H\u00f9ng H\u1eadu<\/li>\n<li>Th\u00e0nh vi\u00ean H\u0110QT Tr\u01b0\u1eddng \u0110\u1ea1i h\u1ecdc V\u0103n Hi\u1ebfn<\/li>\n<li>Ch\u1ee7 t\u1ecbch H\u0110QT Tr\u01b0\u1eddng Cao \u0111\u1eb3ng B\u00ecnh Minh S\u00e0i G\u00f2n<\/li>\n<li>Ch\u1ee7 t\u1ecbch H\u0110QT Tr\u01b0\u1eddng Trung c\u1ea5p V\u1ea1n H\u1ea1nh<\/li>\n<li>V\u00e0 B\u00e0 T\u00e2m c\u00f2n \u0111\u1ea3m nh\u1eadn m\u1ed9t s\u1ed1 v\u1ecb tr\u00ed ch\u1ee7 ch\u1ed1t t\u1ea1i c\u00e1c \u0111\u01a1n v\u1ecb kh\u00e1c.<\/li>\n<\/ul>\n                <\/div>\n          <\/div>\n    <\/div>\n\n\t\n    \n","protected":false},"excerpt":{"rendered":"","protected":false},"author":1,"featured_media":0,"parent":0,"menu_order":0,"comment_status":"closed","ping_status":"closed","template":"page-right-sidebar.php","meta":{"h5ap_radio_sources":[],"footnotes":""},"class_list":["post-4499","page","type-page","status-publish","hentry"],"yoast_head":"<!-- This site is optimized with the Yoast SEO plugin v27.4 - https:\/\/yoast.com\/product\/yoast-seo-wordpress\/ -->\n<title>B\u00e0 Nguy\u1ec5n Th\u1ecb Thanh T\u00e2m, Ph\u00f3 CT H\u0110QT - HungHau Holdings<\/title>\n<meta name=\"robots\" content=\"index, follow, max-snippet:-1, max-image-preview:large, max-video-preview:-1\" \/>\n<link rel=\"canonical\" href=\"https:\/\/hunghau.vn\/vi\/ba-nguyen-thi-thanh-tam-pho-ct-hdqt\/\" \/>\n<meta property=\"og:locale\" content=\"vi_VN\" \/>\n<meta property=\"og:type\" content=\"article\" \/>\n<meta property=\"og:title\" content=\"B\u00e0 Nguy\u1ec5n Th\u1ecb Thanh T\u00e2m, Ph\u00f3 CT H\u0110QT - HungHau Holdings\" \/>\n<meta property=\"og:url\" content=\"https:\/\/hunghau.vn\/vi\/ba-nguyen-thi-thanh-tam-pho-ct-hdqt\/\" \/>\n<meta property=\"og:site_name\" content=\"HungHau Holdings\" \/>\n<meta property=\"article:modified_time\" content=\"2023-02-07T04:03:49+00:00\" \/>\n<meta name=\"twitter:card\" content=\"summary_large_image\" \/>\n<meta name=\"twitter:label1\" content=\"Est. reading time\" \/>\n\t<meta name=\"twitter:data1\" content=\"1 minute\" \/>\n<script type=\"application\/ld+json\" class=\"yoast-schema-graph\">{\"@context\":\"https:\\\/\\\/schema.org\",\"@graph\":[{\"@type\":\"WebPage\",\"@id\":\"https:\\\/\\\/hunghau.vn\\\/vi\\\/ba-nguyen-thi-thanh-tam-pho-ct-hdqt\\\/\",\"url\":\"https:\\\/\\\/hunghau.vn\\\/vi\\\/ba-nguyen-thi-thanh-tam-pho-ct-hdqt\\\/\",\"name\":\"B\u00e0 Nguy\u1ec5n Th\u1ecb Thanh T\u00e2m, Ph\u00f3 CT H\u0110QT - HungHau Holdings\",\"isPartOf\":{\"@id\":\"https:\\\/\\\/hunghau.vn\\\/#website\"},\"datePublished\":\"2018-02-03T02:14:53+00:00\",\"dateModified\":\"2023-02-07T04:03:49+00:00\",\"breadcrumb\":{\"@id\":\"https:\\\/\\\/hunghau.vn\\\/vi\\\/ba-nguyen-thi-thanh-tam-pho-ct-hdqt\\\/#breadcrumb\"},\"inLanguage\":\"vi-VN\",\"potentialAction\":[{\"@type\":\"ReadAction\",\"target\":[\"https:\\\/\\\/hunghau.vn\\\/vi\\\/ba-nguyen-thi-thanh-tam-pho-ct-hdqt\\\/\"]}]},{\"@type\":\"BreadcrumbList\",\"@id\":\"https:\\\/\\\/hunghau.vn\\\/vi\\\/ba-nguyen-thi-thanh-tam-pho-ct-hdqt\\\/#breadcrumb\",\"itemListElement\":[{\"@type\":\"ListItem\",\"position\":1,\"name\":\"Home\",\"item\":\"https:\\\/\\\/hunghau.vn\\\/vi\\\/\"},{\"@type\":\"ListItem\",\"position\":2,\"name\":\"B\u00e0 Nguy\u1ec5n Th\u1ecb Thanh T\u00e2m, Ph\u00f3 CT H\u0110QT\"}]},{\"@type\":\"WebSite\",\"@id\":\"https:\\\/\\\/hunghau.vn\\\/#website\",\"url\":\"https:\\\/\\\/hunghau.vn\\\/\",\"name\":\"HungHau Holdings\",\"description\":\"\u0110\u1ea1i h\u1ecdc V\u0103n Hi\u1ebfn, N\u0103ng l\u01b0\u1ee3ng HungHau, N\u00f4ng nghi\u1ec7p HungHau, Th\u1ef1c ph\u1ea9m HungHau\",\"potentialAction\":[{\"@type\":\"SearchAction\",\"target\":{\"@type\":\"EntryPoint\",\"urlTemplate\":\"https:\\\/\\\/hunghau.vn\\\/?s={search_term_string}\"},\"query-input\":{\"@type\":\"PropertyValueSpecification\",\"valueRequired\":true,\"valueName\":\"search_term_string\"}}],\"inLanguage\":\"vi-VN\"}]}<\/script>\n<!-- \/ Yoast SEO plugin. -->","yoast_head_json":{"title":"B\u00e0 Nguy\u1ec5n Th\u1ecb Thanh T\u00e2m, Ph\u00f3 CT H\u0110QT - HungHau Holdings","robots":{"index":"index","follow":"follow","max-snippet":"max-snippet:-1","max-image-preview":"max-image-preview:large","max-video-preview":"max-video-preview:-1"},"canonical":"https:\/\/hunghau.vn\/vi\/ba-nguyen-thi-thanh-tam-pho-ct-hdqt\/","og_locale":"vi_VN","og_type":"article","og_title":"B\u00e0 Nguy\u1ec5n Th\u1ecb Thanh T\u00e2m, Ph\u00f3 CT H\u0110QT - HungHau Holdings","og_url":"https:\/\/hunghau.vn\/vi\/ba-nguyen-thi-thanh-tam-pho-ct-hdqt\/","og_site_name":"HungHau Holdings","article_modified_time":"2023-02-07T04:03:49+00:00","twitter_card":"summary_large_image","twitter_misc":{"Est. reading time":"1 minute"},"schema":{"@context":"https:\/\/schema.org","@graph":[{"@type":"WebPage","@id":"https:\/\/hunghau.vn\/vi\/ba-nguyen-thi-thanh-tam-pho-ct-hdqt\/","url":"https:\/\/hunghau.vn\/vi\/ba-nguyen-thi-thanh-tam-pho-ct-hdqt\/","name":"B\u00e0 Nguy\u1ec5n Th\u1ecb Thanh T\u00e2m, Ph\u00f3 CT H\u0110QT - HungHau Holdings","isPartOf":{"@id":"https:\/\/hunghau.vn\/#website"},"datePublished":"2018-02-03T02:14:53+00:00","dateModified":"2023-02-07T04:03:49+00:00","breadcrumb":{"@id":"https:\/\/hunghau.vn\/vi\/ba-nguyen-thi-thanh-tam-pho-ct-hdqt\/#breadcrumb"},"inLanguage":"vi-VN","potentialAction":[{"@type":"ReadAction","target":["https:\/\/hunghau.vn\/vi\/ba-nguyen-thi-thanh-tam-pho-ct-hdqt\/"]}]},{"@type":"BreadcrumbList","@id":"https:\/\/hunghau.vn\/vi\/ba-nguyen-thi-thanh-tam-pho-ct-hdqt\/#breadcrumb","itemListElement":[{"@type":"ListItem","position":1,"name":"Home","item":"https:\/\/hunghau.vn\/vi\/"},{"@type":"ListItem","position":2,"name":"B\u00e0 Nguy\u1ec5n Th\u1ecb Thanh T\u00e2m, Ph\u00f3 CT H\u0110QT"}]},{"@type":"WebSite","@id":"https:\/\/hunghau.vn\/#website","url":"https:\/\/hunghau.vn\/","name":"HungHau Holdings","description":"\u0110\u1ea1i h\u1ecdc V\u0103n Hi\u1ebfn, N\u0103ng l\u01b0\u1ee3ng HungHau, N\u00f4ng nghi\u1ec7p HungHau, Th\u1ef1c ph\u1ea9m HungHau","potentialAction":[{"@type":"SearchAction","target":{"@type":"EntryPoint","urlTemplate":"https:\/\/hunghau.vn\/?s={search_term_string}"},"query-input":{"@type":"PropertyValueSpecification","valueRequired":true,"valueName":"search_term_string"}}],"inLanguage":"vi-VN"}]}},"_links":{"self":[{"href":"https:\/\/hunghau.vn\/vi\/wp-json\/wp\/v2\/pages\/4499","targetHints":{"allow":["GET"]}}],"collection":[{"href":"https:\/\/hunghau.vn\/vi\/wp-json\/wp\/v2\/pages"}],"about":[{"href":"https:\/\/hunghau.vn\/vi\/wp-json\/wp\/v2\/types\/page"}],"author":[{"embeddable":true,"href":"https:\/\/hunghau.vn\/vi\/wp-json\/wp\/v2\/users\/1"}],"replies":[{"embeddable":true,"href":"https:\/\/hunghau.vn\/vi\/wp-json\/wp\/v2\/comments?post=4499"}],"version-history":[{"count":1,"href":"https:\/\/hunghau.vn\/vi\/wp-json\/wp\/v2\/pages\/4499\/revisions"}],"predecessor-version":[{"id":9072,"href":"https:\/\/hunghau.vn\/vi\/wp-json\/wp\/v2\/pages\/4499\/revisions\/9072"}],"wp:attachment":[{"href":"https:\/\/hunghau.vn\/vi\/wp-json\/wp\/v2\/media?parent=4499"}],"curies":[{"name":"wp","href":"https:\/\/api.w.org\/{rel}","templated":true}]}}