{"id":4496,"date":"2018-02-03T09:07:24","date_gmt":"2018-02-03T02:07:24","guid":{"rendered":"http:\/\/hunghau.vn\/demo\/?page_id=4496"},"modified":"2024-11-26T10:41:59","modified_gmt":"2024-11-26T10:41:59","slug":"ong-tran-van-hau-chu-tich-hdqt","status":"publish","type":"page","link":"https:\/\/hunghau.vn\/vi\/ong-tran-van-hau-chu-tich-hdqt\/","title":{"rendered":"\u00d4ng Tr\u1ea7n V\u0103n H\u1eadu, Ch\u1ee7 t\u1ecbch H\u0110QT"},"content":{"rendered":"    <div class=\"box has-hover has-hover box-vertical box-text-middle\" >\n\n                  <div class=\"box-image \" style=\"width:25%;\">\n           <div class=\"box-image-inner image-cover\" style=\"border-radius:100%;padding-top:100%;\">\n              <img fetchpriority=\"high\" decoding=\"async\" width=\"800\" height=\"800\" src=\"https:\/\/hunghau.vn\/wp-content\/uploads\/2024\/10\/Chu-tich-1.png\" class=\"attachment- size-\" alt=\"\" srcset=\"https:\/\/hunghau.vn\/wp-content\/uploads\/2024\/10\/Chu-tich-1.png 800w, https:\/\/hunghau.vn\/wp-content\/uploads\/2024\/10\/Chu-tich-1-768x768.png 768w\" sizes=\"(max-width: 800px) 100vw, 800px\" \/>                         <\/div>\n          <\/div>\n         \n          <div class=\"box-text text-left\" >\n                <div class=\"box-text-inner\">\n                  <h4 class=\"uppercase\">\n                    <span class=\"person-name\">\u00d4ng Tr\u1ea7n V\u0103n H\u1eadu<\/span><br\/>\n                    <span class=\"person-title is-small thin-font op-7\">\n                      Ch\u1ee7 t\u1ecbch H\u1ed9i \u0111\u1ed3ng qu\u1ea3n tr\u1ecb                    <\/span>\n                  <\/h4>\n\t\t\t\t\t\n<p style=\"text-align: justify;\">\u00d4ng Tr\u1ea7n V\u0103n H\u1eadu l\u00e0 Nh\u00e0 s\u00e1ng l\u1eadp HungHau Holdings.<\/p>\n<p style=\"text-align: justify;\">\u00d4ng lu\u00f4n l\u00e0 ng\u01b0\u1eddi ti\u00ean phong, k\u1ebft n\u1ed1i \u0111\u1ed9i ng\u0169 c\u1ed9ng s\u1ef1 c\u00f3 t\u00e2m v\u00e0 c\u00f3 t\u1ea7m c\u00f9ng x\u00e2y d\u1ef1ng ph\u00e1t tri\u1ec3n HungHau Holdings \u0111\u1ecbnh h\u01b0\u1edbng\u00a0b\u1ec1n v\u1eefng v\u00e0 c\u00f3 tr\u00e1ch nhi\u1ec7m v\u1edbi x\u00e3 h\u1ed9i.<\/p>\n<p style=\"text-align: justify;\">\u00d4ng Tr\u1ea7n V\u0103n H\u1eadu hi\u1ec7n \u0111ang \u0111\u1ea3m nh\u1eadn c\u00e1c ch\u1ee9c v\u1ee5:<\/p>\n<ul style=\"text-align: justify;\">\n<li>Ch\u1ee7 t\u1ecbch H\u0110QT HungHau Holdings<\/li>\n<li>Ch\u1ee7 t\u1ecbch H\u0110QT C\u00f4ng ty C\u1ed5 ph\u1ea7n Gi\u00e1o d\u1ee5c H\u00f9ng H\u1eadu<\/li>\n<li>Ch\u1ee7 t\u1ecbch H\u0110T Tr\u01b0\u1eddng \u0110\u1ea1i h\u1ecdc V\u0103n Hi\u1ebfn.<\/li>\n<li>V\u00e0 \u00d4ng c\u00f2n \u0111\u1ea3m nh\u1eadn m\u1ed9t s\u1ed1 ch\u1ee9c v\u1ee5 ch\u1ee7 ch\u1ed1t \u1edf c\u00e1c \u0111\u01a1n v\u1ecb kh\u00e1c.<\/li>\n<\/ul>\n<p style=\"text-align: justify;\">\u00d4ng Tr\u1ea7n V\u0103n H\u1eadu t\u1ed1t nghi\u1ec7p Th\u1ea1c s\u0129 Qu\u1ea3n tr\u1ecb Kinh doanh.<\/p>\n                <\/div>\n          <\/div>\n    <\/div>\n\n\t\n    \n","protected":false},"excerpt":{"rendered":"","protected":false},"author":1,"featured_media":0,"parent":0,"menu_order":0,"comment_status":"closed","ping_status":"closed","template":"page-right-sidebar.php","meta":{"h5ap_radio_sources":[],"footnotes":""},"class_list":["post-4496","page","type-page","status-publish","hentry"],"yoast_head":"<!-- This site is optimized with the Yoast SEO plugin v27.4 - https:\/\/yoast.com\/product\/yoast-seo-wordpress\/ -->\n<title>\u00d4ng Tr\u1ea7n V\u0103n H\u1eadu, Ch\u1ee7 t\u1ecbch H\u0110QT - HungHau Holdings<\/title>\n<meta name=\"robots\" content=\"index, follow, max-snippet:-1, max-image-preview:large, max-video-preview:-1\" \/>\n<link rel=\"canonical\" href=\"https:\/\/hunghau.vn\/vi\/ong-tran-van-hau-chu-tich-hdqt\/\" \/>\n<meta property=\"og:locale\" content=\"vi_VN\" \/>\n<meta property=\"og:type\" content=\"article\" \/>\n<meta property=\"og:title\" content=\"\u00d4ng Tr\u1ea7n V\u0103n H\u1eadu, Ch\u1ee7 t\u1ecbch H\u0110QT - HungHau Holdings\" \/>\n<meta property=\"og:url\" content=\"https:\/\/hunghau.vn\/vi\/ong-tran-van-hau-chu-tich-hdqt\/\" \/>\n<meta property=\"og:site_name\" content=\"HungHau Holdings\" \/>\n<meta property=\"article:modified_time\" content=\"2024-11-26T10:41:59+00:00\" \/>\n<meta name=\"twitter:card\" content=\"summary_large_image\" \/>\n<meta name=\"twitter:label1\" content=\"Est. reading time\" \/>\n\t<meta name=\"twitter:data1\" content=\"1 minute\" \/>\n<script type=\"application\/ld+json\" class=\"yoast-schema-graph\">{\"@context\":\"https:\\\/\\\/schema.org\",\"@graph\":[{\"@type\":\"WebPage\",\"@id\":\"https:\\\/\\\/hunghau.vn\\\/vi\\\/ong-tran-van-hau-chu-tich-hdqt\\\/\",\"url\":\"https:\\\/\\\/hunghau.vn\\\/vi\\\/ong-tran-van-hau-chu-tich-hdqt\\\/\",\"name\":\"\u00d4ng Tr\u1ea7n V\u0103n H\u1eadu, Ch\u1ee7 t\u1ecbch H\u0110QT - HungHau Holdings\",\"isPartOf\":{\"@id\":\"https:\\\/\\\/hunghau.vn\\\/#website\"},\"datePublished\":\"2018-02-03T02:07:24+00:00\",\"dateModified\":\"2024-11-26T10:41:59+00:00\",\"breadcrumb\":{\"@id\":\"https:\\\/\\\/hunghau.vn\\\/vi\\\/ong-tran-van-hau-chu-tich-hdqt\\\/#breadcrumb\"},\"inLanguage\":\"vi-VN\",\"potentialAction\":[{\"@type\":\"ReadAction\",\"target\":[\"https:\\\/\\\/hunghau.vn\\\/vi\\\/ong-tran-van-hau-chu-tich-hdqt\\\/\"]}]},{\"@type\":\"BreadcrumbList\",\"@id\":\"https:\\\/\\\/hunghau.vn\\\/vi\\\/ong-tran-van-hau-chu-tich-hdqt\\\/#breadcrumb\",\"itemListElement\":[{\"@type\":\"ListItem\",\"position\":1,\"name\":\"Home\",\"item\":\"https:\\\/\\\/hunghau.vn\\\/vi\\\/\"},{\"@type\":\"ListItem\",\"position\":2,\"name\":\"\u00d4ng Tr\u1ea7n V\u0103n H\u1eadu, Ch\u1ee7 t\u1ecbch H\u0110QT\"}]},{\"@type\":\"WebSite\",\"@id\":\"https:\\\/\\\/hunghau.vn\\\/#website\",\"url\":\"https:\\\/\\\/hunghau.vn\\\/\",\"name\":\"HungHau Holdings\",\"description\":\"\u0110\u1ea1i h\u1ecdc V\u0103n Hi\u1ebfn, N\u0103ng l\u01b0\u1ee3ng HungHau, N\u00f4ng nghi\u1ec7p HungHau, Th\u1ef1c ph\u1ea9m HungHau\",\"potentialAction\":[{\"@type\":\"SearchAction\",\"target\":{\"@type\":\"EntryPoint\",\"urlTemplate\":\"https:\\\/\\\/hunghau.vn\\\/?s={search_term_string}\"},\"query-input\":{\"@type\":\"PropertyValueSpecification\",\"valueRequired\":true,\"valueName\":\"search_term_string\"}}],\"inLanguage\":\"vi-VN\"}]}<\/script>\n<!-- \/ Yoast SEO plugin. -->","yoast_head_json":{"title":"\u00d4ng Tr\u1ea7n V\u0103n H\u1eadu, Ch\u1ee7 t\u1ecbch H\u0110QT - HungHau Holdings","robots":{"index":"index","follow":"follow","max-snippet":"max-snippet:-1","max-image-preview":"max-image-preview:large","max-video-preview":"max-video-preview:-1"},"canonical":"https:\/\/hunghau.vn\/vi\/ong-tran-van-hau-chu-tich-hdqt\/","og_locale":"vi_VN","og_type":"article","og_title":"\u00d4ng Tr\u1ea7n V\u0103n H\u1eadu, Ch\u1ee7 t\u1ecbch H\u0110QT - HungHau Holdings","og_url":"https:\/\/hunghau.vn\/vi\/ong-tran-van-hau-chu-tich-hdqt\/","og_site_name":"HungHau Holdings","article_modified_time":"2024-11-26T10:41:59+00:00","twitter_card":"summary_large_image","twitter_misc":{"Est. reading time":"1 minute"},"schema":{"@context":"https:\/\/schema.org","@graph":[{"@type":"WebPage","@id":"https:\/\/hunghau.vn\/vi\/ong-tran-van-hau-chu-tich-hdqt\/","url":"https:\/\/hunghau.vn\/vi\/ong-tran-van-hau-chu-tich-hdqt\/","name":"\u00d4ng Tr\u1ea7n V\u0103n H\u1eadu, Ch\u1ee7 t\u1ecbch H\u0110QT - HungHau Holdings","isPartOf":{"@id":"https:\/\/hunghau.vn\/#website"},"datePublished":"2018-02-03T02:07:24+00:00","dateModified":"2024-11-26T10:41:59+00:00","breadcrumb":{"@id":"https:\/\/hunghau.vn\/vi\/ong-tran-van-hau-chu-tich-hdqt\/#breadcrumb"},"inLanguage":"vi-VN","potentialAction":[{"@type":"ReadAction","target":["https:\/\/hunghau.vn\/vi\/ong-tran-van-hau-chu-tich-hdqt\/"]}]},{"@type":"BreadcrumbList","@id":"https:\/\/hunghau.vn\/vi\/ong-tran-van-hau-chu-tich-hdqt\/#breadcrumb","itemListElement":[{"@type":"ListItem","position":1,"name":"Home","item":"https:\/\/hunghau.vn\/vi\/"},{"@type":"ListItem","position":2,"name":"\u00d4ng Tr\u1ea7n V\u0103n H\u1eadu, Ch\u1ee7 t\u1ecbch H\u0110QT"}]},{"@type":"WebSite","@id":"https:\/\/hunghau.vn\/#website","url":"https:\/\/hunghau.vn\/","name":"HungHau Holdings","description":"\u0110\u1ea1i h\u1ecdc V\u0103n Hi\u1ebfn, N\u0103ng l\u01b0\u1ee3ng HungHau, N\u00f4ng nghi\u1ec7p HungHau, Th\u1ef1c ph\u1ea9m HungHau","potentialAction":[{"@type":"SearchAction","target":{"@type":"EntryPoint","urlTemplate":"https:\/\/hunghau.vn\/?s={search_term_string}"},"query-input":{"@type":"PropertyValueSpecification","valueRequired":true,"valueName":"search_term_string"}}],"inLanguage":"vi-VN"}]}},"_links":{"self":[{"href":"https:\/\/hunghau.vn\/vi\/wp-json\/wp\/v2\/pages\/4496","targetHints":{"allow":["GET"]}}],"collection":[{"href":"https:\/\/hunghau.vn\/vi\/wp-json\/wp\/v2\/pages"}],"about":[{"href":"https:\/\/hunghau.vn\/vi\/wp-json\/wp\/v2\/types\/page"}],"author":[{"embeddable":true,"href":"https:\/\/hunghau.vn\/vi\/wp-json\/wp\/v2\/users\/1"}],"replies":[{"embeddable":true,"href":"https:\/\/hunghau.vn\/vi\/wp-json\/wp\/v2\/comments?post=4496"}],"version-history":[{"count":4,"href":"https:\/\/hunghau.vn\/vi\/wp-json\/wp\/v2\/pages\/4496\/revisions"}],"predecessor-version":[{"id":9864,"href":"https:\/\/hunghau.vn\/vi\/wp-json\/wp\/v2\/pages\/4496\/revisions\/9864"}],"wp:attachment":[{"href":"https:\/\/hunghau.vn\/vi\/wp-json\/wp\/v2\/media?parent=4496"}],"curies":[{"name":"wp","href":"https:\/\/api.w.org\/{rel}","templated":true}]}}