{"id":3445,"date":"2016-03-10T16:10:47","date_gmt":"2016-03-10T09:10:47","guid":{"rendered":"http:\/\/hunghau.vn\/?page_id=3445"},"modified":"2016-03-10T16:10:47","modified_gmt":"2016-03-10T09:10:47","slug":"thong-tin-cong-ty","status":"publish","type":"page","link":"https:\/\/hunghau.vn\/vi\/thong-tin-cong-ty\/","title":{"rendered":"Th\u00f4ng tin c\u00f4ng ty"},"content":{"rendered":"<div class=\"row\"  id=\"row-1666248460\">\n\n\t<div id=\"col-1623044893\" class=\"col medium-8 small-12 large-8\"  >\n\t\t\t\t<div class=\"col-inner\"  >\n\t\t\t\n\t\t\t\n<h2><a href=\"http:\/\/hunghau.vn\/demo\/wp-content\/uploads\/2018\/02\/building.jpg\"><img fetchpriority=\"high\" decoding=\"async\" class=\"aligncenter wp-image-4412 size-full\" src=\"http:\/\/hunghau.vn\/demo\/wp-content\/uploads\/2018\/02\/building.jpg\" alt=\"\" width=\"300\" height=\"222\" \/><\/a><\/h2>\n<h2 style=\"text-align: justify;\">C\u00d4NG TY C\u1ed4 PH\u1ea6N PH\u00c1T TRI\u1ec2N H\u00d9NG H\u1eacU<\/h2>\n<p style=\"text-align: justify;\"><strong>C\u00f4ng ty C\u1ed5 ph\u1ea7n Ph\u00e1t tri\u1ec3n H\u00f9ng H\u1eadu (HungHau Holdings)<\/strong> \u0111\u1ea7u t\u01b0 n\u1eafm gi\u1eef c\u00e1c doanh nghi\u1ec7p gi\u00e0u ti\u1ec1m n\u0103ng ph\u00e1t tri\u1ec3n b\u1ec1n v\u1eefng trong c\u00e1c l\u0129nh v\u1ef1c: N\u00f4ng nghi\u1ec7p; Ph\u00e2n ph\u1ed1i; Gi\u00e1o d\u1ee5c; Th\u1ef1c ph\u1ea9m v\u00e0 N\u01b0\u1edbc gi\u1ea3i kh\u00e1t. Trong qu\u00e1 tr\u00ecnh h\u00ecnh th\u00e0nh v\u00e0 ph\u00e1t tri\u1ec3n, HungHau Holdings kh\u00f4ng ng\u1eebng n\u1ed7 l\u1ef1c t\u1ea1o ra nh\u1eefng s\u1ea3n ph\u1ea9m, d\u1ecbch v\u1ee5 t\u1ed1t nh\u1ea5t cho kh\u00e1ch h\u00e0ng c\u1ee7a m\u00ecnh.<\/p>\n<p style=\"text-align: justify;\">V\u1edbi t\u1ea7m nh\u00ecn ki\u00ean \u0111\u1ecbnh d\u00e0i h\u1ea1n, HungHau Holdings x\u00e1c \u0111\u1ecbnh m\u1ee5c ti\u00eau cung c\u1ea5p s\u1ea3n ph\u1ea9m ch\u1ea5t l\u01b0\u1ee3ng, an to\u00e0n g\u1eafn li\u1ec1n v\u1edbi tr\u00e1ch nhi\u1ec7m g\u00f3p ph\u1ea7n ph\u00e1t tri\u1ec3n x\u00e3 h\u1ed9i b\u1ec1n v\u1eefng.<\/p>\n<p style=\"text-align: justify;\">HungHau Holdings t\u1eadp trung ph\u00e1t tri\u1ec3n 04 nh\u00f3m m\u1ee5c ti\u00eau chi\u1ebfn l\u01b0\u1ee3c g\u1ed3m:<\/p>\n<ul style=\"text-align: justify;\">\n<li>Kh\u1ed1i N\u00f4ng nghi\u1ec7p \u2013 HungHau Agriculture<\/li>\n<li>Kh\u1ed1i Ph\u00e2n ph\u1ed1i \u2013 HungHau Distribution<\/li>\n<li>Kh\u1ed1i Gi\u00e1o d\u1ee5c \u2013 HungHau Education<\/li>\n<li>Kh\u1ed1i F&amp;B \u2013 HungHau Foods (Th\u1ef1c ph\u1ea9m) v\u00e0 HungHau Beverages (N\u01b0\u1edbc gi\u1ea3i kh\u00e1t)<\/li>\n<\/ul>\n<h2>CHI\u1ebeN L\u01af\u1ee2C PH\u00c1T TRI\u1ec2N<\/h2>\n<p>B\u1eb1ng nhi\u1ec7t huy\u1ebft v\u00e0 kh\u00e1t v\u1ecdng chinh ph\u1ee5c nh\u1eefng \u0111\u1ec9nh cao m\u1edbi, HungHau Holdings quy\u1ebft t\u00e2m theo \u0111u\u1ed5i c\u00e1c m\u1ee5c ti\u00eau s\u1ee9 m\u1ec7nh c\u1ee7a m\u00ecnh, \u0111\u00f3 l\u00e0:<\/p>\n<div class=\"list styled circle-arrow-list\">\n<ul>\n<li>G\u00f3p ph\u1ea7n thay \u0111\u1ed5i n\u1ec1n N\u00f4ng nghi\u1ec7p Vi\u1ec7t Nam theo h\u01b0\u1edbng hi\u1ec7n \u0111\u1ea1i.<\/li>\n<li>Mang l\u1ea1i c\u00e1c l\u1ee3i \u00edch t\u1ed1t nh\u1ea5t cho t\u1ea5t c\u1ea3 c\u00e1c C\u1ed5 \u0111\u00f4ng, \u0110\u1ed1i t\u00e1c v\u00e0 Nh\u00e2n vi\u00ean c\u1ee7a H\u00f9ng H\u1eadu.<\/li>\n<\/ul>\n<\/div>\n<p>\u0110\u1ec3 \u0111\u1ea1t \u0111\u01b0\u1ee3c c\u00e1c m\u1ee5c ti\u00eau tr\u00ean \u0111\u00f3, HungHau Holdings th\u1ea5u hi\u1ec3u r\u1eb1ng: ph\u1ea3i li\u00ean k\u1ebft, h\u1ee3p t\u00e1c v\u1edbi c\u00e1c c\u00f4ng ty, t\u1ed5 ch\u1ee9c c\u00f3 uy t\u00edn v\u00e0 n\u0103ng l\u1ef1c \u0111\u1ec3 c\u00f9ng nhau ph\u00e1t tri\u1ec3n b\u1ec1n v\u1eefng.<\/p>\n<h2>NH\u1eacN DI\u1ec6N TH\u01af\u01a0NG HI\u1ec6U<\/h2>\n<div class=\"span6 \">\n<p><strong><a href=\"http:\/\/hunghau.vn\/demo\/wp-content\/uploads\/2018\/02\/Logo-HungHau.png\"><img decoding=\"async\" class=\"alignleftwp-image-4413\" src=\"http:\/\/hunghau.vn\/demo\/wp-content\/uploads\/2018\/02\/Logo-HungHau.png\" alt=\"\" width=\"212\" height=\"159\" srcset=\"https:\/\/hunghau.vn\/wp-content\/uploads\/2018\/02\/Logo-HungHau.png 600w, https:\/\/hunghau.vn\/wp-content\/uploads\/2018\/02\/Logo-HungHau-300x225.png 300w\" sizes=\"(max-width: 212px) 100vw, 212px\" \/><\/a>\u00dd ngh\u0129a Logo<\/strong><\/p>\n<p>Logo HungHau l\u00e0 h\u00ecnh \u1ea3nh t\u01b0\u1ee3ng tr\u01b0ng cho s\u1ef1 \u0111o\u00e0n k\u1ebft, g\u1eafn b\u00f3 ch\u1eb7t ch\u1ebd, c\u00f9ng nhau ph\u00e1t tri\u1ec3n b\u1ec1n v\u1eefng<\/p>\n<hr \/>\n<p><strong>\u00dd ngh\u0129a m\u00e0u ch\u1ee7 \u0111\u1ea1o<\/strong><\/p>\n<ul>\n<li>M\u00e0u xanh d\u01b0\u01a1ng (blue): t\u01b0\u1ee3ng tr\u01b0ng cho bi\u1ec3n r\u1ed9ng<\/li>\n<\/ul>\n<ul>\n<li>M\u00e0u xanh l\u00e1 (green): l\u00e0 m\u00e0u c\u1ee7a cu\u1ed9c s\u1ed1ng<\/li>\n<\/ul>\n<p>S\u1ef1 ph\u1ed1i h\u1ee3p c\u1ee7a hai m\u00e0u xanh d\u01b0\u01a1ng, xanh l\u00e1 mang \u0111\u1ebfn s\u1ef1 th\u00e2n thi\u1ec7n, c\u1edfi m\u1edf v\u00e0 c\u0169ng tr\u00e0n \u0111\u1ea7y s\u1ee9c s\u1ed1ng nh\u01b0 ni\u1ec1m tin v\u00e0o ph\u00eda tr\u01b0\u1edbc.<\/p>\n<hr \/>\n<p><strong>Slogan<\/strong><\/p>\n<p>Trust your choices.<\/p>\n<hr \/>\n<p><strong>T\u00ednh c\u00e1ch th\u01b0\u01a1ng hi\u1ec7u<\/strong><\/p>\n<p>H\u00ecnh \u1ea3nh logo h\u01b0\u1edbng \u0111\u1ebfn c\u00e1c gi\u00e1 tr\u1ecb n\u1ed5i b\u1eadt m\u00e0 HungHau h\u01b0\u1edbng \u0111\u1ebfn trong t\u01b0\u01a1ng lai, \u0111\u00f3 l\u00e0 s\u1ef1 tin c\u1eady, t\u00ednh chuy\u00ean nghi\u1ec7p, s\u1ef1 c\u1edfi m\u1edf v\u00e0 tinh th\u1ea7n th\u1eb3ng ti\u1ebfn, h\u01b0\u1edbng \u0111\u1ebfn s\u1ef1 ph\u00e1t tri\u1ec3n b\u1ec1n v\u1eefng.<\/p>\n<\/div>\n\t\t<\/div>\n\t\t\t\t\t<\/div>\n\n\t\n\n\t<div id=\"col-106591413\" class=\"col medium-4 small-12 large-4\"  >\n\t\t\t\t<div class=\"col-inner\"  >\n\t\t\t\n\t\t\t\n<a href=\"http:\/\/hunghau.vn\/hoi-dong-quan-tri\/\" class=\"button primary is-link is-small lowercase\" >\n\t<i class=\"icon-angle-right\" aria-hidden=\"true\"><\/i>\t<span>H\u1ed9i \u0111\u1ed3ng Qu\u1ea3n tr\u1ecb<\/span>\n\t<\/a>\n\n<a href=\"http:\/\/hunghau.vn\/ban-giam-doc\/\" class=\"button primary is-link is-small lowercase\" >\n\t<i class=\"icon-angle-right\" aria-hidden=\"true\"><\/i>\t<span>Ban Gi\u00e1m \u0111\u1ed1c<\/span>\n\t<\/a>\n\n<a href=\"http:\/\/hunghau.vn\/so-do-to-chuc\/\" class=\"button primary is-link is-small lowercase\" >\n\t<i class=\"icon-angle-right\" aria-hidden=\"true\"><\/i>\t<span>S\u01a1 \u0111\u1ed3 t\u1ed5 ch\u1ee9c<\/span>\n\t<\/a>\n\n<a href=\"http:\/\/hunghau.vn\/tam-nhin-su-menh\/\" class=\"button primary is-link is-small lowercase\" >\n\t<i class=\"icon-angle-right\" aria-hidden=\"true\"><\/i>\t<span>T\u1ea7m nh\u00ecn - S\u1ee9 m\u1ec7nh<\/span>\n\t<\/a>\n\n<a href=\"http:\/\/hunghau.vn\/gia-tri-cot-loi\/\" class=\"button primary is-link is-small lowercase\" >\n\t<i class=\"icon-angle-right\" aria-hidden=\"true\"><\/i>\t<span>Gi\u00e1 tr\u1ecb c\u1ed1t l\u00f5i<\/span>\n\t<\/a>\n\n\t\t<\/div>\n\t\t\t\t\t<\/div>\n\n\t\n<\/div>\n","protected":false},"excerpt":{"rendered":"","protected":false},"author":1,"featured_media":0,"parent":0,"menu_order":0,"comment_status":"closed","ping_status":"closed","template":"","meta":{"h5ap_radio_sources":[],"footnotes":""},"class_list":["post-3445","page","type-page","status-publish","hentry"],"yoast_head":"<!-- This site is optimized with the Yoast SEO plugin v27.2 - https:\/\/yoast.com\/product\/yoast-seo-wordpress\/ -->\n<title>Th\u00f4ng tin c\u00f4ng ty - HungHau Holdings<\/title>\n<meta name=\"robots\" content=\"index, follow, max-snippet:-1, max-image-preview:large, max-video-preview:-1\" \/>\n<link rel=\"canonical\" href=\"https:\/\/hunghau.vn\/vi\/thong-tin-cong-ty\/\" \/>\n<meta property=\"og:locale\" content=\"vi_VN\" \/>\n<meta property=\"og:type\" content=\"article\" \/>\n<meta property=\"og:title\" content=\"Th\u00f4ng tin c\u00f4ng ty - HungHau Holdings\" \/>\n<meta property=\"og:url\" content=\"https:\/\/hunghau.vn\/vi\/thong-tin-cong-ty\/\" \/>\n<meta property=\"og:site_name\" content=\"HungHau Holdings\" \/>\n<meta property=\"og:image\" content=\"http:\/\/hunghau.vn\/demo\/wp-content\/uploads\/2018\/02\/building.jpg\" \/>\n<meta name=\"twitter:card\" content=\"summary_large_image\" \/>\n<meta name=\"twitter:label1\" content=\"Est. reading time\" \/>\n\t<meta name=\"twitter:data1\" content=\"4 minutes\" \/>\n<script type=\"application\/ld+json\" class=\"yoast-schema-graph\">{\"@context\":\"https:\/\/schema.org\",\"@graph\":[{\"@type\":\"WebPage\",\"@id\":\"https:\/\/hunghau.vn\/vi\/thong-tin-cong-ty\/\",\"url\":\"https:\/\/hunghau.vn\/vi\/thong-tin-cong-ty\/\",\"name\":\"Th\u00f4ng tin c\u00f4ng ty - HungHau Holdings\",\"isPartOf\":{\"@id\":\"https:\/\/hunghau.vn\/#website\"},\"primaryImageOfPage\":{\"@id\":\"https:\/\/hunghau.vn\/vi\/thong-tin-cong-ty\/#primaryimage\"},\"image\":{\"@id\":\"https:\/\/hunghau.vn\/vi\/thong-tin-cong-ty\/#primaryimage\"},\"thumbnailUrl\":\"http:\/\/hunghau.vn\/demo\/wp-content\/uploads\/2018\/02\/building.jpg\",\"datePublished\":\"2016-03-10T09:10:47+00:00\",\"breadcrumb\":{\"@id\":\"https:\/\/hunghau.vn\/vi\/thong-tin-cong-ty\/#breadcrumb\"},\"inLanguage\":\"vi-VN\",\"potentialAction\":[{\"@type\":\"ReadAction\",\"target\":[\"https:\/\/hunghau.vn\/vi\/thong-tin-cong-ty\/\"]}]},{\"@type\":\"ImageObject\",\"inLanguage\":\"vi-VN\",\"@id\":\"https:\/\/hunghau.vn\/vi\/thong-tin-cong-ty\/#primaryimage\",\"url\":\"http:\/\/hunghau.vn\/demo\/wp-content\/uploads\/2018\/02\/building.jpg\",\"contentUrl\":\"http:\/\/hunghau.vn\/demo\/wp-content\/uploads\/2018\/02\/building.jpg\"},{\"@type\":\"BreadcrumbList\",\"@id\":\"https:\/\/hunghau.vn\/vi\/thong-tin-cong-ty\/#breadcrumb\",\"itemListElement\":[{\"@type\":\"ListItem\",\"position\":1,\"name\":\"Home\",\"item\":\"https:\/\/hunghau.vn\/vi\/\"},{\"@type\":\"ListItem\",\"position\":2,\"name\":\"Th\u00f4ng tin c\u00f4ng ty\"}]},{\"@type\":\"WebSite\",\"@id\":\"https:\/\/hunghau.vn\/#website\",\"url\":\"https:\/\/hunghau.vn\/\",\"name\":\"HungHau Holdings\",\"description\":\"\u0110\u1ea1i h\u1ecdc V\u0103n Hi\u1ebfn, N\u0103ng l\u01b0\u1ee3ng HungHau, N\u00f4ng nghi\u1ec7p HungHau, Th\u1ef1c ph\u1ea9m HungHau\",\"potentialAction\":[{\"@type\":\"SearchAction\",\"target\":{\"@type\":\"EntryPoint\",\"urlTemplate\":\"https:\/\/hunghau.vn\/?s={search_term_string}\"},\"query-input\":{\"@type\":\"PropertyValueSpecification\",\"valueRequired\":true,\"valueName\":\"search_term_string\"}}],\"inLanguage\":\"vi-VN\"}]}<\/script>\n<!-- \/ Yoast SEO plugin. -->","yoast_head_json":{"title":"Th\u00f4ng tin c\u00f4ng ty - HungHau Holdings","robots":{"index":"index","follow":"follow","max-snippet":"max-snippet:-1","max-image-preview":"max-image-preview:large","max-video-preview":"max-video-preview:-1"},"canonical":"https:\/\/hunghau.vn\/vi\/thong-tin-cong-ty\/","og_locale":"vi_VN","og_type":"article","og_title":"Th\u00f4ng tin c\u00f4ng ty - HungHau Holdings","og_url":"https:\/\/hunghau.vn\/vi\/thong-tin-cong-ty\/","og_site_name":"HungHau Holdings","og_image":[{"url":"http:\/\/hunghau.vn\/demo\/wp-content\/uploads\/2018\/02\/building.jpg","type":"","width":"","height":""}],"twitter_card":"summary_large_image","twitter_misc":{"Est. reading time":"4 minutes"},"schema":{"@context":"https:\/\/schema.org","@graph":[{"@type":"WebPage","@id":"https:\/\/hunghau.vn\/vi\/thong-tin-cong-ty\/","url":"https:\/\/hunghau.vn\/vi\/thong-tin-cong-ty\/","name":"Th\u00f4ng tin c\u00f4ng ty - HungHau Holdings","isPartOf":{"@id":"https:\/\/hunghau.vn\/#website"},"primaryImageOfPage":{"@id":"https:\/\/hunghau.vn\/vi\/thong-tin-cong-ty\/#primaryimage"},"image":{"@id":"https:\/\/hunghau.vn\/vi\/thong-tin-cong-ty\/#primaryimage"},"thumbnailUrl":"http:\/\/hunghau.vn\/demo\/wp-content\/uploads\/2018\/02\/building.jpg","datePublished":"2016-03-10T09:10:47+00:00","breadcrumb":{"@id":"https:\/\/hunghau.vn\/vi\/thong-tin-cong-ty\/#breadcrumb"},"inLanguage":"vi-VN","potentialAction":[{"@type":"ReadAction","target":["https:\/\/hunghau.vn\/vi\/thong-tin-cong-ty\/"]}]},{"@type":"ImageObject","inLanguage":"vi-VN","@id":"https:\/\/hunghau.vn\/vi\/thong-tin-cong-ty\/#primaryimage","url":"http:\/\/hunghau.vn\/demo\/wp-content\/uploads\/2018\/02\/building.jpg","contentUrl":"http:\/\/hunghau.vn\/demo\/wp-content\/uploads\/2018\/02\/building.jpg"},{"@type":"BreadcrumbList","@id":"https:\/\/hunghau.vn\/vi\/thong-tin-cong-ty\/#breadcrumb","itemListElement":[{"@type":"ListItem","position":1,"name":"Home","item":"https:\/\/hunghau.vn\/vi\/"},{"@type":"ListItem","position":2,"name":"Th\u00f4ng tin c\u00f4ng ty"}]},{"@type":"WebSite","@id":"https:\/\/hunghau.vn\/#website","url":"https:\/\/hunghau.vn\/","name":"HungHau Holdings","description":"\u0110\u1ea1i h\u1ecdc V\u0103n Hi\u1ebfn, N\u0103ng l\u01b0\u1ee3ng HungHau, N\u00f4ng nghi\u1ec7p HungHau, Th\u1ef1c ph\u1ea9m HungHau","potentialAction":[{"@type":"SearchAction","target":{"@type":"EntryPoint","urlTemplate":"https:\/\/hunghau.vn\/?s={search_term_string}"},"query-input":{"@type":"PropertyValueSpecification","valueRequired":true,"valueName":"search_term_string"}}],"inLanguage":"vi-VN"}]}},"_links":{"self":[{"href":"https:\/\/hunghau.vn\/vi\/wp-json\/wp\/v2\/pages\/3445","targetHints":{"allow":["GET"]}}],"collection":[{"href":"https:\/\/hunghau.vn\/vi\/wp-json\/wp\/v2\/pages"}],"about":[{"href":"https:\/\/hunghau.vn\/vi\/wp-json\/wp\/v2\/types\/page"}],"author":[{"embeddable":true,"href":"https:\/\/hunghau.vn\/vi\/wp-json\/wp\/v2\/users\/1"}],"replies":[{"embeddable":true,"href":"https:\/\/hunghau.vn\/vi\/wp-json\/wp\/v2\/comments?post=3445"}],"version-history":[{"count":0,"href":"https:\/\/hunghau.vn\/vi\/wp-json\/wp\/v2\/pages\/3445\/revisions"}],"wp:attachment":[{"href":"https:\/\/hunghau.vn\/vi\/wp-json\/wp\/v2\/media?parent=3445"}],"curies":[{"name":"wp","href":"https:\/\/api.w.org\/{rel}","templated":true}]}}