{"id":3424,"date":"2016-03-10T14:42:01","date_gmt":"2016-03-10T07:42:01","guid":{"rendered":"http:\/\/hunghau.vn\/?page_id=3424"},"modified":"2016-03-10T14:42:01","modified_gmt":"2016-03-10T07:42:01","slug":"tam-nhin-su-menh","status":"publish","type":"page","link":"https:\/\/hunghau.vn\/vi\/tam-nhin-su-menh\/","title":{"rendered":"T\u1ea7m nh\u00ecn &#8211; S\u1ee9 m\u1ec7nh"},"content":{"rendered":"<div class=\"row\"  id=\"row-1997158982\">\n\n\t<div id=\"col-54852973\" class=\"col medium-8 small-12 large-8\"  >\n\t\t\t\t<div class=\"col-inner\"  >\n\t\t\t\n\t\t\t\n<h2 style=\"text-align: justify;\">T\u1ea7m nh\u00ecn<\/h2>\n<ul style=\"text-align: justify;\">\n<li>Ch\u00fang t\u00f4i x\u00e1c \u0111\u1ecbnh nguy\u00ean t\u1eafc c\u01a1 b\u1ea3n \u0111\u1ec3 ph\u00e1t tri\u1ec3n trong t\u01b0\u01a1ng l\u1ea1i, \u0111\u00f3 l\u00e0 ph\u1ea3i mang l\u1ea1i \u0111\u1eddi s\u1ed1ng \u1ed5n \u0111\u1ecbnh, an l\u1ea1c cho t\u1ea5t c\u1ea3 c\u00e1c th\u00e0nh vi\u00ean c\u1ee7a m\u00ecnh, t\u1ea1o ngu\u1ed3n kh\u00edch l\u1ec7 \u0111\u1ec3 t\u1ea5t c\u1ea3 c\u00e1c th\u00e0nh vi\u00ean c\u00f9ng c\u1ed1ng hi\u1ebfn, \u0111\u00f3ng g\u00f3p v\u00e0 chia s\u1ebb th\u00e0nh qu\u1ea3 d\u1ef1a tr\u00ean nguy\u00ean t\u1eafc h\u00e0i h\u00f2a, c\u00f4ng b\u1eb1ng.<\/li>\n<li>B\u00ean c\u1ea1nh vi\u1ec7c ph\u00e1t tri\u1ec3n kinh Doanh, HungHau c\u0169ng kh\u00f4ng ng\u1eebng quan t\u00e2m \u0111\u1ebfn c\u1ed9ng \u0111\u1ed3ng, th\u1ec3 hi\u1ec7n tr\u00e1ch nhi\u1ec7m x\u00e3 h\u1ed9i c\u1ee7a Doanh nghi\u1ec7p, g\u00f3p ph\u1ea7n n\u00e2ng cao \u0111\u1eddi s\u1ed1ng an sinh x\u00e3 h\u1ed9i.<\/li>\n<\/ul>\n<ul style=\"text-align: justify;\">\n<li>HungHau ph\u1ea5n \u0111\u1ea5u x\u00e2y d\u1ef1ng chu\u1ed7i gi\u00e1 tr\u1ecb Vi\u1ec7t cho ng\u01b0\u1eddi Vi\u1ec7t qua nh\u1eefng s\u1ea3n ph\u1ea9m th\u1ef1c ph\u1ea9m ch\u1ea5t l\u01b0\u1ee3ng cao \u0111\u01b0\u1ee3c ph\u00e2n ph\u1ed1i r\u1ed9ng kh\u1eafp to\u00e0n qu\u1ed1c.<\/li>\n<\/ul>\n<h2 style=\"text-align: justify;\">S\u1ee9 m\u1ec7nh<\/h2>\n<ul style=\"text-align: justify;\">\n<li>G\u00f3p ph\u1ea7n ph\u00e1t tri\u1ec3n v\u00e0 hi\u1ec7n \u0111\u1ea1i ng\u00e0nh N\u00f4ng nghi\u1ec7p Vi\u1ec7t Nam<\/li>\n<li>L\u1ea5y kh\u00e1ch h\u00e0ng l\u00e0m trung t\u00e2m, v\u00ec l\u1ee3i \u00edch c\u1ee7a kh\u00e1ch h\u00e0ng cung c\u1ea5p c\u00e1c s\u1ea3n ph\u1ea9m, d\u1ecbch v\u1ee5 ch\u1ea5t l\u01b0\u1ee3ng v\u1edbi h\u1ec7 th\u1ed1ng ph\u00e2n ph\u1ed1i chuy\u00ean nghi\u1ec7p, hi\u1ec7u qu\u1ea3, ti\u1ec7n l\u1ee3i v\u00e0 \u0111\u00e1p \u1ee9ng k\u1ecbp th\u1eddi nhu c\u1ea7u thi\u1ebft y\u1ebfu c\u1ee7a kh\u00e1ch h\u00e0ng<\/li>\n<li>Lu\u00f4n quan t\u00e2m v\u00e0 ph\u00e1t tri\u1ec3n ngu\u1ed3n nh\u00e2n l\u1ef1c t\u1ea1i ch\u1ed7 \u0111\u1ec3 x\u00e2y d\u1ef1ng \u0111\u1ed9i ng\u0169 k\u1ebf th\u1eeba; c\u00f9ng chia s\u1ebb l\u1ee3i \u00edch v\u00e0 kh\u00f4ng ng\u1eebng ti\u1ebfn b\u01b0\u1edbc<\/li>\n<li>Chia s\u1ebb s\u1ef1 th\u1ecbnh v\u01b0\u1ee3ng v\u1edbi v\u1edbi c\u00e1c C\u1ed5 \u0111\u00f4ng h\u01b0\u1edbng t\u1edbi s\u1ef1 \u0111\u1ed3ng thu\u1eadn, nh\u1ea5t tr\u00ed trong c\u00e1c chi\u1ebfn l\u01b0\u1ee3c ph\u00e1t tri\u1ec3n kinh t\u1ebf<\/li>\n<\/ul>\n\t\t<\/div>\n\t\t\t\t\t<\/div>\n\n\t\n\n\t<div id=\"col-715820333\" class=\"col medium-4 small-12 large-4\"  >\n\t\t\t\t<div class=\"col-inner\"  >\n\t\t\t\n\t\t\t\n<a href=\"http:\/\/hunghau.vn\/hoi-dong-quan-tri\/\" class=\"button primary is-link is-small lowercase\" >\n\t<i class=\"icon-angle-right\" aria-hidden=\"true\"><\/i>\t<span>H\u1ed9i \u0111\u1ed3ng Qu\u1ea3n tr\u1ecb<\/span>\n\t<\/a>\n\n<a href=\"http:\/\/hunghau.vn\/ban-giam-doc\/\" class=\"button primary is-link is-small lowercase\" >\n\t<i class=\"icon-angle-right\" aria-hidden=\"true\"><\/i>\t<span>Ban Gi\u00e1m \u0111\u1ed1c<\/span>\n\t<\/a>\n\n<a href=\"http:\/\/hunghau.vn\/so-do-to-chuc\/\" class=\"button primary is-link is-small lowercase\" >\n\t<i class=\"icon-angle-right\" aria-hidden=\"true\"><\/i>\t<span>S\u01a1 \u0111\u1ed3 t\u1ed5 ch\u1ee9c<\/span>\n\t<\/a>\n\n<a href=\"http:\/\/hunghau.vn\/tam-nhin-su-menh\/\" class=\"button primary is-link is-small lowercase\" >\n\t<i class=\"icon-angle-right\" aria-hidden=\"true\"><\/i>\t<span>T\u1ea7m nh\u00ecn - S\u1ee9 m\u1ec7nh<\/span>\n\t<\/a>\n\n<a href=\"http:\/\/hunghau.vn\/gia-tri-cot-loi\/\" class=\"button primary is-link is-small lowercase\" >\n\t<i class=\"icon-angle-right\" aria-hidden=\"true\"><\/i>\t<span>Gi\u00e1 tr\u1ecb c\u1ed1t l\u00f5i<\/span>\n\t<\/a>\n\n\t\t<\/div>\n\t\t\t\t\t<\/div>\n\n\t\n<\/div>\n","protected":false},"excerpt":{"rendered":"","protected":false},"author":1,"featured_media":0,"parent":0,"menu_order":0,"comment_status":"closed","ping_status":"closed","template":"","meta":{"h5ap_radio_sources":[],"footnotes":""},"class_list":["post-3424","page","type-page","status-publish","hentry"],"yoast_head":"<!-- This site is optimized with the Yoast SEO plugin v27.3 - https:\/\/yoast.com\/product\/yoast-seo-wordpress\/ -->\n<title>T\u1ea7m nh\u00ecn - S\u1ee9 m\u1ec7nh - HungHau Holdings<\/title>\n<meta name=\"robots\" content=\"index, follow, max-snippet:-1, max-image-preview:large, max-video-preview:-1\" \/>\n<link rel=\"canonical\" href=\"https:\/\/hunghau.vn\/vi\/tam-nhin-su-menh\/\" \/>\n<meta property=\"og:locale\" content=\"vi_VN\" \/>\n<meta property=\"og:type\" content=\"article\" \/>\n<meta property=\"og:title\" content=\"T\u1ea7m nh\u00ecn - S\u1ee9 m\u1ec7nh - HungHau Holdings\" \/>\n<meta property=\"og:url\" content=\"https:\/\/hunghau.vn\/vi\/tam-nhin-su-menh\/\" \/>\n<meta property=\"og:site_name\" content=\"HungHau Holdings\" \/>\n<meta name=\"twitter:card\" content=\"summary_large_image\" \/>\n<meta name=\"twitter:label1\" content=\"Est. reading time\" \/>\n\t<meta name=\"twitter:data1\" content=\"3 minutes\" \/>\n<script type=\"application\/ld+json\" class=\"yoast-schema-graph\">{\"@context\":\"https:\\\/\\\/schema.org\",\"@graph\":[{\"@type\":\"WebPage\",\"@id\":\"https:\\\/\\\/hunghau.vn\\\/vi\\\/tam-nhin-su-menh\\\/\",\"url\":\"https:\\\/\\\/hunghau.vn\\\/vi\\\/tam-nhin-su-menh\\\/\",\"name\":\"T\u1ea7m nh\u00ecn - S\u1ee9 m\u1ec7nh - HungHau Holdings\",\"isPartOf\":{\"@id\":\"https:\\\/\\\/hunghau.vn\\\/#website\"},\"datePublished\":\"2016-03-10T07:42:01+00:00\",\"breadcrumb\":{\"@id\":\"https:\\\/\\\/hunghau.vn\\\/vi\\\/tam-nhin-su-menh\\\/#breadcrumb\"},\"inLanguage\":\"vi-VN\",\"potentialAction\":[{\"@type\":\"ReadAction\",\"target\":[\"https:\\\/\\\/hunghau.vn\\\/vi\\\/tam-nhin-su-menh\\\/\"]}]},{\"@type\":\"BreadcrumbList\",\"@id\":\"https:\\\/\\\/hunghau.vn\\\/vi\\\/tam-nhin-su-menh\\\/#breadcrumb\",\"itemListElement\":[{\"@type\":\"ListItem\",\"position\":1,\"name\":\"Home\",\"item\":\"https:\\\/\\\/hunghau.vn\\\/vi\\\/\"},{\"@type\":\"ListItem\",\"position\":2,\"name\":\"T\u1ea7m nh\u00ecn &#8211; S\u1ee9 m\u1ec7nh\"}]},{\"@type\":\"WebSite\",\"@id\":\"https:\\\/\\\/hunghau.vn\\\/#website\",\"url\":\"https:\\\/\\\/hunghau.vn\\\/\",\"name\":\"HungHau Holdings\",\"description\":\"\u0110\u1ea1i h\u1ecdc V\u0103n Hi\u1ebfn, N\u0103ng l\u01b0\u1ee3ng HungHau, N\u00f4ng nghi\u1ec7p HungHau, Th\u1ef1c ph\u1ea9m HungHau\",\"potentialAction\":[{\"@type\":\"SearchAction\",\"target\":{\"@type\":\"EntryPoint\",\"urlTemplate\":\"https:\\\/\\\/hunghau.vn\\\/?s={search_term_string}\"},\"query-input\":{\"@type\":\"PropertyValueSpecification\",\"valueRequired\":true,\"valueName\":\"search_term_string\"}}],\"inLanguage\":\"vi-VN\"}]}<\/script>\n<!-- \/ Yoast SEO plugin. -->","yoast_head_json":{"title":"T\u1ea7m nh\u00ecn - S\u1ee9 m\u1ec7nh - HungHau Holdings","robots":{"index":"index","follow":"follow","max-snippet":"max-snippet:-1","max-image-preview":"max-image-preview:large","max-video-preview":"max-video-preview:-1"},"canonical":"https:\/\/hunghau.vn\/vi\/tam-nhin-su-menh\/","og_locale":"vi_VN","og_type":"article","og_title":"T\u1ea7m nh\u00ecn - S\u1ee9 m\u1ec7nh - HungHau Holdings","og_url":"https:\/\/hunghau.vn\/vi\/tam-nhin-su-menh\/","og_site_name":"HungHau Holdings","twitter_card":"summary_large_image","twitter_misc":{"Est. reading time":"3 minutes"},"schema":{"@context":"https:\/\/schema.org","@graph":[{"@type":"WebPage","@id":"https:\/\/hunghau.vn\/vi\/tam-nhin-su-menh\/","url":"https:\/\/hunghau.vn\/vi\/tam-nhin-su-menh\/","name":"T\u1ea7m nh\u00ecn - S\u1ee9 m\u1ec7nh - HungHau Holdings","isPartOf":{"@id":"https:\/\/hunghau.vn\/#website"},"datePublished":"2016-03-10T07:42:01+00:00","breadcrumb":{"@id":"https:\/\/hunghau.vn\/vi\/tam-nhin-su-menh\/#breadcrumb"},"inLanguage":"vi-VN","potentialAction":[{"@type":"ReadAction","target":["https:\/\/hunghau.vn\/vi\/tam-nhin-su-menh\/"]}]},{"@type":"BreadcrumbList","@id":"https:\/\/hunghau.vn\/vi\/tam-nhin-su-menh\/#breadcrumb","itemListElement":[{"@type":"ListItem","position":1,"name":"Home","item":"https:\/\/hunghau.vn\/vi\/"},{"@type":"ListItem","position":2,"name":"T\u1ea7m nh\u00ecn &#8211; S\u1ee9 m\u1ec7nh"}]},{"@type":"WebSite","@id":"https:\/\/hunghau.vn\/#website","url":"https:\/\/hunghau.vn\/","name":"HungHau Holdings","description":"\u0110\u1ea1i h\u1ecdc V\u0103n Hi\u1ebfn, N\u0103ng l\u01b0\u1ee3ng HungHau, N\u00f4ng nghi\u1ec7p HungHau, Th\u1ef1c ph\u1ea9m HungHau","potentialAction":[{"@type":"SearchAction","target":{"@type":"EntryPoint","urlTemplate":"https:\/\/hunghau.vn\/?s={search_term_string}"},"query-input":{"@type":"PropertyValueSpecification","valueRequired":true,"valueName":"search_term_string"}}],"inLanguage":"vi-VN"}]}},"_links":{"self":[{"href":"https:\/\/hunghau.vn\/vi\/wp-json\/wp\/v2\/pages\/3424","targetHints":{"allow":["GET"]}}],"collection":[{"href":"https:\/\/hunghau.vn\/vi\/wp-json\/wp\/v2\/pages"}],"about":[{"href":"https:\/\/hunghau.vn\/vi\/wp-json\/wp\/v2\/types\/page"}],"author":[{"embeddable":true,"href":"https:\/\/hunghau.vn\/vi\/wp-json\/wp\/v2\/users\/1"}],"replies":[{"embeddable":true,"href":"https:\/\/hunghau.vn\/vi\/wp-json\/wp\/v2\/comments?post=3424"}],"version-history":[{"count":0,"href":"https:\/\/hunghau.vn\/vi\/wp-json\/wp\/v2\/pages\/3424\/revisions"}],"wp:attachment":[{"href":"https:\/\/hunghau.vn\/vi\/wp-json\/wp\/v2\/media?parent=3424"}],"curies":[{"name":"wp","href":"https:\/\/api.w.org\/{rel}","templated":true}]}}