{"id":10052,"date":"2025-11-05T02:32:24","date_gmt":"2025-11-05T02:32:24","guid":{"rendered":"https:\/\/hunghau.vn\/?page_id=10052"},"modified":"2025-11-05T02:32:24","modified_gmt":"2025-11-05T02:32:24","slug":"cong-ty-tnhh-tai-nguyen-vien-dong","status":"publish","type":"page","link":"https:\/\/hunghau.vn\/vi\/tuyen-dung\/cong-ty-tnhh-tai-nguyen-vien-dong\/","title":{"rendered":"C\u00f4ng ty TNHH T\u00e0i nguy\u00ean Vi\u1ec5n \u0110\u00f4ng"},"content":{"rendered":"<div class=\"sjb-page\">\r\n<!-- Start: Jobs Listing Wrapper -->\r\n\r\n\r\n<!-- Start Job Filters\r\n================================================== -->\r\n<div class=\"sjb-filters sjb-filters-v1\">\r\n        <form class=\"filters-form\" action=\"https:\/\/hunghau.vn\/vi\/tuyen-dung\/cong-ty-tnhh-tai-nguyen-vien-dong\/\" method=\"get\">\r\n        <div class=\"row\">\r\n            \r\n    <!-- Category Filter-->\r\n    \r\n    \r\n    <!-- Job Location Filter-->\r\n    <div class=\"sjb-search-location col-md-3 col-xs-12\">\r\n        <div class=\"form-group\">\r\n            <select name='selected_location' id='location' class='form-control'>\n\t<option value='-1'>Location<\/option>\n\t<option class=\"level-0\" value=\"dong-thap\">\u0110\u1ed3ng Th\u00e1p<\/option>\n\t<option class=\"level-0\" value=\"ho-chi-minh\">H\u1ed3 Ch\u00ed Minh<\/option>\n\t<option class=\"level-0\" value=\"hue\">Hu\u1ebf<\/option>\n\t<option class=\"level-0\" value=\"lam-dong\">L\u00e2m \u0110\u1ed3ng<\/option>\n<\/select>\n        <\/div>\r\n    <\/div>\r\n    <div class=\"sjb-search-button col-md-3 col-xs-12\"><input class=\"btn-search btn btn-primary\" value=\"&#xf002;\" type=\"submit\"><\/div>        <\/div>\r\n    <\/form>\r\n<\/div>\r\n<!-- ==================================================\r\nEnd Job Filters -->\r\n\r\n\r\n<div class=\"sjb-listing\">\r\n        <!-- start Jobs Listing: List View -->\r\n    <div class=\"list-view\">\r\n        \r\n    \n<!-- Start Jobs List View \n================================================== -->\n<div class=\"list-data\">\n    <div class=\"v1 sjb-job-10109\">   \n        \n        <!-- Jobs List view header -->\n        <header>\n            <div class=\"row\">\n                \r\n<!-- Start Company Logo\r\n================================================== -->\r\n<div class=\"col-md-1 col-sm-2 hidden-xs\">\r\n    <div class=\"company-logo\">\r\n        <a href=\"https:\/\/hunghau.vn\/vi\/jobs\/chuyen-vien-kinh-doanh-sat-thep-hop-kim\/\"><img decoding=\"async\" src=\"https:\/\/hunghau.vn\/wp-content\/plugins\/simple-job-board\/public\/images\/company.png\" alt=\"\" class=\"sjb-img-responsive \" id=\"\"\/><\/a>\r\n    <\/div>\r\n<\/div>\r\n\r\n<!-- ==================================================\r\nEnd Company Logo -->\r\n\r\n    \n                <div class=\"col-md-11 col-sm-12\">\n                    <div class=\"row sjb-list-row\">\n\n                    <div class=\"col-md-5 col-sm-12\">\r\n    <div class=\"job-info\">\r\n        <h4>\r\n            <a href=\"https:\/\/hunghau.vn\/vi\/jobs\/chuyen-vien-kinh-doanh-sat-thep-hop-kim\/\">\r\n                <span class=\"job-title\">Chuy\u00ean vi\u00ean Kinh doanh s\u1eaft th\u00e9p, h\u1ee3p kim<\/span>            <\/a>\r\n\r\n        <\/h4>\r\n            <\/div>\r\n<\/div>\r\n\r\n<!-- Start Job Type\r\n================================================== -->\r\n<div class=\"col-md-2 col-sm-4 col-xs-12\">    \r\n            <div class=\"job-type\"><i class=\"fa  fa-briefcase\"><\/i>C\u00f4ng ty TNHH T\u00e0i Nguy\u00ean Vi\u1ec5n \u0110\u00f4ng<\/div>\r\n     \r\n<\/div>\r\n<!-- ==================================================\r\nEnd Job Type -->\r\n\r\n\r\n<!-- Start Job's Location\r\n================================================== -->\r\n<div class=\"col-md-2 col-sm-4 col-xs-12\">\r\n    <\/div>\r\n<!-- ==================================================\r\nEnd Job's Location -->\r\n\r\n\r\n<!-- Start Job Posted Date\r\n================================================== -->\r\n<div class=\"col-md-3 col-sm-4 col-xs-12\">\r\n            <div class=\"job-date\"><i class=\"fa  fa-calendar-check\"><\/i>Posted 6 months ago<\/div>\r\n    <\/div>\r\n<!-- ==================================================\r\nEnd Job Posted Date -->\r\n\r\n                        \n                    <\/div> \n                <\/div>\n            <\/div>\n        <\/header>\n\n        \r\n    <!-- View more content start\r\n    ================================= -->\r\n    \r\n<!-- View long content start \r\n================================================== -->\r\n<div class=\"sjb_more_content\" id=\"sjb_more_content_10109\">\r\n        \r\n<!-- Start Job Features\r\n================================================== -->\r\n<div class=\"job-features\">\r\n            <h3>M\u00f4 t\u1ea3 c\u00f4ng vi\u1ec7c<\/h3>\r\n        \r\n    <table class=\"table\">\r\n        <tbody>\r\n            <tr><td style=\"padding: 8px;\">Job Category<\/td><td style=\"padding: 8px;\">C\u00f4ng ty TNHH T\u00e0i nguy\u00ean Vi\u1ec5n \u0110\u00f4ng<\/td><\/tr>\r\n                        <\/tbody>\r\n    <\/table>\r\n<\/div>\r\n<!-- ==================================================\r\nEnd Job Features -->\r\n\r\n<div class=\"clearfix\"><\/div>\r\n<\/div>\r\n<!-- ==================================================\r\nView long content end  -->\r\n\r\n    <!-- View more content end\r\n    ================================= -->\r\n\r\n    <!-- Start Job Short Description \r\n    ================================================== -->\r\n    <div class=\"job-description\">\r\n        <div id=\"sjb_less_content_10109\"><p><\/p><\/div><div class=\"sjb-apply-now-btn\"><p><p><a href=\"https:\/\/hunghau.vn\/vi\/jobs\/chuyen-vien-kinh-doanh-sat-thep-hop-kim\/\" class=\"btn btn-primary \">Chi ti\u1ebft<\/a><\/p><div class=\"sjb-view-less-btn\" id=\"sjb_view_less_btn_10109\"><a data-id=\"10109\" class=\"sjb_view_less_btn sjb_view_more_btn\">View less<\/a><\/div><\/p><\/div>    <\/div>\r\n    <!-- ==================================================\r\n    End Job Short Description  -->\r\n\r\n        <\/div>\n<\/div>\n<!-- ==================================================\nEnd Jobs List View -->\n\n<div class=\"clearfix\"><\/div>\n\n\n<!-- Start Jobs List View \n================================================== -->\n<div class=\"list-data\">\n    <div class=\"v1 sjb-job-10108\">   \n        \n        <!-- Jobs List view header -->\n        <header>\n            <div class=\"row\">\n                \r\n<!-- Start Company Logo\r\n================================================== -->\r\n<div class=\"col-md-1 col-sm-2 hidden-xs\">\r\n    <div class=\"company-logo\">\r\n        <a href=\"https:\/\/hunghau.vn\/vi\/jobs\/chuyen-vien-kinh-doanh-xang-dau\/\"><img decoding=\"async\" src=\"https:\/\/hunghau.vn\/wp-content\/plugins\/simple-job-board\/public\/images\/company.png\" alt=\"\" class=\"sjb-img-responsive \" id=\"\"\/><\/a>\r\n    <\/div>\r\n<\/div>\r\n\r\n<!-- ==================================================\r\nEnd Company Logo -->\r\n\r\n    \n                <div class=\"col-md-11 col-sm-12\">\n                    <div class=\"row sjb-list-row\">\n\n                    <div class=\"col-md-5 col-sm-12\">\r\n    <div class=\"job-info\">\r\n        <h4>\r\n            <a href=\"https:\/\/hunghau.vn\/vi\/jobs\/chuyen-vien-kinh-doanh-xang-dau\/\">\r\n                <span class=\"job-title\">Chuy\u00ean vi\u00ean Kinh doanh x\u0103ng d\u1ea7u<\/span>            <\/a>\r\n\r\n        <\/h4>\r\n            <\/div>\r\n<\/div>\r\n\r\n<!-- Start Job Type\r\n================================================== -->\r\n<div class=\"col-md-2 col-sm-4 col-xs-12\">    \r\n            <div class=\"job-type\"><i class=\"fa  fa-briefcase\"><\/i>C\u00f4ng ty TNHH T\u00e0i Nguy\u00ean Vi\u1ec5n \u0110\u00f4ng<\/div>\r\n     \r\n<\/div>\r\n<!-- ==================================================\r\nEnd Job Type -->\r\n\r\n\r\n<!-- Start Job's Location\r\n================================================== -->\r\n<div class=\"col-md-2 col-sm-4 col-xs-12\">\r\n    <\/div>\r\n<!-- ==================================================\r\nEnd Job's Location -->\r\n\r\n\r\n<!-- Start Job Posted Date\r\n================================================== -->\r\n<div class=\"col-md-3 col-sm-4 col-xs-12\">\r\n            <div class=\"job-date\"><i class=\"fa  fa-calendar-check\"><\/i>Posted 6 months ago<\/div>\r\n    <\/div>\r\n<!-- ==================================================\r\nEnd Job Posted Date -->\r\n\r\n                        \n                    <\/div> \n                <\/div>\n            <\/div>\n        <\/header>\n\n        \r\n    <!-- View more content start\r\n    ================================= -->\r\n    \r\n<!-- View long content start \r\n================================================== -->\r\n<div class=\"sjb_more_content\" id=\"sjb_more_content_10108\">\r\n        \r\n<!-- Start Job Features\r\n================================================== -->\r\n<div class=\"job-features\">\r\n            <h3>M\u00f4 t\u1ea3 c\u00f4ng vi\u1ec7c<\/h3>\r\n        \r\n    <table class=\"table\">\r\n        <tbody>\r\n            <tr><td style=\"padding: 8px;\">Job Category<\/td><td style=\"padding: 8px;\">C\u00f4ng ty TNHH T\u00e0i nguy\u00ean Vi\u1ec5n \u0110\u00f4ng<\/td><\/tr>\r\n                        <\/tbody>\r\n    <\/table>\r\n<\/div>\r\n<!-- ==================================================\r\nEnd Job Features -->\r\n\r\n<div class=\"clearfix\"><\/div>\r\n<\/div>\r\n<!-- ==================================================\r\nView long content end  -->\r\n\r\n    <!-- View more content end\r\n    ================================= -->\r\n\r\n    <!-- Start Job Short Description \r\n    ================================================== -->\r\n    <div class=\"job-description\">\r\n        <div id=\"sjb_less_content_10108\"><p><\/p><\/div><div class=\"sjb-apply-now-btn\"><p><p><a href=\"https:\/\/hunghau.vn\/vi\/jobs\/chuyen-vien-kinh-doanh-xang-dau\/\" class=\"btn btn-primary \">Chi ti\u1ebft<\/a><\/p><div class=\"sjb-view-less-btn\" id=\"sjb_view_less_btn_10108\"><a data-id=\"10108\" class=\"sjb_view_less_btn sjb_view_more_btn\">View less<\/a><\/div><\/p><\/div>    <\/div>\r\n    <!-- ==================================================\r\n    End Job Short Description  -->\r\n\r\n        <\/div>\n<\/div>\n<!-- ==================================================\nEnd Jobs List View -->\n\n<div class=\"clearfix\"><\/div>\n\n\n<!-- Start Jobs List View \n================================================== -->\n<div class=\"list-data\">\n    <div class=\"v1 sjb-job-10107\">   \n        \n        <!-- Jobs List view header -->\n        <header>\n            <div class=\"row\">\n                \r\n<!-- Start Company Logo\r\n================================================== -->\r\n<div class=\"col-md-1 col-sm-2 hidden-xs\">\r\n    <div class=\"company-logo\">\r\n        <a href=\"https:\/\/hunghau.vn\/vi\/jobs\/nhan-vien-ke-toan\/\"><img decoding=\"async\" src=\"https:\/\/hunghau.vn\/wp-content\/plugins\/simple-job-board\/public\/images\/company.png\" alt=\"\" class=\"sjb-img-responsive \" id=\"\"\/><\/a>\r\n    <\/div>\r\n<\/div>\r\n\r\n<!-- ==================================================\r\nEnd Company Logo -->\r\n\r\n    \n                <div class=\"col-md-11 col-sm-12\">\n                    <div class=\"row sjb-list-row\">\n\n                    <div class=\"col-md-5 col-sm-12\">\r\n    <div class=\"job-info\">\r\n        <h4>\r\n            <a href=\"https:\/\/hunghau.vn\/vi\/jobs\/nhan-vien-ke-toan\/\">\r\n                <span class=\"job-title\">Nh\u00e2n vi\u00ean K\u1ebf to\u00e1n<\/span>            <\/a>\r\n\r\n        <\/h4>\r\n            <\/div>\r\n<\/div>\r\n\r\n<!-- Start Job Type\r\n================================================== -->\r\n<div class=\"col-md-2 col-sm-4 col-xs-12\">    \r\n            <div class=\"job-type\"><i class=\"fa  fa-briefcase\"><\/i>C\u00f4ng ty TNHH T\u00e0i Nguy\u00ean Vi\u1ec5n \u0110\u00f4ng<\/div>\r\n     \r\n<\/div>\r\n<!-- ==================================================\r\nEnd Job Type -->\r\n\r\n\r\n<!-- Start Job's Location\r\n================================================== -->\r\n<div class=\"col-md-2 col-sm-4 col-xs-12\">\r\n    <\/div>\r\n<!-- ==================================================\r\nEnd Job's Location -->\r\n\r\n\r\n<!-- Start Job Posted Date\r\n================================================== -->\r\n<div class=\"col-md-3 col-sm-4 col-xs-12\">\r\n            <div class=\"job-date\"><i class=\"fa  fa-calendar-check\"><\/i>Posted 6 months ago<\/div>\r\n    <\/div>\r\n<!-- ==================================================\r\nEnd Job Posted Date -->\r\n\r\n                        \n                    <\/div> \n                <\/div>\n            <\/div>\n        <\/header>\n\n        \r\n    <!-- View more content start\r\n    ================================= -->\r\n    \r\n<!-- View long content start \r\n================================================== -->\r\n<div class=\"sjb_more_content\" id=\"sjb_more_content_10107\">\r\n        \r\n<!-- Start Job Features\r\n================================================== -->\r\n<div class=\"job-features\">\r\n            <h3>M\u00f4 t\u1ea3 c\u00f4ng vi\u1ec7c<\/h3>\r\n        \r\n    <table class=\"table\">\r\n        <tbody>\r\n            <tr><td style=\"padding: 8px;\">Job Category<\/td><td style=\"padding: 8px;\">C\u00f4ng ty TNHH T\u00e0i nguy\u00ean Vi\u1ec5n \u0110\u00f4ng<\/td><\/tr>\r\n                        <\/tbody>\r\n    <\/table>\r\n<\/div>\r\n<!-- ==================================================\r\nEnd Job Features -->\r\n\r\n<div class=\"clearfix\"><\/div>\r\n<\/div>\r\n<!-- ==================================================\r\nView long content end  -->\r\n\r\n    <!-- View more content end\r\n    ================================= -->\r\n\r\n    <!-- Start Job Short Description \r\n    ================================================== -->\r\n    <div class=\"job-description\">\r\n        <div id=\"sjb_less_content_10107\"><p><\/p><\/div><div class=\"sjb-apply-now-btn\"><p><p><a href=\"https:\/\/hunghau.vn\/vi\/jobs\/nhan-vien-ke-toan\/\" class=\"btn btn-primary \">Chi ti\u1ebft<\/a><\/p><div class=\"sjb-view-less-btn\" id=\"sjb_view_less_btn_10107\"><a data-id=\"10107\" class=\"sjb_view_less_btn sjb_view_more_btn\">View less<\/a><\/div><\/p><\/div>    <\/div>\r\n    <!-- ==================================================\r\n    End Job Short Description  -->\r\n\r\n        <\/div>\n<\/div>\n<!-- ==================================================\nEnd Jobs List View -->\n\n<div class=\"clearfix\"><\/div>\n\n\r\n    <\/div> <!-- end Jobs Listing: List View -->\r\n<\/div>\r\n<!-- End: Jobs Listing -->\r\n\r\n<div class=\"clearfix\"><\/div>\r\n<\/div>\r\n<!-- End: Jobs Listing Wrapper -->\r\n\r\n\n","protected":false},"excerpt":{"rendered":"","protected":false},"author":1,"featured_media":0,"parent":7803,"menu_order":0,"comment_status":"closed","ping_status":"closed","template":"","meta":{"h5ap_radio_sources":[],"footnotes":""},"class_list":["post-10052","page","type-page","status-publish","hentry"],"yoast_head":"<!-- This site is optimized with the Yoast SEO plugin v27.4 - https:\/\/yoast.com\/product\/yoast-seo-wordpress\/ -->\n<title>C\u00f4ng ty TNHH T\u00e0i nguy\u00ean Vi\u1ec5n \u0110\u00f4ng - HungHau Holdings<\/title>\n<meta name=\"robots\" content=\"index, follow, max-snippet:-1, max-image-preview:large, max-video-preview:-1\" \/>\n<link rel=\"canonical\" href=\"https:\/\/hunghau.vn\/vi\/tuyen-dung\/cong-ty-tnhh-tai-nguyen-vien-dong\/\" \/>\n<meta property=\"og:locale\" content=\"vi_VN\" \/>\n<meta property=\"og:type\" content=\"article\" \/>\n<meta property=\"og:title\" content=\"C\u00f4ng ty TNHH T\u00e0i nguy\u00ean Vi\u1ec5n \u0110\u00f4ng - HungHau Holdings\" \/>\n<meta property=\"og:url\" content=\"https:\/\/hunghau.vn\/vi\/tuyen-dung\/cong-ty-tnhh-tai-nguyen-vien-dong\/\" \/>\n<meta property=\"og:site_name\" content=\"HungHau Holdings\" \/>\n<meta name=\"twitter:card\" content=\"summary_large_image\" \/>\n<meta name=\"twitter:label1\" content=\"Est. reading time\" \/>\n\t<meta name=\"twitter:data1\" content=\"1 minute\" \/>\n<script type=\"application\/ld+json\" class=\"yoast-schema-graph\">{\"@context\":\"https:\\\/\\\/schema.org\",\"@graph\":[{\"@type\":\"WebPage\",\"@id\":\"https:\\\/\\\/hunghau.vn\\\/vi\\\/tuyen-dung\\\/cong-ty-tnhh-tai-nguyen-vien-dong\\\/\",\"url\":\"https:\\\/\\\/hunghau.vn\\\/vi\\\/tuyen-dung\\\/cong-ty-tnhh-tai-nguyen-vien-dong\\\/\",\"name\":\"C\u00f4ng ty TNHH T\u00e0i nguy\u00ean Vi\u1ec5n \u0110\u00f4ng - HungHau Holdings\",\"isPartOf\":{\"@id\":\"https:\\\/\\\/hunghau.vn\\\/#website\"},\"datePublished\":\"2025-11-05T02:32:24+00:00\",\"breadcrumb\":{\"@id\":\"https:\\\/\\\/hunghau.vn\\\/vi\\\/tuyen-dung\\\/cong-ty-tnhh-tai-nguyen-vien-dong\\\/#breadcrumb\"},\"inLanguage\":\"vi-VN\",\"potentialAction\":[{\"@type\":\"ReadAction\",\"target\":[\"https:\\\/\\\/hunghau.vn\\\/vi\\\/tuyen-dung\\\/cong-ty-tnhh-tai-nguyen-vien-dong\\\/\"]}]},{\"@type\":\"BreadcrumbList\",\"@id\":\"https:\\\/\\\/hunghau.vn\\\/vi\\\/tuyen-dung\\\/cong-ty-tnhh-tai-nguyen-vien-dong\\\/#breadcrumb\",\"itemListElement\":[{\"@type\":\"ListItem\",\"position\":1,\"name\":\"Home\",\"item\":\"https:\\\/\\\/hunghau.vn\\\/vi\\\/\"},{\"@type\":\"ListItem\",\"position\":2,\"name\":\"Tuy\u1ec3n d\u1ee5ng\",\"item\":\"https:\\\/\\\/hunghau.vn\\\/vi\\\/tuyen-dung\\\/\"},{\"@type\":\"ListItem\",\"position\":3,\"name\":\"C\u00f4ng ty TNHH T\u00e0i nguy\u00ean Vi\u1ec5n \u0110\u00f4ng\"}]},{\"@type\":\"WebSite\",\"@id\":\"https:\\\/\\\/hunghau.vn\\\/#website\",\"url\":\"https:\\\/\\\/hunghau.vn\\\/\",\"name\":\"HungHau Holdings\",\"description\":\"\u0110\u1ea1i h\u1ecdc V\u0103n Hi\u1ebfn, N\u0103ng l\u01b0\u1ee3ng HungHau, N\u00f4ng nghi\u1ec7p HungHau, Th\u1ef1c ph\u1ea9m HungHau\",\"potentialAction\":[{\"@type\":\"SearchAction\",\"target\":{\"@type\":\"EntryPoint\",\"urlTemplate\":\"https:\\\/\\\/hunghau.vn\\\/?s={search_term_string}\"},\"query-input\":{\"@type\":\"PropertyValueSpecification\",\"valueRequired\":true,\"valueName\":\"search_term_string\"}}],\"inLanguage\":\"vi-VN\"}]}<\/script>\n<!-- \/ Yoast SEO plugin. -->","yoast_head_json":{"title":"C\u00f4ng ty TNHH T\u00e0i nguy\u00ean Vi\u1ec5n \u0110\u00f4ng - HungHau Holdings","robots":{"index":"index","follow":"follow","max-snippet":"max-snippet:-1","max-image-preview":"max-image-preview:large","max-video-preview":"max-video-preview:-1"},"canonical":"https:\/\/hunghau.vn\/vi\/tuyen-dung\/cong-ty-tnhh-tai-nguyen-vien-dong\/","og_locale":"vi_VN","og_type":"article","og_title":"C\u00f4ng ty TNHH T\u00e0i nguy\u00ean Vi\u1ec5n \u0110\u00f4ng - HungHau Holdings","og_url":"https:\/\/hunghau.vn\/vi\/tuyen-dung\/cong-ty-tnhh-tai-nguyen-vien-dong\/","og_site_name":"HungHau Holdings","twitter_card":"summary_large_image","twitter_misc":{"Est. reading time":"1 minute"},"schema":{"@context":"https:\/\/schema.org","@graph":[{"@type":"WebPage","@id":"https:\/\/hunghau.vn\/vi\/tuyen-dung\/cong-ty-tnhh-tai-nguyen-vien-dong\/","url":"https:\/\/hunghau.vn\/vi\/tuyen-dung\/cong-ty-tnhh-tai-nguyen-vien-dong\/","name":"C\u00f4ng ty TNHH T\u00e0i nguy\u00ean Vi\u1ec5n \u0110\u00f4ng - HungHau Holdings","isPartOf":{"@id":"https:\/\/hunghau.vn\/#website"},"datePublished":"2025-11-05T02:32:24+00:00","breadcrumb":{"@id":"https:\/\/hunghau.vn\/vi\/tuyen-dung\/cong-ty-tnhh-tai-nguyen-vien-dong\/#breadcrumb"},"inLanguage":"vi-VN","potentialAction":[{"@type":"ReadAction","target":["https:\/\/hunghau.vn\/vi\/tuyen-dung\/cong-ty-tnhh-tai-nguyen-vien-dong\/"]}]},{"@type":"BreadcrumbList","@id":"https:\/\/hunghau.vn\/vi\/tuyen-dung\/cong-ty-tnhh-tai-nguyen-vien-dong\/#breadcrumb","itemListElement":[{"@type":"ListItem","position":1,"name":"Home","item":"https:\/\/hunghau.vn\/vi\/"},{"@type":"ListItem","position":2,"name":"Tuy\u1ec3n d\u1ee5ng","item":"https:\/\/hunghau.vn\/vi\/tuyen-dung\/"},{"@type":"ListItem","position":3,"name":"C\u00f4ng ty TNHH T\u00e0i nguy\u00ean Vi\u1ec5n \u0110\u00f4ng"}]},{"@type":"WebSite","@id":"https:\/\/hunghau.vn\/#website","url":"https:\/\/hunghau.vn\/","name":"HungHau Holdings","description":"\u0110\u1ea1i h\u1ecdc V\u0103n Hi\u1ebfn, N\u0103ng l\u01b0\u1ee3ng HungHau, N\u00f4ng nghi\u1ec7p HungHau, Th\u1ef1c ph\u1ea9m HungHau","potentialAction":[{"@type":"SearchAction","target":{"@type":"EntryPoint","urlTemplate":"https:\/\/hunghau.vn\/?s={search_term_string}"},"query-input":{"@type":"PropertyValueSpecification","valueRequired":true,"valueName":"search_term_string"}}],"inLanguage":"vi-VN"}]}},"_links":{"self":[{"href":"https:\/\/hunghau.vn\/vi\/wp-json\/wp\/v2\/pages\/10052","targetHints":{"allow":["GET"]}}],"collection":[{"href":"https:\/\/hunghau.vn\/vi\/wp-json\/wp\/v2\/pages"}],"about":[{"href":"https:\/\/hunghau.vn\/vi\/wp-json\/wp\/v2\/types\/page"}],"author":[{"embeddable":true,"href":"https:\/\/hunghau.vn\/vi\/wp-json\/wp\/v2\/users\/1"}],"replies":[{"embeddable":true,"href":"https:\/\/hunghau.vn\/vi\/wp-json\/wp\/v2\/comments?post=10052"}],"version-history":[{"count":1,"href":"https:\/\/hunghau.vn\/vi\/wp-json\/wp\/v2\/pages\/10052\/revisions"}],"predecessor-version":[{"id":10053,"href":"https:\/\/hunghau.vn\/vi\/wp-json\/wp\/v2\/pages\/10052\/revisions\/10053"}],"up":[{"embeddable":true,"href":"https:\/\/hunghau.vn\/vi\/wp-json\/wp\/v2\/pages\/7803"}],"wp:attachment":[{"href":"https:\/\/hunghau.vn\/vi\/wp-json\/wp\/v2\/media?parent=10052"}],"curies":[{"name":"wp","href":"https:\/\/api.w.org\/{rel}","templated":true}]}}